{"id":2005,"date":"2023-11-16T03:16:26","date_gmt":"2023-11-16T03:16:26","guid":{"rendered":"https:\/\/gentherm.com\/\/?page_id=2005"},"modified":"2024-02-01T18:11:59","modified_gmt":"2024-02-01T18:11:59","slug":"patient-temperature-management","status":"publish","type":"page","link":"https:\/\/gentherm.com\/de\/medical\/patient-temperature-management\/","title":{"rendered":"Patienten-Temperaturmanagement"},"content":{"rendered":"<section><!-- MEDICAL PRODUCT - HEADER --><\/p>\n<div class=\"container pt-5 pb-3\">\n<div class=\"row m-0 gentherm-wrapper-left lc-block\">\n<div class=\"col-12 col-lg-6 pt-5 order-2 order-xl-1\">\n<h1 class=\"section-title pb-5 translation-block\" editable=\"rich\">Patiententemperaturmanagement<\/h1>\n<p class=\"feature-content-text-sm text-dark\" editable=\"rich\">Das Patiententemperaturmanagement spielt eine entscheidende Rolle bei der Gew\u00e4hrleistung positiver Ergebnisse f\u00fcr den Patienten. Die Blanketrol-Patiententemperaturmanagementsysteme genie\u00dfen seit 60 Jahren das Vertrauen von Krankenh\u00e4usern. Diese erschwingliche L\u00f6sung kann in nahezu jeder Situation, in der eine Pflegekraft die K\u00f6rpertemperatur eines Patienten regulieren muss, verwendet werden.<\/p>\n<\/p><\/div>\n<div class=\"col-12 col-lg-5 offset-lg-1 pt-5 order-1 order-xl-2 p-0 d-flex justify-content-end align-items-end\">\n\t\t\t\t<img decoding=\"async\" src=\"\/wp-content\/uploads\/medical-patient-temp-mgmt-header.png\" alt=\"Advancing the Science of Battery Performance\" class=\"d-none d-md-block w-75\">\n\t\t\t<\/div>\n<\/p><\/div>\n<\/p><\/div>\n<\/section>\n<section>\n<div class=\"container-fluid pt-3\">\n<div class=\"container pt-3\">\n<div class=\"row m-0 gentherm-wrapper lc-block\">\n<div class=\"col-12 col-md-6\">\n<div class=\"feature-content-title translation-block\" editable=\"inline\">Temperaturmanagementprodukte<\/div>\n<\/p><\/div>\n<\/p><\/div>\n<\/p><\/div>\n<\/p><\/div>\n<\/section>\n<section> <!-- CONTENT SLIDER SECTION --><\/p>\n<div class=\"container-fluid m-0\">\n<div class=\"container\">\n<div class=\"row m-0 gentherm-wrapper\">\n<div class=\"swiper medicalSolutionsSlider\">\n<div class=\"swiperNav2\">\n<div class=\"swiper-button-next\"><\/div>\n<div class=\"swiper-button-prev\"><\/div>\n<\/p><\/div>\n<div class=\"swiper-wrapper pb-3 pb-md-5\">\n<div class=\"swiper-slide\">\n\t\t\t\t\t\t\t<a href=\"\/de\/medical\/blanketrol-3\/\" class=\"card mb-3\"><\/p>\n<div class=\"row g-0\">\n<div class=\"col-12 align-self-center text-start\">\n<div class=\"solutions-number\" editable=\"inline\">01<\/div>\n<div class=\"solutions-number-title translation-block\" editable=\"inline\">Blanketrol\u00ae III System<\/div>\n<div class=\"solutions-image-wrapper lc-block\">\n\t\t\t\t\t\t\t\t\t\t\t<img decoding=\"async\" src=\"\/wp-content\/uploads\/medical-product-thumb-blanketroll3.jpg\" class=\"img-fluid solutions-number-img\" alt=\"Blanketrol\u00ae III System\">\n\t\t\t\t\t\t\t\t\t\t<\/div>\n<\/p><\/div>\n<\/p><\/div>\n<p>\t\t\t\t\t\t\t<\/a>\n\t\t\t\t\t\t<\/div>\n<div class=\"swiper-slide\">\n\t\t\t\t\t\t\t<a href=\"\/de\/medical\/blanketrol-3\/#blankets-and-pads\" class=\"card mb-3\"><\/p>\n<div class=\"row g-0\">\n<div class=\"col-12 align-self-center text-start\">\n<div class=\"solutions-number\" editable=\"inline\">02<\/div>\n<div class=\"solutions-number-title\" editable=\"inline\">Decken &amp; Pads<\/div>\n<div class=\"solutions-image-wrapper lc-block\">\n\t\t\t\t\t\t\t\t\t\t\t<img decoding=\"async\" src=\"\/wp-content\/uploads\/medical-product-thumb-blankets-pads.jpg\" class=\"img-fluid solutions-number-img\" alt=\"Blankets and Pads\">\n\t\t\t\t\t\t\t\t\t\t<\/div>\n<\/p><\/div>\n<\/p><\/div>\n<p>\t\t\t\t\t\t\t<\/a>\n\t\t\t\t\t\t<\/div>\n<div class=\"swiper-slide\">\n\t\t\t\t\t\t\t<a href=\"\/de\/medical\/blanketrol-3\/#blanketrolcoolrepeat\" class=\"card mb-3\"><\/p>\n<div class=\"row g-0\"><\/div>\n<p>\t\t\t\t\t\t\t<\/a>\n\t\t\t\t\t\t<\/div>\n<\/p><\/div>\n<\/p><\/div>\n<\/p><\/div>\n<\/p><\/div>\n<\/p><\/div>\n<p>\t<script>\n\t\t\tvar medicalSolutionsSlider = new Swiper(\".medicalSolutionsSlider\", {\n\t\t\t\t\tslidesPerView: 1,\n\t\t\t\t\tspaceBetween: 10,\n\t\t\t\t\tnavigation: {\n\t\t\t\t\tnextEl: \".swiper-button-next\",\n\t\t\t\t\tprevEl: \".swiper-button-prev\",\n\t\t\t\t},\n\t\t\t\tbreakpoints: {\n\t\t\t\t\t640: {\n\t\t\t\t\tslidesPerView: 1,\n\t\t\t\t\tspaceBetween: 20,\n\t\t\t\t\t},\n\t\t\t\t\t768: {\n\t\t\t\t\tslidesPerView: 2,\n\t\t\t\t\tspaceBetween: 20,\n\t\t\t\t\t},\t\t\t  \n\t\t\t\t\t1024: {\n\t\t\t\t\tslidesPerView: 4,\n\t\t\t\t\tspaceBetween: 20,\n\t\t\t\t\t},\n\t\t\t\t},\n\t\t\t});\t\t\t\n\t\t<\/script><br \/>\n<\/section>\n<section><!-- Title on Left with Text on Right - Bottom Aligned --><\/p>\n<div class=\"container-fluid pt-3 py-md-5 bg-white\" id=\"ourdivisions\">\n<div class=\"container\">\n<div class=\"row m-0 gentherm-wrapper py-0 py-md-5\">\n<div class=\"col-12 col-md-6 align-self-end\">\n<div class=\"section-title lc-block\" editable=\"inline\">Momente des Einschlags<\/div>\n<\/p><\/div>\n<div class=\"col-12 col-md-6 align-self-end\">\n<p class=\"m-0 pe-md-5 py-3 py-md-0 lc-block\" editable=\"rich\">The stories of the lives we&#8217;ve impacted with our temperature management technology. These Moments of Impact remind us how critical our solutions are to helping medical professionals save lives.<\/p>\n<\/p><\/div>\n<\/p><\/div>\n<\/p><\/div>\n<\/p><\/div>\n<\/section>\n<section class=\"gentherm-wrapper py-5\"><!-- FULL WIDTH VIMEO - VIDEO CONTAINER --><\/p>\n<div class=\"container\">\n<div class=\"row\">\n<div class=\"col-md-12\">\n<div class=\"lc-block gentherm-wrapper\">\n<div class=\"ratio ratio-16x9\" lc-helper=\"video-embed\">\n\t\t\t\t\t\t<iframe loading=\"lazy\" src=\"https:\/\/player.vimeo.com\/video\/854809342?h=88bedc1852&amp;amp;dnt=1&amp;amp;app_id=122963\"><\/iframe>\n\t\t\t\t\t<\/div>\n<\/p><\/div>\n<\/p><\/div>\n<\/p><\/div>\n<\/p><\/div>\n<\/section>\n<section><!-- CONTENT BLOCK - BIG WORD NAVIGATION --><\/p>\n<div class=\"container-fluid py-5  bg-brand-ltgrey\">\n<div class=\"row lc-block\" id=\"bigwordswrapper\">\n<div class=\"col-12 d-flex align-items-center justify-content-center\" style=\"position: relative;\">\n<ul class=\"bigwords\">\n<li class=\"translation-block\">Patiententemperaturmanagement<\/li>\n<li class=\"translation-block\">Patientenw\u00e4rmung<\/li>\n<li><a href=\"#\" editable=\"inline\" id=\"localized-therapy\" class=\"\">Lokalisierte Therapie<\/a><\/li>\n<li><a href=\"#\" editable=\"inline\" id=\"blood-fluid-temperature-control\">Blood\/Fluid<br \/>Temperature Management<\/a><\/li>\n<\/ul>\n<p>\t\t\t\t<a href=\"#\" id=\"bigwordsthumbnail\"><img alt=\"\"><\/a>\n\t\t\t<\/div>\n<\/p><\/div>\n<\/p><\/div>\n<p>\t<script src=\"https:\/\/ajax.googleapis.com\/ajax\/libs\/jquery\/3.2.1\/jquery.min.js\"><\/script><br \/>\n\t<script>\n\tjQuery(document).ready(function() {\n\t\tjQuery(\"ul.bigwords li a\").hover(function(){\n\t\t\tjQuery(this).attr('href','\/medical\/'+jQuery(this).attr(\"id\")+'\/');\t\t\t\n\/\/\t\t\tjQuery(\"#bigwordsthumbnail img\").attr('src','\/wp-content\/uploads\/bigwords-thumb-'+jQuery(this).attr(\"id\")+'.jpg');\n\/\/\t\t\tjQuery(\"#bigwordsthumbnail\").attr('href','\/automotive\/'+jQuery(this).attr(\"id\")+'\/');\n\/\/\t\t  \t\tjQuery(\"#bigwordsthumbnail\").show();\n\t\t});<\/p>\n<p>\/\/\t\tjQuery(\"#bigwordswrapper\").mouseleave(function(){\n\/\/\t\t\tjQuery(\"#bigwordsthumbnail\").hide();\n\/\/\t\t});\n\t});\n<\/script><br \/>\n<\/section>\n<section>\n<div lc-helper=\"shortcode\" class=\"live-shortcode\"><section> <!-- CAREERS SECTION -->\r\n\t<div class=\"container-fluid m-0 p-0 bg-brand-purple py-4\" id=\"careers\">\r\n\t\t<div class=\"container\">\r\n\t\t\t<div class=\"row m-0 gentherm-wrapper-left\">\r\n\t\t\t\t<!-- <div class=\"col-12 col-md-2 d-none d-md-block career-spacer-start\"><\/div> -->\r\n\t\t\t\t<div class=\"col-12 col-md-8\">\r\n\t\t\t\t\t<div class=\"row\">\r\n\t\t\t\t\t\t<div class=\"col-12 text-white lc-block\">\r\n\t\t\t\t\t\t\t<div class=\"section-title py-4 translation-block\">Werde Teil von uns<\/div>\r\n\t\t\t\t\t\t<\/div>\r\n\t\t\t\t\t<\/div>\r\n\t\t\t\t\t<div class=\"row text-white\">\r\n\t\t\t\t\t\t<div class=\"col-12 col-md-4 lc-block\">\r\n\t\t\t\t\t\t\t<div class=\"content-title p-3\">Opportunity To<br class=\"dOnly\"> The Next Degree<\/div>\r\n\t\t\t\t\t\t<\/div>\r\n\t\t\t\t\t\t<div class=\"col-12 col-md-8 text-white lc-block\">\r\n\t\t\t\t\t\t\t<div class=\"p-3 careers-text\">\r\n\t\t\t\t\t\t\t\t<p class=\"ps-3\">Unsere Mitarbeiterinnen und Mitarbeiter sind die treibende Kraft f\u00fcr neue Ideen und die Technologie von morgen.<\/p>\r\n\t\t\t\t\t\t\t\t<p class=\"ps-3\"><a href=\"\/de\/careers\/\" class=\"btn-with-arrow-white\">Karriereseite<\/a><\/p>\r\n\t\t\t\t\t\t\t<\/div>\r\n\t\t\t\t\t\t<\/div>\r\n\t\t\t\t\t<\/div>\r\n\t\t\t\t<\/div>\r\n\t\t\t\t<div class=\"col-12 col-md-4 d-flex align-items-end flex-column p-0\">\r\n\t\t\t\t\t<img decoding=\"async\" src=\"\/wp-content\/uploads\/home-careers.png\" class=\"\" alt=\"Work With Us\" style=\"padding: 36px 0 50px 0;\">\r\n\t\t\t\t<\/div>\r\n\t\t\t<\/div>\r\n\t\t<\/div>\r\n\t<\/div>\r\n<\/section><\/div>\n<\/section>","protected":false},"excerpt":{"rendered":"<p>Patient Temperature Management Patient temperature management plays a critical role in ensuring positive patient outcomes. Trusted by hospitals for over 60 years, the Blanketrol family of patient temperature management devices are the affordable, trusted solution to be used in nearly any situation where a caregiver needs to reduce, maintain or elevate a patient\u2019s temperature. TemperatureManagementProducts [&hellip;]<\/p>","protected":false},"author":1,"featured_media":0,"parent":681,"menu_order":0,"comment_status":"closed","ping_status":"closed","template":"page-templates\/page-blank-black-nav.php","meta":{"_acf_changed":false,"footnotes":""},"class_list":["post-2005","page","type-page","status-publish","hentry"],"acf":[],"yoast_head":"<!-- This site is optimized with the Yoast SEO Premium plugin v24.4 (Yoast SEO v26.5) - https:\/\/yoast.com\/wordpress\/plugins\/seo\/ -->\n<title>Patient Temperature Management Products - Gentherm Medical<\/title>\n<meta name=\"description\" content=\"Optimize patient outcomes with the Blanketrol family of patient temperature management devices, trusted by hospitals for over 60 years.\" \/>\n<meta name=\"robots\" content=\"index, follow, max-snippet:-1, max-image-preview:large, max-video-preview:-1\" \/>\n<link rel=\"canonical\" href=\"https:\/\/gentherm.com\/de\/medical\/patient-temperature-management\/\" \/>\n<meta property=\"og:locale\" content=\"de_DE\" \/>\n<meta property=\"og:type\" content=\"article\" \/>\n<meta property=\"og:title\" content=\"Patient Temperature Management\" \/>\n<meta property=\"og:description\" content=\"Optimize patient outcomes with the Blanketrol family of patient temperature management devices, trusted by hospitals for over 60 years.\" \/>\n<meta property=\"og:url\" content=\"https:\/\/gentherm.com\/de\/medical\/patient-temperature-management\/\" \/>\n<meta property=\"og:site_name\" content=\"Gentherm\" \/>\n<meta property=\"article:publisher\" content=\"https:\/\/www.facebook.com\/Gentherm\" \/>\n<meta property=\"article:modified_time\" content=\"2024-02-01T18:11:59+00:00\" \/>\n<meta name=\"twitter:card\" content=\"summary_large_image\" \/>\n<meta name=\"twitter:site\" content=\"@Gentherm\" \/>\n<meta name=\"twitter:label1\" content=\"Gesch\u00e4tzte Lesezeit\" \/>\n\t<meta name=\"twitter:data1\" content=\"2\u00a0Minuten\" \/>\n<script type=\"application\/ld+json\" class=\"yoast-schema-graph\">{\"@context\":\"https:\/\/schema.org\",\"@graph\":[{\"@type\":\"WebPage\",\"@id\":\"https:\/\/gentherm.com\/en\/medical\/patient-temperature-management\/\",\"url\":\"https:\/\/gentherm.com\/en\/medical\/patient-temperature-management\/\",\"name\":\"Patient Temperature Management Products - Gentherm Medical\",\"isPartOf\":{\"@id\":\"https:\/\/gentherm.com\/zh-hans\/#website\"},\"datePublished\":\"2023-11-16T03:16:26+00:00\",\"dateModified\":\"2024-02-01T18:11:59+00:00\",\"description\":\"Optimize patient outcomes with the Blanketrol family of patient temperature management devices, trusted by hospitals for over 60 years.\",\"breadcrumb\":{\"@id\":\"https:\/\/gentherm.com\/en\/medical\/patient-temperature-management\/#breadcrumb\"},\"inLanguage\":\"de\",\"potentialAction\":[{\"@type\":\"ReadAction\",\"target\":[\"https:\/\/gentherm.com\/en\/medical\/patient-temperature-management\/\"]}]},{\"@type\":\"BreadcrumbList\",\"@id\":\"https:\/\/gentherm.com\/en\/medical\/patient-temperature-management\/#breadcrumb\",\"itemListElement\":[{\"@type\":\"ListItem\",\"position\":1,\"name\":\"Home\",\"item\":\"https:\/\/gentherm.com\/en\/\"},{\"@type\":\"ListItem\",\"position\":2,\"name\":\"Medical\",\"item\":\"https:\/\/gentherm.com\/en\/medical\/\"},{\"@type\":\"ListItem\",\"position\":3,\"name\":\"Patient Temperature Management\"}]},{\"@type\":\"WebSite\",\"@id\":\"https:\/\/gentherm.com\/zh-hans\/#website\",\"url\":\"https:\/\/gentherm.com\/zh-hans\/\",\"name\":\"Gentherm\",\"description\":\"\",\"publisher\":{\"@id\":\"https:\/\/gentherm.com\/zh-hans\/#organization\"},\"potentialAction\":[{\"@type\":\"SearchAction\",\"target\":{\"@type\":\"EntryPoint\",\"urlTemplate\":\"https:\/\/gentherm.com\/zh-hans\/?s={search_term_string}\"},\"query-input\":{\"@type\":\"PropertyValueSpecification\",\"valueRequired\":true,\"valueName\":\"search_term_string\"}}],\"inLanguage\":\"de\"},{\"@type\":\"Organization\",\"@id\":\"https:\/\/gentherm.com\/zh-hans\/#organization\",\"name\":\"Gentherm\",\"url\":\"https:\/\/gentherm.com\/zh-hans\/\",\"logo\":{\"@type\":\"ImageObject\",\"inLanguage\":\"de\",\"@id\":\"https:\/\/gentherm.com\/zh-hans\/#\/schema\/logo\/image\/\",\"url\":\"https:\/\/gentherm.com\/wp-content\/uploads\/B_Gentherm_Wordmark-7.png\",\"contentUrl\":\"https:\/\/gentherm.com\/wp-content\/uploads\/B_Gentherm_Wordmark-7.png\",\"width\":2293,\"height\":261,\"caption\":\"Gentherm\"},\"image\":{\"@id\":\"https:\/\/gentherm.com\/zh-hans\/#\/schema\/logo\/image\/\"},\"sameAs\":[\"https:\/\/www.facebook.com\/Gentherm\",\"https:\/\/x.com\/Gentherm\",\"https:\/\/www.instagram.com\/gentherminc\/\",\"https:\/\/www.linkedin.com\/company\/2545469\",\"https:\/\/www.youtube.com\/channel\/UCutcYediaV7Jqdj1hyIUp5w\"]}]}<\/script>\n<!-- \/ Yoast SEO Premium plugin. -->","yoast_head_json":{"title":"Patient Temperature Management Products - Gentherm Medical","description":"Optimize patient outcomes with the Blanketrol family of patient temperature management devices, trusted by hospitals for over 60 years.","robots":{"index":"index","follow":"follow","max-snippet":"max-snippet:-1","max-image-preview":"max-image-preview:large","max-video-preview":"max-video-preview:-1"},"canonical":"https:\/\/gentherm.com\/de\/medical\/patient-temperature-management\/","og_locale":"de_DE","og_type":"article","og_title":"Patient Temperature Management","og_description":"Optimize patient outcomes with the Blanketrol family of patient temperature management devices, trusted by hospitals for over 60 years.","og_url":"https:\/\/gentherm.com\/de\/medical\/patient-temperature-management\/","og_site_name":"Gentherm","article_publisher":"https:\/\/www.facebook.com\/Gentherm","article_modified_time":"2024-02-01T18:11:59+00:00","twitter_card":"summary_large_image","twitter_site":"@Gentherm","twitter_misc":{"Gesch\u00e4tzte Lesezeit":"2\u00a0Minuten"},"schema":{"@context":"https:\/\/schema.org","@graph":[{"@type":"WebPage","@id":"https:\/\/gentherm.com\/en\/medical\/patient-temperature-management\/","url":"https:\/\/gentherm.com\/en\/medical\/patient-temperature-management\/","name":"Patient Temperature Management Products - Gentherm Medical","isPartOf":{"@id":"https:\/\/gentherm.com\/zh-hans\/#website"},"datePublished":"2023-11-16T03:16:26+00:00","dateModified":"2024-02-01T18:11:59+00:00","description":"Optimize patient outcomes with the Blanketrol family of patient temperature management devices, trusted by hospitals for over 60 years.","breadcrumb":{"@id":"https:\/\/gentherm.com\/en\/medical\/patient-temperature-management\/#breadcrumb"},"inLanguage":"de","potentialAction":[{"@type":"ReadAction","target":["https:\/\/gentherm.com\/en\/medical\/patient-temperature-management\/"]}]},{"@type":"BreadcrumbList","@id":"https:\/\/gentherm.com\/en\/medical\/patient-temperature-management\/#breadcrumb","itemListElement":[{"@type":"ListItem","position":1,"name":"Home","item":"https:\/\/gentherm.com\/en\/"},{"@type":"ListItem","position":2,"name":"Medical","item":"https:\/\/gentherm.com\/en\/medical\/"},{"@type":"ListItem","position":3,"name":"Patient Temperature Management"}]},{"@type":"WebSite","@id":"https:\/\/gentherm.com\/zh-hans\/#website","url":"https:\/\/gentherm.com\/zh-hans\/","name":"Gentherm","description":"","publisher":{"@id":"https:\/\/gentherm.com\/zh-hans\/#organization"},"potentialAction":[{"@type":"SearchAction","target":{"@type":"EntryPoint","urlTemplate":"https:\/\/gentherm.com\/zh-hans\/?s={search_term_string}"},"query-input":{"@type":"PropertyValueSpecification","valueRequired":true,"valueName":"search_term_string"}}],"inLanguage":"de"},{"@type":"Organization","@id":"https:\/\/gentherm.com\/zh-hans\/#organization","name":"Gentherm","url":"https:\/\/gentherm.com\/zh-hans\/","logo":{"@type":"ImageObject","inLanguage":"de","@id":"https:\/\/gentherm.com\/zh-hans\/#\/schema\/logo\/image\/","url":"https:\/\/gentherm.com\/wp-content\/uploads\/B_Gentherm_Wordmark-7.png","contentUrl":"https:\/\/gentherm.com\/wp-content\/uploads\/B_Gentherm_Wordmark-7.png","width":2293,"height":261,"caption":"Gentherm"},"image":{"@id":"https:\/\/gentherm.com\/zh-hans\/#\/schema\/logo\/image\/"},"sameAs":["https:\/\/www.facebook.com\/Gentherm","https:\/\/x.com\/Gentherm","https:\/\/www.instagram.com\/gentherminc\/","https:\/\/www.linkedin.com\/company\/2545469","https:\/\/www.youtube.com\/channel\/UCutcYediaV7Jqdj1hyIUp5w"]}]}},"_links":{"self":[{"href":"https:\/\/gentherm.com\/de\/wp-json\/wp\/v2\/pages\/2005","targetHints":{"allow":["GET"]}}],"collection":[{"href":"https:\/\/gentherm.com\/de\/wp-json\/wp\/v2\/pages"}],"about":[{"href":"https:\/\/gentherm.com\/de\/wp-json\/wp\/v2\/types\/page"}],"author":[{"embeddable":true,"href":"https:\/\/gentherm.com\/de\/wp-json\/wp\/v2\/users\/1"}],"replies":[{"embeddable":true,"href":"https:\/\/gentherm.com\/de\/wp-json\/wp\/v2\/comments?post=2005"}],"version-history":[{"count":36,"href":"https:\/\/gentherm.com\/de\/wp-json\/wp\/v2\/pages\/2005\/revisions"}],"predecessor-version":[{"id":3846,"href":"https:\/\/gentherm.com\/de\/wp-json\/wp\/v2\/pages\/2005\/revisions\/3846"}],"up":[{"embeddable":true,"href":"https:\/\/gentherm.com\/de\/wp-json\/wp\/v2\/pages\/681"}],"wp:attachment":[{"href":"https:\/\/gentherm.com\/de\/wp-json\/wp\/v2\/media?parent=2005"}],"curies":[{"name":"wp","href":"https:\/\/api.w.org\/{rel}","templated":true}]}}