{"id":2161,"date":"2023-11-29T16:08:57","date_gmt":"2023-11-29T16:08:57","guid":{"rendered":"https:\/\/gentherm.com\/\/?page_id=2161"},"modified":"2025-09-15T18:07:29","modified_gmt":"2025-09-15T18:07:29","slug":"fluid-systems","status":"publish","type":"page","link":"https:\/\/gentherm.com\/de\/mobility\/fluid-systems\/","title":{"rendered":"Ventiltechnologie"},"content":{"rendered":"<section>\n<div class=\"container pt-5 pb-3\">\n<div class=\"row m-0 gentherm-wrapper-left lc-block\">\n<div class=\"col-12 col-xl-6 pt-5 order-2 order-xl-1\">\n<h1 class=\"section-title\" editable=\"rich\">Fluid<br \/>Systems<\/h1>\n<div class=\"feature-subhead py-4 translation-block\" editable=\"rich\">Fluid-Systems in Pr\u00e4zesion<\/div>\n<p class=\"feature-content-text-sm\" editable=\"rich\">Entwickelt und gefertigt mit umfassender Expertise in fortschrittlicher Spritzgusstechnik sowie mit innovativer SMA-Aktuierung ausgestattet, bieten die Ventile von Gentherm f\u00fcr Medium-Kreisl\u00e4ufe im Fahrzeug intelligente L\u00f6sungen f\u00fcr verschiedene Anwendungen. Dazu z\u00e4hlen beispielsweise das Kraftstoffmanagement, Motorsysteme und die Bremskraftverst\u00e4rkung.\n\t\t\t\t<\/p>\n<\/p><\/div>\n<div class=\"col-12 col-xl-6 pt-5 order-1 order-xl-2 p-0\">\n\t\t\t\t<img loading=\"lazy\" decoding=\"async\" src=\"https:\/\/gentherm.com\/\/wp-content\/uploads\/Fluid-Systems.png\" alt=\"Fluid Systems\" class=\"d-none d-xl-block wp-image-2805\" width=\"677\" height=\"677\" srcset=\"https:\/\/gentherm.com\/\/wp-content\/uploads\/Fluid-Systems.png 677w, https:\/\/gentherm.com\/\/wp-content\/uploads\/Fluid-Systems-300x300.png 300w, https:\/\/gentherm.com\/\/wp-content\/uploads\/Fluid-Systems-150x150.png 150w, https:\/\/gentherm.com\/\/wp-content\/uploads\/Fluid-Systems-12x12.png 12w\" sizes=\"auto, (max-width: 677px) 100vw, 677px\"><br \/>\n\t\t\t\t<img decoding=\"async\" src=\"\/wp-content\/uploads\/automotive-fluidsystems-main-m.jpg \" alt=\"Fluid Systems\" class=\"d-block d-xl-none\">\n\t\t\t<\/div>\n<\/p><\/div>\n<\/p><\/div>\n<\/section>\n<section><!-- CONTENT BLOCK - TITLE TEXT IMAGE LEFT WITH NUMBER --><\/p>\n<div class=\"container py-0 py-xl-5 position-relative\">\n<div class=\"row m-0 gentherm-wrapper-left feature-content-border-right-half lc-block\">\n<div class=\"col-12 col-xl-5 order-1 order-xl-1 d-flex align-items-start\" style=\"position: relative;\">\n\t\t\t\t<img loading=\"lazy\" decoding=\"async\" src=\"https:\/\/gentherm.com\/\/wp-content\/uploads\/Advanced-Fuel-Management-1.png\" alt=\"\" width=\"677\" height=\"677\" srcset=\"https:\/\/gentherm.com\/\/wp-content\/uploads\/Advanced-Fuel-Management-1.png 677w, https:\/\/gentherm.com\/\/wp-content\/uploads\/Advanced-Fuel-Management-1-300x300.png 300w, https:\/\/gentherm.com\/\/wp-content\/uploads\/Advanced-Fuel-Management-1-150x150.png 150w, https:\/\/gentherm.com\/\/wp-content\/uploads\/Advanced-Fuel-Management-1-12x12.png 12w\" sizes=\"auto, (max-width: 677px) 100vw, 677px\" class=\"img-fluid feature-content-img wp-image-3521\">\n\t\t\t<\/div>\n<div class=\"col-12 col-xl-5 offset-xl-1 order-2 order-xl-2 d-flex justify-content-end lc-block\" style=\"position: relative;\">\n<div class=\"feature-content-left-offset pt-0 pt-xl-5\" style=\"position: relative;\">\n<div class=\"feature-subhead\" editable=\"rich\" style=\"display: inline-block\">Modernstes Kraftstoffmanagement<\/div>\n<p class=\"feature-content-text-fw\" editable=\"rich\">\n\t\t\t\t\t\tUnsere ma\u00dfgeschneiderten Systeme f\u00fcr das Bef\u00fcllen und die regulierbare Bel\u00fcftung von Kraftstofftanks sind als modulare Komponenten konzipiert, um erforderliche Anpassungen zur Einhaltung aktueller und zuk\u00fcnftiger Emissionsstandards zu erleichtern. Neben den essenziellen Funktionen im Bereich des Kraftstoffmanagements gew\u00e4hrleisten unsere L\u00f6sungen auch den negativen Druck in Servoassistenzsystemen, steuern Vakuumpumpen und bieten integrierte Unterst\u00fctzungsfunktionen f\u00fcr Hybrid- und Elektrofahrzeuge.\n\t\t\t\t\t<\/p>\n<\/p><\/div>\n<\/p><\/div>\n<div class=\"col-12 col-xl-1 order-1 order-xl-3\">\n<div class=\"feature-content-number-right pt-5\" editable=\"rich\">01<\/div>\n<\/p><\/div>\n<\/p><\/div>\n<\/p><\/div>\n<\/section>\n<section data-aos=\"fade-up\"><!-- CONTENT BLOCK - TITLE TEXT IMAGE RIGHT WITH NUMBER --><\/p>\n<div class=\"container py-0 py-xl-5 position-relative\">\n<div class=\"row m-0 gentherm-wrapper feature-content-border-left-half\">\n<div class=\"col-12 col-xl-6 order-2 order-xl-1\">\n<div class=\"feature-content feature-border-top pt-5 lc-block\" style=\"position: relative;\">\n<div class=\"feature-content-number-left\" editable=\"rich\">02<\/div>\n<div class=\"feature-subhead\" editable=\"rich\" style=\"display: inline-block\">Kontrollierter Luftstrom<\/div>\n<p class=\"feature-content-text-fw\" editable=\"rich\">\n\t\t\t\t\t\tEntwickelt aus einer Kombination von Haltbarkeit und \u00fcberragender thermischer Stabilit\u00e4t, sind unsere speziellen Aktuatoren die ideale Wahl f\u00fcr moderne, fortschrittliche Motorsysteme. Sie erf\u00fcllen wesentliche Funktionen, angefangen bei der Kurbelgeh\u00e4useentl\u00fcftung \u00fcber die K\u00fchlung von Klimaanlagen und Elektronik bis hin zu verschiedenen Anwendungen im Bereich des thermischen Managements.\n\t\t\t\t\t<\/p>\n<\/p><\/div>\n<\/p><\/div>\n<div class=\"col-12 col-xl-5 offset-xl-1 order-1 order-xl-2 d-flex align-items-end justify-content-end\" style=\"position: relative;\">\n\t\t\t\t<img decoding=\"async\" src=\"https:\/\/gentherm.com\/\/wp-content\/uploads\/Controlled-Air-Flow.png\" alt=\"\" width=\"677\" height=\"677\" srcset=\"https:\/\/gentherm.com\/\/wp-content\/uploads\/Controlled-Air-Flow.png 677w, https:\/\/gentherm.com\/\/wp-content\/uploads\/Controlled-Air-Flow-300x300.png 300w, https:\/\/gentherm.com\/\/wp-content\/uploads\/Controlled-Air-Flow-150x150.png 150w, https:\/\/gentherm.com\/\/wp-content\/uploads\/Controlled-Air-Flow-12x12.png 12w\" sizes=\"auto, (max-width: 677px) 100vw, 677px\" class=\"img-fluid feature-content-img wp-image-2810\" loading=\"lazy\">\n\t\t\t<\/div>\n<\/p><\/div>\n<\/p><\/div>\n<\/section>\n<section class=\"bg-brand-dkgrey\"><!-- CONTENT BLOCK - BIG WORD NAVIGATION --><\/p>\n<div class=\"container-fluid py-5\">\n<div class=\"row lc-block\" id=\"bigwordswrapper\">\n<div class=\"col-12 d-flex align-items-center justify-content-center\" style=\"position: relative;\">\n<ul class=\"bigwords\">\n<li><a href=\"#\" editable=\"inline\" id=\"climate-comfort\">Klima und Komfort<\/a><\/li>\n<li><a href=\"#\" editable=\"inline\" id=\"electronics-cables\">Elektronik und\nKabel<\/a><\/li>\n<li><a href=\"#\" editable=\"inline\" id=\"climatesense\">ClimateSense\u00ae<\/a><\/li>\n<li><a href=\"#\" editable=\"inline\" id=\"battery-performance-solutions\">Battery Performance Solutions<\/a><\/li>\n<li><a href=\"#\" editable=\"inline\" id=\"fluid-systems\" class=\"text-cyan\">Ventiltechnologie<\/a><\/li>\n<li><a href=\"#\" editable=\"inline\" id=\"wellsense\">WellSense\u2122<\/a><\/li>\n<\/ul>\n<p>\t\t\t\t<a href=\"#\" id=\"bigwordsthumbnail\"><img alt=\"\"><\/a>\n\t\t\t<\/div>\n<\/p><\/div>\n<\/p><\/div>\n<p>\t<script src=\"https:\/\/ajax.googleapis.com\/ajax\/libs\/jquery\/3.2.1\/jquery.min.js\"><\/script><br \/>\n\t<script>\n\tjQuery(document).ready(function() {\n\t\tjQuery(\"ul.bigwords li a\").hover(function(){\n\t\t\tjQuery(this).attr('href','\/automotive\/'+jQuery(this).attr(\"id\")+'\/');\t\t\t\n\/\/\t\t\tjQuery(\"#bigwordsthumbnail img\").attr('src','\/wp-content\/uploads\/bigwords-thumb-'+jQuery(this).attr(\"id\")+'.jpg');\n\/\/\t\t\tjQuery(\"#bigwordsthumbnail\").attr('href','\/automotive\/'+jQuery(this).attr(\"id\")+'\/');\n\/\/\t\t  \t\tjQuery(\"#bigwordsthumbnail\").show();\n\t\t});<\/p>\n<p>\/\/\t\tjQuery(\"#bigwordswrapper\").mouseleave(function(){\n\/\/\t\t\tjQuery(\"#bigwordsthumbnail\").hide();\n\/\/\t\t});\n\t});\n<\/script><br \/>\n<\/section>\n<section>\n<div lc-helper=\"shortcode\" class=\"live-shortcode\"><section> <!-- CAREERS SECTION -->\r\n\t<div class=\"container-fluid m-0 p-0 bg-brand-purple py-4\" id=\"careers\">\r\n\t\t<div class=\"container\">\r\n\t\t\t<div class=\"row m-0 gentherm-wrapper-left\">\r\n\t\t\t\t<!-- <div class=\"col-12 col-md-2 d-none d-md-block career-spacer-start\"><\/div> -->\r\n\t\t\t\t<div class=\"col-12 col-md-8\">\r\n\t\t\t\t\t<div class=\"row\">\r\n\t\t\t\t\t\t<div class=\"col-12 text-white lc-block\">\r\n\t\t\t\t\t\t\t<div class=\"section-title py-4 translation-block\">Werde Teil von uns<\/div>\r\n\t\t\t\t\t\t<\/div>\r\n\t\t\t\t\t<\/div>\r\n\t\t\t\t\t<div class=\"row text-white\">\r\n\t\t\t\t\t\t<div class=\"col-12 col-md-4 lc-block\">\r\n\t\t\t\t\t\t\t<div class=\"content-title p-3\">Opportunity To<br class=\"dOnly\"> The Next Degree<\/div>\r\n\t\t\t\t\t\t<\/div>\r\n\t\t\t\t\t\t<div class=\"col-12 col-md-8 text-white lc-block\">\r\n\t\t\t\t\t\t\t<div class=\"p-3 careers-text\">\r\n\t\t\t\t\t\t\t\t<p class=\"ps-3\">Unsere Mitarbeiterinnen und Mitarbeiter sind die treibende Kraft f\u00fcr neue Ideen und die Technologie von morgen.<\/p>\r\n\t\t\t\t\t\t\t\t<p class=\"ps-3\"><a href=\"\/de\/careers\/\" class=\"btn-with-arrow-white\">Karriereseite<\/a><\/p>\r\n\t\t\t\t\t\t\t<\/div>\r\n\t\t\t\t\t\t<\/div>\r\n\t\t\t\t\t<\/div>\r\n\t\t\t\t<\/div>\r\n\t\t\t\t<div class=\"col-12 col-md-4 d-flex align-items-end flex-column p-0\">\r\n\t\t\t\t\t<img decoding=\"async\" src=\"\/wp-content\/uploads\/home-careers.png\" class=\"\" alt=\"Work With Us\" style=\"padding: 36px 0 50px 0;\">\r\n\t\t\t\t<\/div>\r\n\t\t\t<\/div>\r\n\t\t<\/div>\r\n\t<\/div>\r\n<\/section><\/div>\n<\/section>","protected":false},"excerpt":{"rendered":"<p>FluidSystems Precision AutomotiveFluid Systems Designed and developed with our extensive expertise in advanced injection molding and innovative valve technology like SMA actuating, Gentherm\u2019s Automotive Fluid System Valves provide intelligent solutions for a variety of critical applications including Fuel Management, Engine Systems, and Brake Vacuum Support. Advanced Fuel Management Our customized fuel tank filling, regulation ventilation [&hellip;]<\/p>","protected":false},"author":1,"featured_media":0,"parent":433,"menu_order":0,"comment_status":"closed","ping_status":"closed","template":"page-templates\/page-blank-dark.php","meta":{"_acf_changed":false,"footnotes":""},"class_list":["post-2161","page","type-page","status-publish","hentry"],"acf":[],"yoast_head":"<!-- This site is optimized with the Yoast SEO Premium plugin v24.4 (Yoast SEO v26.5) - https:\/\/yoast.com\/wordpress\/plugins\/seo\/ -->\n<title>Fluid Systems - Gentherm<\/title>\n<meta name=\"description\" content=\"Gentherm\u2019s Automotive Fluid System Valves provide intelligent solutions for a variety of critical applications including Fuel Management, Engine Systems, and Brake Vacuum Support.\" \/>\n<meta name=\"robots\" content=\"index, follow, max-snippet:-1, max-image-preview:large, max-video-preview:-1\" \/>\n<link rel=\"canonical\" href=\"https:\/\/gentherm.com\/de\/mobility\/fluid-systems\/\" \/>\n<meta property=\"og:locale\" content=\"de_DE\" \/>\n<meta property=\"og:type\" content=\"article\" \/>\n<meta property=\"og:title\" content=\"Fluid Systems\" \/>\n<meta property=\"og:description\" content=\"Gentherm\u2019s Automotive Fluid System Valves provide intelligent solutions for a variety of critical applications including Fuel Management, Engine Systems, and Brake Vacuum Support.\" \/>\n<meta property=\"og:url\" content=\"https:\/\/gentherm.com\/de\/mobility\/fluid-systems\/\" \/>\n<meta property=\"og:site_name\" content=\"Gentherm\" \/>\n<meta property=\"article:publisher\" content=\"https:\/\/www.facebook.com\/Gentherm\" \/>\n<meta property=\"article:modified_time\" content=\"2025-09-15T18:07:29+00:00\" \/>\n<meta property=\"og:image\" content=\"https:\/\/gentherm.com\/\/wp-content\/uploads\/Fluid-Systems.png\" \/>\n<meta name=\"twitter:card\" content=\"summary_large_image\" \/>\n<meta name=\"twitter:site\" content=\"@Gentherm\" \/>\n<meta name=\"twitter:label1\" content=\"Gesch\u00e4tzte Lesezeit\" \/>\n\t<meta name=\"twitter:data1\" content=\"2\u00a0Minuten\" \/>\n<script type=\"application\/ld+json\" class=\"yoast-schema-graph\">{\"@context\":\"https:\/\/schema.org\",\"@graph\":[{\"@type\":\"WebPage\",\"@id\":\"https:\/\/gentherm.com\/en\/mobility\/fluid-systems\/\",\"url\":\"https:\/\/gentherm.com\/en\/mobility\/fluid-systems\/\",\"name\":\"Fluid Systems - Gentherm\",\"isPartOf\":{\"@id\":\"https:\/\/gentherm.com\/zh-hans\/#website\"},\"primaryImageOfPage\":{\"@id\":\"https:\/\/gentherm.com\/en\/mobility\/fluid-systems\/#primaryimage\"},\"image\":{\"@id\":\"https:\/\/gentherm.com\/en\/mobility\/fluid-systems\/#primaryimage\"},\"thumbnailUrl\":\"https:\/\/gentherm.com\/\/wp-content\/uploads\/Fluid-Systems.png\",\"datePublished\":\"2023-11-29T16:08:57+00:00\",\"dateModified\":\"2025-09-15T18:07:29+00:00\",\"description\":\"Gentherm\u2019s Automotive Fluid System Valves provide intelligent solutions for a variety of critical applications including Fuel Management, Engine Systems, and Brake Vacuum Support.\",\"breadcrumb\":{\"@id\":\"https:\/\/gentherm.com\/en\/mobility\/fluid-systems\/#breadcrumb\"},\"inLanguage\":\"de\",\"potentialAction\":[{\"@type\":\"ReadAction\",\"target\":[\"https:\/\/gentherm.com\/en\/mobility\/fluid-systems\/\"]}]},{\"@type\":\"ImageObject\",\"inLanguage\":\"de\",\"@id\":\"https:\/\/gentherm.com\/en\/mobility\/fluid-systems\/#primaryimage\",\"url\":\"https:\/\/gentherm.com\/\/wp-content\/uploads\/Fluid-Systems.png\",\"contentUrl\":\"https:\/\/gentherm.com\/\/wp-content\/uploads\/Fluid-Systems.png\"},{\"@type\":\"BreadcrumbList\",\"@id\":\"https:\/\/gentherm.com\/en\/mobility\/fluid-systems\/#breadcrumb\",\"itemListElement\":[{\"@type\":\"ListItem\",\"position\":1,\"name\":\"Home\",\"item\":\"https:\/\/gentherm.com\/en\/\"},{\"@type\":\"ListItem\",\"position\":2,\"name\":\"Mobility\",\"item\":\"https:\/\/gentherm.com\/en\/mobility\/\"},{\"@type\":\"ListItem\",\"position\":3,\"name\":\"Fluid Systems\"}]},{\"@type\":\"WebSite\",\"@id\":\"https:\/\/gentherm.com\/zh-hans\/#website\",\"url\":\"https:\/\/gentherm.com\/zh-hans\/\",\"name\":\"Gentherm\",\"description\":\"\",\"publisher\":{\"@id\":\"https:\/\/gentherm.com\/zh-hans\/#organization\"},\"potentialAction\":[{\"@type\":\"SearchAction\",\"target\":{\"@type\":\"EntryPoint\",\"urlTemplate\":\"https:\/\/gentherm.com\/zh-hans\/?s={search_term_string}\"},\"query-input\":{\"@type\":\"PropertyValueSpecification\",\"valueRequired\":true,\"valueName\":\"search_term_string\"}}],\"inLanguage\":\"de\"},{\"@type\":\"Organization\",\"@id\":\"https:\/\/gentherm.com\/zh-hans\/#organization\",\"name\":\"Gentherm\",\"url\":\"https:\/\/gentherm.com\/zh-hans\/\",\"logo\":{\"@type\":\"ImageObject\",\"inLanguage\":\"de\",\"@id\":\"https:\/\/gentherm.com\/zh-hans\/#\/schema\/logo\/image\/\",\"url\":\"https:\/\/gentherm.com\/wp-content\/uploads\/B_Gentherm_Wordmark-7.png\",\"contentUrl\":\"https:\/\/gentherm.com\/wp-content\/uploads\/B_Gentherm_Wordmark-7.png\",\"width\":2293,\"height\":261,\"caption\":\"Gentherm\"},\"image\":{\"@id\":\"https:\/\/gentherm.com\/zh-hans\/#\/schema\/logo\/image\/\"},\"sameAs\":[\"https:\/\/www.facebook.com\/Gentherm\",\"https:\/\/x.com\/Gentherm\",\"https:\/\/www.instagram.com\/gentherminc\/\",\"https:\/\/www.linkedin.com\/company\/2545469\",\"https:\/\/www.youtube.com\/channel\/UCutcYediaV7Jqdj1hyIUp5w\"]}]}<\/script>\n<!-- \/ Yoast SEO Premium plugin. -->","yoast_head_json":{"title":"Fluid Systems - Gentherm","description":"Gentherm\u2019s Automotive Fluid System Valves provide intelligent solutions for a variety of critical applications including Fuel Management, Engine Systems, and Brake Vacuum Support.","robots":{"index":"index","follow":"follow","max-snippet":"max-snippet:-1","max-image-preview":"max-image-preview:large","max-video-preview":"max-video-preview:-1"},"canonical":"https:\/\/gentherm.com\/de\/mobility\/fluid-systems\/","og_locale":"de_DE","og_type":"article","og_title":"Fluid Systems","og_description":"Gentherm\u2019s Automotive Fluid System Valves provide intelligent solutions for a variety of critical applications including Fuel Management, Engine Systems, and Brake Vacuum Support.","og_url":"https:\/\/gentherm.com\/de\/mobility\/fluid-systems\/","og_site_name":"Gentherm","article_publisher":"https:\/\/www.facebook.com\/Gentherm","article_modified_time":"2025-09-15T18:07:29+00:00","og_image":[{"url":"https:\/\/gentherm.com\/\/wp-content\/uploads\/Fluid-Systems.png","type":"","width":"","height":""}],"twitter_card":"summary_large_image","twitter_site":"@Gentherm","twitter_misc":{"Gesch\u00e4tzte Lesezeit":"2\u00a0Minuten"},"schema":{"@context":"https:\/\/schema.org","@graph":[{"@type":"WebPage","@id":"https:\/\/gentherm.com\/en\/mobility\/fluid-systems\/","url":"https:\/\/gentherm.com\/en\/mobility\/fluid-systems\/","name":"Fluid Systems - Gentherm","isPartOf":{"@id":"https:\/\/gentherm.com\/zh-hans\/#website"},"primaryImageOfPage":{"@id":"https:\/\/gentherm.com\/en\/mobility\/fluid-systems\/#primaryimage"},"image":{"@id":"https:\/\/gentherm.com\/en\/mobility\/fluid-systems\/#primaryimage"},"thumbnailUrl":"https:\/\/gentherm.com\/\/wp-content\/uploads\/Fluid-Systems.png","datePublished":"2023-11-29T16:08:57+00:00","dateModified":"2025-09-15T18:07:29+00:00","description":"Gentherm\u2019s Automotive Fluid System Valves provide intelligent solutions for a variety of critical applications including Fuel Management, Engine Systems, and Brake Vacuum Support.","breadcrumb":{"@id":"https:\/\/gentherm.com\/en\/mobility\/fluid-systems\/#breadcrumb"},"inLanguage":"de","potentialAction":[{"@type":"ReadAction","target":["https:\/\/gentherm.com\/en\/mobility\/fluid-systems\/"]}]},{"@type":"ImageObject","inLanguage":"de","@id":"https:\/\/gentherm.com\/en\/mobility\/fluid-systems\/#primaryimage","url":"https:\/\/gentherm.com\/\/wp-content\/uploads\/Fluid-Systems.png","contentUrl":"https:\/\/gentherm.com\/\/wp-content\/uploads\/Fluid-Systems.png"},{"@type":"BreadcrumbList","@id":"https:\/\/gentherm.com\/en\/mobility\/fluid-systems\/#breadcrumb","itemListElement":[{"@type":"ListItem","position":1,"name":"Home","item":"https:\/\/gentherm.com\/en\/"},{"@type":"ListItem","position":2,"name":"Mobility","item":"https:\/\/gentherm.com\/en\/mobility\/"},{"@type":"ListItem","position":3,"name":"Fluid Systems"}]},{"@type":"WebSite","@id":"https:\/\/gentherm.com\/zh-hans\/#website","url":"https:\/\/gentherm.com\/zh-hans\/","name":"Gentherm","description":"","publisher":{"@id":"https:\/\/gentherm.com\/zh-hans\/#organization"},"potentialAction":[{"@type":"SearchAction","target":{"@type":"EntryPoint","urlTemplate":"https:\/\/gentherm.com\/zh-hans\/?s={search_term_string}"},"query-input":{"@type":"PropertyValueSpecification","valueRequired":true,"valueName":"search_term_string"}}],"inLanguage":"de"},{"@type":"Organization","@id":"https:\/\/gentherm.com\/zh-hans\/#organization","name":"Gentherm","url":"https:\/\/gentherm.com\/zh-hans\/","logo":{"@type":"ImageObject","inLanguage":"de","@id":"https:\/\/gentherm.com\/zh-hans\/#\/schema\/logo\/image\/","url":"https:\/\/gentherm.com\/wp-content\/uploads\/B_Gentherm_Wordmark-7.png","contentUrl":"https:\/\/gentherm.com\/wp-content\/uploads\/B_Gentherm_Wordmark-7.png","width":2293,"height":261,"caption":"Gentherm"},"image":{"@id":"https:\/\/gentherm.com\/zh-hans\/#\/schema\/logo\/image\/"},"sameAs":["https:\/\/www.facebook.com\/Gentherm","https:\/\/x.com\/Gentherm","https:\/\/www.instagram.com\/gentherminc\/","https:\/\/www.linkedin.com\/company\/2545469","https:\/\/www.youtube.com\/channel\/UCutcYediaV7Jqdj1hyIUp5w"]}]}},"_links":{"self":[{"href":"https:\/\/gentherm.com\/de\/wp-json\/wp\/v2\/pages\/2161","targetHints":{"allow":["GET"]}}],"collection":[{"href":"https:\/\/gentherm.com\/de\/wp-json\/wp\/v2\/pages"}],"about":[{"href":"https:\/\/gentherm.com\/de\/wp-json\/wp\/v2\/types\/page"}],"author":[{"embeddable":true,"href":"https:\/\/gentherm.com\/de\/wp-json\/wp\/v2\/users\/1"}],"replies":[{"embeddable":true,"href":"https:\/\/gentherm.com\/de\/wp-json\/wp\/v2\/comments?post=2161"}],"version-history":[{"count":23,"href":"https:\/\/gentherm.com\/de\/wp-json\/wp\/v2\/pages\/2161\/revisions"}],"predecessor-version":[{"id":4710,"href":"https:\/\/gentherm.com\/de\/wp-json\/wp\/v2\/pages\/2161\/revisions\/4710"}],"up":[{"embeddable":true,"href":"https:\/\/gentherm.com\/de\/wp-json\/wp\/v2\/pages\/433"}],"wp:attachment":[{"href":"https:\/\/gentherm.com\/de\/wp-json\/wp\/v2\/media?parent=2161"}],"curies":[{"name":"wp","href":"https:\/\/api.w.org\/{rel}","templated":true}]}}