{"id":2291,"date":"2024-10-24T15:10:03","date_gmt":"2024-10-24T15:10:03","guid":{"rendered":"https:\/\/gentherm.com\/\/?page_id=2291"},"modified":"2025-12-09T21:11:32","modified_gmt":"2025-12-09T21:11:32","slug":"climatesense","status":"publish","type":"page","link":"https:\/\/gentherm.com\/de\/mobility\/climatesense\/","title":{"rendered":"ClimateSense\u00ae"},"content":{"rendered":"<section>\n<div class=\"container pt-5 pb-3\">\n<div class=\"row m-0 gentherm-wrapper-left lc-block\">\n<div class=\"col-12 col-xl-6 pt-5 order-2 order-xl-1\">\n<h1 class=\"section-title\" editable=\"rich\">ClimateSense\u00ae<br \/>\n\t\t\t\t<\/h1>\n<div class=\"feature-subhead py-4\" editable=\"rich\">\n<p>Die smarte und skalierbare Mikroklima-L\u00f6sung f\u00fcr maximalen Komfort im Fahrzeug<\/p>\n<\/p><\/div>\n<p class=\"feature-content-text-sm pb-3\" editable=\"rich\">ClimateSense ist eine bahnbrechende Innovation: Das Auto der Zukunft sorgt gemeinsam mit der zentralen Klimaautomatik daf\u00fcr, dass jeder Insasse genau den richtigen Thermokomfort bekommt \u2013 f\u00fcr ein deutlich angenehmeres Innenraumerlebnis. <\/p>\n<p class=\"feature-content-text-sm\">Diese innovative L\u00f6sung kombiniert dezentrale Heiz- und Klimatechnologien, um jedem Insassen ein personalisiertes Komforterlebnis zu bieten \u2013 und das bei bis zu 85\u202f% weniger Energieverbrauch im Fahrzeug.<\/p>\n<\/p><\/div>\n<div class=\"col-12 col-xl-6 pt-5 order-1 order-xl-2 p-0\">\n\t\t\t\t<img loading=\"lazy\" decoding=\"async\" src=\"https:\/\/gentherm.com\/wp-content\/uploads\/climatesense-header.png\" class=\"d-none d-xl-block wp-image-6758\" width=\"889\" height=\"889\" srcset=\"https:\/\/gentherm.com\/wp-content\/uploads\/climatesense-header.png 889w, https:\/\/gentherm.com\/wp-content\/uploads\/climatesense-header-300x300.png 300w, https:\/\/gentherm.com\/wp-content\/uploads\/climatesense-header-150x150.png 150w, https:\/\/gentherm.com\/wp-content\/uploads\/climatesense-header-768x768.png 768w, https:\/\/gentherm.com\/wp-content\/uploads\/climatesense-header-12x12.png 12w\" sizes=\"auto, (max-width: 889px) 100vw, 889px\"><br \/>\n\t\t\t\t<img decoding=\"async\" src=\"\/wp-content\/uploads\/automotive-climatesense-main-m.jpg\" alt=\"ClimateSense\" class=\"d-block d-xl-none\">\n\t\t\t<\/div>\n<\/p><\/div>\n<\/p><\/div>\n<\/section>\n<section class=\"section-bg-white-text-black\"><!-- PAGE TITLE --><\/p>\n<div class=\"container-fluid m-0 p-3 pt-md-5 sub-page-header\" id=\"\">\n<div class=\"container\">\n<div class=\"row m-0 gentherm-wrapper\">\n<div class=\"col-12 m-0 p-0 pt-md-5\">\n<h1 class=\"section-title py-4\" editable=\"inline\">Die Zukunft des&nbsp;<br \/>Thermokomforts<\/h1>\n<\/p><\/div>\n<\/p><\/div>\n<\/p><\/div>\n<\/p><\/div>\n<\/section>\n<section class=\"section-bg-white-text-black\"><!-- CONTAINER IMAGE --><\/p>\n<div class=\"container\">\n<div class=\"row m-0 gentherm-wrapper\">\n<div class=\"col-12 m-0 p-0 pb-5\">\n\t\t\t\t<img decoding=\"async\" src=\"https:\/\/gentherm.com\/\/wp-content\/uploads\/What-is-ClimateSense.gif\" class=\"feature-content-img fluid-image pb-5 wp-image-2778\" alt=\"\" loading=\"lazy\" width=\"1781\" height=\"999\" srcset=\"\" sizes=\"auto, \">\n\t\t\t<\/div>\n<\/p><\/div>\n<\/p><\/div>\n<\/section>\n<section class=\"section-bg-white-text-black\"><!-- CONTENT BLOCK - TITLE TEXT IMAGE RIGHT WITH NUMBER --><\/p>\n<div class=\"container py-0 py-xl-5 position-relative\">\n<div class=\"row m-0 gentherm-wrapper feature-content-border-left-half\">\n<div class=\"col-12 col-xl-6 order-2 order-xl-1\">\n<div class=\"feature-content feature-border-top pt-5\" style=\"position: relative;\">\n<div class=\"feature-subhead lc-block mw-100\" editable=\"rich\" style=\"display: inline-block\">\n<h2>Innovationen, die auf Wissenschaft basieren<\/h2>\n<\/p><\/div>\n<p class=\"feature-content-text-fw text-black lc-block\" editable=\"rich\">Das Besondere an ClimateSense? Wir stellen den Menschen in den Mittelpunkt, wenn es um thermischen Komfort im Fahrzeug geht. <\/p>\n<p class=\"feature-content-text-fw text-black lc-block\" editable=\"rich\">Gentherms umfassendes thermophysiologisches Know-how und unsere Forschung bilden die Basis f\u00fcr unsere patentierten, auf der menschlichen Physis basierenden Software-Algorithmen (ClimateSense Intelligence Software).\nSie steuern die integrierte, intelligente Heiz- und K\u00fchlhardware (ClimateSense Effectors) und entscheiden automatisch, welche K\u00f6rperbereiche wie intensiv und wie lange angesprochen werden m\u00fcssen \u2013 f\u00fcr ein optimales Komforterlebnis.<\/p>\n<\/p><\/div>\n<\/p><\/div>\n<div class=\"col-12 col-xl-5 offset-xl-1 order-1 order-xl-2 d-flex align-items-start justify-content-end\" style=\"position: relative;\">\n\t\t\t\t<img decoding=\"async\" src=\"https:\/\/gentherm.com\/wp-content\/uploads\/climatesense-science-breakthroughs.jpg\" width=\"593\" height=\"593\" srcset=\"https:\/\/gentherm.com\/wp-content\/uploads\/climatesense-science-breakthroughs.jpg 593w, https:\/\/gentherm.com\/wp-content\/uploads\/climatesense-science-breakthroughs-300x300.jpg 300w, https:\/\/gentherm.com\/wp-content\/uploads\/climatesense-science-breakthroughs-150x150.jpg 150w, https:\/\/gentherm.com\/wp-content\/uploads\/climatesense-science-breakthroughs-12x12.jpg 12w\" sizes=\"auto, (max-width: 593px) 100vw, 593px\" class=\"img-fluid feature-content-img wp-image-6621\" loading=\"lazy\">\n\t\t\t<\/div>\n<\/p><\/div>\n<\/p><\/div>\n<\/section>\n<section><!-- CONTAINER IMAGE --><\/p>\n<div class=\"container\">\n<div class=\"row m-0 gentherm-wrapper\">\n<div class=\"col-12 m-0 p-0 pb-5\">\n\t\t\t\t<img decoding=\"async\" src=\"https:\/\/gentherm.com\/wp-content\/uploads\/climatesense-1.png\" class=\"feature-content-img fluid-image pb-5 wp-image-7194\" loading=\"lazy\" width=\"1920\" height=\"986\" srcset=\"https:\/\/gentherm.com\/wp-content\/uploads\/climatesense-1.png 1920w, https:\/\/gentherm.com\/wp-content\/uploads\/climatesense-1-300x154.png 300w, https:\/\/gentherm.com\/wp-content\/uploads\/climatesense-1-1024x526.png 1024w, https:\/\/gentherm.com\/wp-content\/uploads\/climatesense-1-768x394.png 768w, https:\/\/gentherm.com\/wp-content\/uploads\/climatesense-1-1536x789.png 1536w, https:\/\/gentherm.com\/wp-content\/uploads\/climatesense-1-18x9.png 18w\" sizes=\"auto, (max-width: 1920px) 100vw, 1920px\">\n\t\t\t<\/div>\n<\/p><\/div>\n<\/p><\/div>\n<\/section>\n<section class=\"section-bg-white-text-black\"><!-- CONTAINER IMAGE --><\/p>\n<div class=\"container\">\n<div class=\"row m-0 gentherm-wrapper\">\n<div class=\"col-12 m-0 p-0 py-5\">\n\t\t\t\t<img decoding=\"async\" src=\"https:\/\/gentherm.com\/\/wp-content\/uploads\/How-ClimateSense-Works.gif\" class=\"feature-content-img fluid-image pb-5 wp-image-2779\" alt=\"\" loading=\"lazy\" width=\"1781\" height=\"999\" srcset=\"\" sizes=\"auto, \">\n\t\t\t<\/div>\n<\/p><\/div>\n<\/p><\/div>\n<\/section>\n<section class=\"section-bg-white-text-black\"><!-- CONTENT BLOCK - EXPANDED IMAGE LEFT WITH CONTENT ON RIGHT --><\/p>\n<div class=\"container alertness-seat-section\">\n<div class=\"row m-0 gentherm-wrapper lc-block\">\n<div class=\"col-12 col-md-6 order-1 order-md-1\" style=\"position: relative;\">\n\t\t\t\t<img loading=\"lazy\" decoding=\"async\" src=\"https:\/\/gentherm.com\/wp-content\/uploads\/climatesense-intelligence-algorithm-xl-new.png\" class=\"img-expanded dOnly wp-image-6623\" width=\"2384\" height=\"2385\" srcset=\"https:\/\/gentherm.com\/wp-content\/uploads\/climatesense-intelligence-algorithm-xl-new.png 2384w, https:\/\/gentherm.com\/wp-content\/uploads\/climatesense-intelligence-algorithm-xl-new-300x300.png 300w, https:\/\/gentherm.com\/wp-content\/uploads\/climatesense-intelligence-algorithm-xl-new-1024x1024.png 1024w, https:\/\/gentherm.com\/wp-content\/uploads\/climatesense-intelligence-algorithm-xl-new-150x150.png 150w, https:\/\/gentherm.com\/wp-content\/uploads\/climatesense-intelligence-algorithm-xl-new-768x768.png 768w, https:\/\/gentherm.com\/wp-content\/uploads\/climatesense-intelligence-algorithm-xl-new-1536x1536.png 1536w, https:\/\/gentherm.com\/wp-content\/uploads\/climatesense-intelligence-algorithm-xl-new-2048x2048.png 2048w, https:\/\/gentherm.com\/wp-content\/uploads\/climatesense-intelligence-algorithm-xl-new-12x12.png 12w\" sizes=\"auto, (max-width: 2384px) 100vw, 2384px\"><br \/>\n\t\t\t\t<img decoding=\"async\" src=\"\/wp-content\/uploads\/climatesense-intelligence-algorithm-m.png\" alt=\"ClimateSense Intelligence &amp; Comfort Algorithm\" class=\"img-expanded w-100 mOnly\"><\/p><\/div>\n<div class=\"col-12 col-md-6 order-2 order-md-2 d-flex align-items-center\" style=\"position: relative;\">\n<div class=\"feature-content feature-border-top pt-5\" style=\"position: relative;\">\n<div class=\"row mob-mt-100\">\n<div class=\"col-12 order-2 order-md-1 mob-mt-100\">\n<div class=\"feature-subhead\" editable=\"rich\">\n<h2>ClimateSense Intelligence &amp; Comfort Algorithmus<\/h2>\n<\/p><\/div>\n<p class=\"feature-content-text-fw text-black lc-block\" editable=\"rich\">At the core of the ClimateSense solution is Gentherm&#8217;s physics-based software algorithm, predicting and regulating Overall Thermal Sensation (OTS) for each vehicle occupant. Unlike vehicles with only a conventional automatic HVAC system, ClimateSense intelligence software uses proprietary models that calculate heat transfer from each of the micro-climate heating and cooling effectors and central HVAC. This provides the capability to heat one zone while cooling another, providing an elevated level of personalized, multi-zone comfort. <\/p>\n<\/p><\/div>\n<\/p><\/div>\n<\/p><\/div>\n<\/p><\/div>\n<\/p><\/div>\n<\/p><\/div>\n<\/section>\n<section class=\"section-bg-white-text-black\"><!-- CONTENT BLOCK - TITLE TEXT IMAGE RIGHT WITH NUMBER --><\/p>\n<div class=\"container py-0 py-xl-5 position-relative\">\n<div class=\"row m-0 gentherm-wrapper feature-content-border-left-half lc-block\">\n<div class=\"col-12 col-xl-6 order-2 order-xl-1\">\n<div class=\"feature-content feature-border-top pt-5\" style=\"position: relative;\">\n<div class=\"feature-content-number-left\" editable=\"rich\">\n<p><\/p>\n<\/p><\/div>\n<div class=\"feature-subhead\" editable=\"rich\" style=\"display: inline-block\">\n<h2>ClimateSense Effektoren&nbsp;<\/h2>\n<\/p><\/div>\n<p class=\"feature-content-text-fw text-black\" editable=\"rich\">\n\t\t\t\t\t\tDie ClimateSense-Effektoren verbinden thermische Hardware, Sensorik und Software, um Sollwerte flexibel zu steuern und Echtzeit-Feedback zu liefern.\nUnsere Sensoren messen dynamisch die Oberfl\u00e4chen- und Auslasslufttemperaturen und \u00fcbermitteln diese direkt an die Comfort-Master-ECU. So kann die ECU genau einsch\u00e4tzen, wie jeder ClimateSense-Effektor auf die Fahrzeuginsassen wirkt, und gleichzeitig berechnen, wie viel Heiz- und K\u00fchlleistung der zentralen Klimaanlage reduziert werden kann \u2013 ohne dass der Komfort darunter leidet.\n\t\t\t\t\t<\/p>\n<\/p><\/div>\n<\/p><\/div>\n<div class=\"col-12 col-xl-5 offset-xl-1 order-1 order-xl-2 d-flex align-items-end justify-content-end\" style=\"position: relative;\">\n\t\t\t\t<img decoding=\"async\" src=\"https:\/\/gentherm.com\/\/wp-content\/uploads\/ClimateSense-Effectors.png\" alt=\"\" width=\"677\" height=\"677\" srcset=\"https:\/\/gentherm.com\/\/wp-content\/uploads\/ClimateSense-Effectors.png 677w, https:\/\/gentherm.com\/\/wp-content\/uploads\/ClimateSense-Effectors-300x300.png 300w, https:\/\/gentherm.com\/\/wp-content\/uploads\/ClimateSense-Effectors-150x150.png 150w, https:\/\/gentherm.com\/\/wp-content\/uploads\/ClimateSense-Effectors-12x12.png 12w\" sizes=\"auto, (max-width: 677px) 100vw, 677px\" class=\"img-fluid feature-content-img wp-image-2695\" loading=\"lazy\">\n\t\t\t<\/div>\n<\/p><\/div>\n<\/p><\/div>\n<\/section>\n<section>\n<div lc-helper=\"shortcode\" class=\"live-shortcode\"><!-- CONTENT BLOCK: INDUSTRIES NAVIGATION WITH IMAGES -->\r\n<section class=\"bg-brand-black text-white pb-5\">\r\n<div class=\"container pt-5 pb-0 py-md-5\">\r\n\t<div class=\"row m-0 g-0 py-0 py-md-5 gentherm-wrapper-left lc-block\">\r\n\t\t<div class=\"col-12 col-md-6 align-self-center pb-3 pb-md-0\">\r\n\t\t\t<h1 class=\"section-title\">Branchen<\/h1>\r\n\t\t<\/div>\r\n\t\t<div class=\"col-12 col-md-6 align-self-center d-none d-md-block\">\r\n\t\t\t<p class=\"feature-content-text-sm text-white\">\r\n\t\t\t<\/p>\r\n\t\t<\/div>\r\n\t<\/div>\r\n\t<div class=\"row m-0 g-0 gentherm-wrapper-left lc-block\">\r\n\t\t<div class=\"col-12 col-md-5\">\r\n\t\t\t<div class=\"m-0 inpage-navitem pb-3 mb-4 d-flex justify-content-between\">\r\n\t\t\t\t<a href=\"\/de\/mobility\/\">Mobilit\u00e4t<\/a>\r\n\t\t\t\t<img decoding=\"async\" src=\"\/svg\/inpage-nav-arrow-w.svg\" alt=\"->\" style=\"width: 60px; height: auto; vertical-align: middle;\">\r\n\t\t\t<\/div>\r\n\t\t\t<div class=\"m-0 inpage-navitem pb-3 mb-4 d-flex justify-content-between\">\r\n\t\t\t\t<a href=\"\/de\/medical\/\">Medizintechnik<\/a>\r\n\t\t\t\t<img decoding=\"async\" src=\"\/svg\/inpage-nav-arrow-w.svg\" alt=\"->\" style=\"width: 60px; height: auto; vertical-align: middle;\">\r\n\t\t\t<\/div>\r\n\t\t\t<div class=\"m-0 inpage-navitem pb-3 mb-4 d-flex justify-content-between\">\r\n\t\t\t\t<a href=\"\/de\/growth-markets\/\">Wachstumsm\u00e4rkte<\/a>\r\n\t\t\t\t<img decoding=\"async\" src=\"\/svg\/inpage-nav-arrow-w.svg\" alt=\"->\" style=\"width: 60px; height: auto; vertical-align: middle;\">\r\n\t\t\t<\/div>\r\n\t\t<\/div>\r\n\t\t<div class=\"col-12 col-md-4 offset-md-1 d-none d-md-block\">\r\n\t\t\t<img decoding=\"async\" src=\"https:\/\/gentherm.com\/wp-content\/uploads\/home-industries-automotive-main.jpg\" alt=\"Automotive\" class=\"img-fluid w-100\">\r\n\t\t<\/div>\r\n\t\t<div class=\"col-12 col-md-2 d-none d-md-block\">&nbsp;<\/div>\r\n\t<\/div>\r\n\t<div class=\"lc-block d-none d-md-block\">\r\n\t\t<div class=\"row m-0 g-0 gentherm-wrapper-left\">\r\n\t\t\t<div class=\"col-12 col-md-6\">\r\n\t\t\t\t<img decoding=\"async\" src=\"https:\/\/gentherm.com\/wp-content\/uploads\/industries-placeholder-left.jpg\" alt=\"Medical\" class=\"img-fluid w-100\">\r\n\t\t\t<\/div>\r\n\t\t\t<div class=\"col-12 col-md-4\">&nbsp;<\/div>\r\n\t\t\t<div class=\"col-12 col-md-2\">\r\n\t\t\t\t<img decoding=\"async\" src=\"https:\/\/gentherm.com\/wp-content\/uploads\/industries-placeholder-right.png\" alt=\"Growth Markets\" class=\"img-fluid w-100 h-100\">\r\n\t\t\t<\/div>\r\n\t\t<\/div>\r\n\t<\/div>\t\t\r\n<\/div>\r\n<\/section><\/div>\n<\/section>\n<section>\n<div lc-helper=\"shortcode\" class=\"live-shortcode\"><section> <!-- CAREERS SECTION -->\r\n\t<div class=\"container-fluid m-0 p-0 bg-brand-purple py-4\" id=\"careers\">\r\n\t\t<div class=\"container\">\r\n\t\t\t<div class=\"row m-0 gentherm-wrapper-left\">\r\n\t\t\t\t<!-- <div class=\"col-12 col-md-2 d-none d-md-block career-spacer-start\"><\/div> -->\r\n\t\t\t\t<div class=\"col-12 col-md-8\">\r\n\t\t\t\t\t<div class=\"row\">\r\n\t\t\t\t\t\t<div class=\"col-12 text-white lc-block\">\r\n\t\t\t\t\t\t\t<div class=\"section-title py-4 translation-block\">Werde Teil von uns<\/div>\r\n\t\t\t\t\t\t<\/div>\r\n\t\t\t\t\t<\/div>\r\n\t\t\t\t\t<div class=\"row text-white\">\r\n\t\t\t\t\t\t<div class=\"col-12 col-md-4 lc-block\">\r\n\t\t\t\t\t\t\t<div class=\"content-title p-3\">Opportunity To<br class=\"dOnly\"> The Next Degree<\/div>\r\n\t\t\t\t\t\t<\/div>\r\n\t\t\t\t\t\t<div class=\"col-12 col-md-8 text-white lc-block\">\r\n\t\t\t\t\t\t\t<div class=\"p-3 careers-text\">\r\n\t\t\t\t\t\t\t\t<p class=\"ps-3\">Unsere Mitarbeiterinnen und Mitarbeiter sind die treibende Kraft f\u00fcr neue Ideen und die Technologie von morgen.<\/p>\r\n\t\t\t\t\t\t\t\t<p class=\"ps-3\"><a href=\"\/de\/careers\/\" class=\"btn-with-arrow-white\">Karriereseite<\/a><\/p>\r\n\t\t\t\t\t\t\t<\/div>\r\n\t\t\t\t\t\t<\/div>\r\n\t\t\t\t\t<\/div>\r\n\t\t\t\t<\/div>\r\n\t\t\t\t<div class=\"col-12 col-md-4 d-flex align-items-end flex-column p-0\">\r\n\t\t\t\t\t<img decoding=\"async\" src=\"\/wp-content\/uploads\/home-careers.png\" class=\"\" alt=\"Work With Us\" style=\"padding: 36px 0 50px 0;\">\r\n\t\t\t\t<\/div>\r\n\t\t\t<\/div>\r\n\t\t<\/div>\r\n\t<\/div>\r\n<\/section><\/div>\n<\/section>","protected":false},"excerpt":{"rendered":"<p>ClimateSense\u00ae A scalable intelligent automotive microclimate comfort solution ClimateSense is a break-through innovation that moves the vehicle to a future where occupant thermal comfort features are coordinated with the automatic central HVAC system within a vehicle to provide an optimized in-cabin experience. This game changing solution uses localized convective and conductive heating and cooling, plus [&hellip;]<\/p>","protected":false},"author":2,"featured_media":0,"parent":433,"menu_order":0,"comment_status":"closed","ping_status":"closed","template":"page-templates\/page-blank-dark.php","meta":{"_acf_changed":false,"footnotes":""},"class_list":["post-2291","page","type-page","status-publish","hentry"],"acf":[],"yoast_head":"<!-- This site is optimized with the Yoast SEO Premium plugin v24.4 (Yoast SEO v26.5) - https:\/\/yoast.com\/wordpress\/plugins\/seo\/ -->\n<title>ClimateSense\u00ae - Gentherm<\/title>\n<meta name=\"description\" content=\"ClimateSense is a personalized thermal control for optimal passenger well-being. Innovation, sustainability, and superior comfort redefined.\" \/>\n<meta name=\"robots\" content=\"index, follow, max-snippet:-1, max-image-preview:large, max-video-preview:-1\" \/>\n<link rel=\"canonical\" href=\"https:\/\/gentherm.com\/de\/mobility\/climatesense\/\" \/>\n<meta property=\"og:locale\" content=\"de_DE\" \/>\n<meta property=\"og:type\" content=\"article\" \/>\n<meta property=\"og:title\" content=\"ClimateSense\u00ae\" \/>\n<meta property=\"og:description\" content=\"ClimateSense is a personalized thermal control for optimal passenger well-being. Innovation, sustainability, and superior comfort redefined.\" \/>\n<meta property=\"og:url\" content=\"https:\/\/gentherm.com\/de\/mobility\/climatesense\/\" \/>\n<meta property=\"og:site_name\" content=\"Gentherm\" \/>\n<meta property=\"article:publisher\" content=\"https:\/\/www.facebook.com\/Gentherm\" \/>\n<meta property=\"article:modified_time\" content=\"2025-12-09T21:11:32+00:00\" \/>\n<meta property=\"og:image\" content=\"https:\/\/gentherm.com\/wp-content\/uploads\/climatesense-header.png\" \/>\n<meta name=\"twitter:card\" content=\"summary_large_image\" \/>\n<meta name=\"twitter:site\" content=\"@Gentherm\" \/>\n<meta name=\"twitter:label1\" content=\"Gesch\u00e4tzte Lesezeit\" \/>\n\t<meta name=\"twitter:data1\" content=\"4\u00a0Minuten\" \/>\n<script type=\"application\/ld+json\" class=\"yoast-schema-graph\">{\"@context\":\"https:\/\/schema.org\",\"@graph\":[{\"@type\":\"WebPage\",\"@id\":\"https:\/\/gentherm.com\/en\/mobility\/climatesense\/\",\"url\":\"https:\/\/gentherm.com\/en\/mobility\/climatesense\/\",\"name\":\"ClimateSense\u00ae - Gentherm\",\"isPartOf\":{\"@id\":\"https:\/\/gentherm.com\/zh-hans\/#website\"},\"primaryImageOfPage\":{\"@id\":\"https:\/\/gentherm.com\/en\/mobility\/climatesense\/#primaryimage\"},\"image\":{\"@id\":\"https:\/\/gentherm.com\/en\/mobility\/climatesense\/#primaryimage\"},\"thumbnailUrl\":\"https:\/\/gentherm.com\/wp-content\/uploads\/climatesense-header.png\",\"datePublished\":\"2024-10-24T15:10:03+00:00\",\"dateModified\":\"2025-12-09T21:11:32+00:00\",\"description\":\"ClimateSense is a personalized thermal control for optimal passenger well-being. Innovation, sustainability, and superior comfort redefined.\",\"breadcrumb\":{\"@id\":\"https:\/\/gentherm.com\/en\/mobility\/climatesense\/#breadcrumb\"},\"inLanguage\":\"de\",\"potentialAction\":[{\"@type\":\"ReadAction\",\"target\":[\"https:\/\/gentherm.com\/en\/mobility\/climatesense\/\"]}]},{\"@type\":\"ImageObject\",\"inLanguage\":\"de\",\"@id\":\"https:\/\/gentherm.com\/en\/mobility\/climatesense\/#primaryimage\",\"url\":\"https:\/\/gentherm.com\/wp-content\/uploads\/climatesense-header.png\",\"contentUrl\":\"https:\/\/gentherm.com\/wp-content\/uploads\/climatesense-header.png\"},{\"@type\":\"BreadcrumbList\",\"@id\":\"https:\/\/gentherm.com\/en\/mobility\/climatesense\/#breadcrumb\",\"itemListElement\":[{\"@type\":\"ListItem\",\"position\":1,\"name\":\"Home\",\"item\":\"https:\/\/gentherm.com\/en\/\"},{\"@type\":\"ListItem\",\"position\":2,\"name\":\"Mobility\",\"item\":\"https:\/\/gentherm.com\/en\/mobility\/\"},{\"@type\":\"ListItem\",\"position\":3,\"name\":\"ClimateSense\u00ae\"}]},{\"@type\":\"WebSite\",\"@id\":\"https:\/\/gentherm.com\/zh-hans\/#website\",\"url\":\"https:\/\/gentherm.com\/zh-hans\/\",\"name\":\"Gentherm\",\"description\":\"\",\"publisher\":{\"@id\":\"https:\/\/gentherm.com\/zh-hans\/#organization\"},\"potentialAction\":[{\"@type\":\"SearchAction\",\"target\":{\"@type\":\"EntryPoint\",\"urlTemplate\":\"https:\/\/gentherm.com\/zh-hans\/?s={search_term_string}\"},\"query-input\":{\"@type\":\"PropertyValueSpecification\",\"valueRequired\":true,\"valueName\":\"search_term_string\"}}],\"inLanguage\":\"de\"},{\"@type\":\"Organization\",\"@id\":\"https:\/\/gentherm.com\/zh-hans\/#organization\",\"name\":\"Gentherm\",\"url\":\"https:\/\/gentherm.com\/zh-hans\/\",\"logo\":{\"@type\":\"ImageObject\",\"inLanguage\":\"de\",\"@id\":\"https:\/\/gentherm.com\/zh-hans\/#\/schema\/logo\/image\/\",\"url\":\"https:\/\/gentherm.com\/wp-content\/uploads\/B_Gentherm_Wordmark-7.png\",\"contentUrl\":\"https:\/\/gentherm.com\/wp-content\/uploads\/B_Gentherm_Wordmark-7.png\",\"width\":2293,\"height\":261,\"caption\":\"Gentherm\"},\"image\":{\"@id\":\"https:\/\/gentherm.com\/zh-hans\/#\/schema\/logo\/image\/\"},\"sameAs\":[\"https:\/\/www.facebook.com\/Gentherm\",\"https:\/\/x.com\/Gentherm\",\"https:\/\/www.instagram.com\/gentherminc\/\",\"https:\/\/www.linkedin.com\/company\/2545469\",\"https:\/\/www.youtube.com\/channel\/UCutcYediaV7Jqdj1hyIUp5w\"]}]}<\/script>\n<!-- \/ Yoast SEO Premium plugin. -->","yoast_head_json":{"title":"ClimateSense\u00ae - Gentherm","description":"ClimateSense is a personalized thermal control for optimal passenger well-being. Innovation, sustainability, and superior comfort redefined.","robots":{"index":"index","follow":"follow","max-snippet":"max-snippet:-1","max-image-preview":"max-image-preview:large","max-video-preview":"max-video-preview:-1"},"canonical":"https:\/\/gentherm.com\/de\/mobility\/climatesense\/","og_locale":"de_DE","og_type":"article","og_title":"ClimateSense\u00ae","og_description":"ClimateSense is a personalized thermal control for optimal passenger well-being. Innovation, sustainability, and superior comfort redefined.","og_url":"https:\/\/gentherm.com\/de\/mobility\/climatesense\/","og_site_name":"Gentherm","article_publisher":"https:\/\/www.facebook.com\/Gentherm","article_modified_time":"2025-12-09T21:11:32+00:00","og_image":[{"url":"https:\/\/gentherm.com\/wp-content\/uploads\/climatesense-header.png","type":"","width":"","height":""}],"twitter_card":"summary_large_image","twitter_site":"@Gentherm","twitter_misc":{"Gesch\u00e4tzte Lesezeit":"4\u00a0Minuten"},"schema":{"@context":"https:\/\/schema.org","@graph":[{"@type":"WebPage","@id":"https:\/\/gentherm.com\/en\/mobility\/climatesense\/","url":"https:\/\/gentherm.com\/en\/mobility\/climatesense\/","name":"ClimateSense\u00ae - Gentherm","isPartOf":{"@id":"https:\/\/gentherm.com\/zh-hans\/#website"},"primaryImageOfPage":{"@id":"https:\/\/gentherm.com\/en\/mobility\/climatesense\/#primaryimage"},"image":{"@id":"https:\/\/gentherm.com\/en\/mobility\/climatesense\/#primaryimage"},"thumbnailUrl":"https:\/\/gentherm.com\/wp-content\/uploads\/climatesense-header.png","datePublished":"2024-10-24T15:10:03+00:00","dateModified":"2025-12-09T21:11:32+00:00","description":"ClimateSense is a personalized thermal control for optimal passenger well-being. Innovation, sustainability, and superior comfort redefined.","breadcrumb":{"@id":"https:\/\/gentherm.com\/en\/mobility\/climatesense\/#breadcrumb"},"inLanguage":"de","potentialAction":[{"@type":"ReadAction","target":["https:\/\/gentherm.com\/en\/mobility\/climatesense\/"]}]},{"@type":"ImageObject","inLanguage":"de","@id":"https:\/\/gentherm.com\/en\/mobility\/climatesense\/#primaryimage","url":"https:\/\/gentherm.com\/wp-content\/uploads\/climatesense-header.png","contentUrl":"https:\/\/gentherm.com\/wp-content\/uploads\/climatesense-header.png"},{"@type":"BreadcrumbList","@id":"https:\/\/gentherm.com\/en\/mobility\/climatesense\/#breadcrumb","itemListElement":[{"@type":"ListItem","position":1,"name":"Home","item":"https:\/\/gentherm.com\/en\/"},{"@type":"ListItem","position":2,"name":"Mobility","item":"https:\/\/gentherm.com\/en\/mobility\/"},{"@type":"ListItem","position":3,"name":"ClimateSense\u00ae"}]},{"@type":"WebSite","@id":"https:\/\/gentherm.com\/zh-hans\/#website","url":"https:\/\/gentherm.com\/zh-hans\/","name":"Gentherm","description":"","publisher":{"@id":"https:\/\/gentherm.com\/zh-hans\/#organization"},"potentialAction":[{"@type":"SearchAction","target":{"@type":"EntryPoint","urlTemplate":"https:\/\/gentherm.com\/zh-hans\/?s={search_term_string}"},"query-input":{"@type":"PropertyValueSpecification","valueRequired":true,"valueName":"search_term_string"}}],"inLanguage":"de"},{"@type":"Organization","@id":"https:\/\/gentherm.com\/zh-hans\/#organization","name":"Gentherm","url":"https:\/\/gentherm.com\/zh-hans\/","logo":{"@type":"ImageObject","inLanguage":"de","@id":"https:\/\/gentherm.com\/zh-hans\/#\/schema\/logo\/image\/","url":"https:\/\/gentherm.com\/wp-content\/uploads\/B_Gentherm_Wordmark-7.png","contentUrl":"https:\/\/gentherm.com\/wp-content\/uploads\/B_Gentherm_Wordmark-7.png","width":2293,"height":261,"caption":"Gentherm"},"image":{"@id":"https:\/\/gentherm.com\/zh-hans\/#\/schema\/logo\/image\/"},"sameAs":["https:\/\/www.facebook.com\/Gentherm","https:\/\/x.com\/Gentherm","https:\/\/www.instagram.com\/gentherminc\/","https:\/\/www.linkedin.com\/company\/2545469","https:\/\/www.youtube.com\/channel\/UCutcYediaV7Jqdj1hyIUp5w"]}]}},"_links":{"self":[{"href":"https:\/\/gentherm.com\/de\/wp-json\/wp\/v2\/pages\/2291","targetHints":{"allow":["GET"]}}],"collection":[{"href":"https:\/\/gentherm.com\/de\/wp-json\/wp\/v2\/pages"}],"about":[{"href":"https:\/\/gentherm.com\/de\/wp-json\/wp\/v2\/types\/page"}],"author":[{"embeddable":true,"href":"https:\/\/gentherm.com\/de\/wp-json\/wp\/v2\/users\/2"}],"replies":[{"embeddable":true,"href":"https:\/\/gentherm.com\/de\/wp-json\/wp\/v2\/comments?post=2291"}],"version-history":[{"count":55,"href":"https:\/\/gentherm.com\/de\/wp-json\/wp\/v2\/pages\/2291\/revisions"}],"predecessor-version":[{"id":7272,"href":"https:\/\/gentherm.com\/de\/wp-json\/wp\/v2\/pages\/2291\/revisions\/7272"}],"up":[{"embeddable":true,"href":"https:\/\/gentherm.com\/de\/wp-json\/wp\/v2\/pages\/433"}],"wp:attachment":[{"href":"https:\/\/gentherm.com\/de\/wp-json\/wp\/v2\/media?parent=2291"}],"curies":[{"name":"wp","href":"https:\/\/api.w.org\/{rel}","templated":true}]}}