{"id":2295,"date":"2023-11-30T00:45:03","date_gmt":"2023-11-30T00:45:03","guid":{"rendered":"https:\/\/gentherm.com\/\/?page_id=2295"},"modified":"2024-02-01T18:14:13","modified_gmt":"2024-02-01T18:14:13","slug":"patient-warming","status":"publish","type":"page","link":"https:\/\/gentherm.com\/de\/medical\/patient-warming\/","title":{"rendered":"Patientenw\u00e4rmung"},"content":{"rendered":"<section><!-- MEDICAL PRODUCT - HEADER --><\/p>\n<div class=\"container pt-5 pb-3\">\n<div class=\"row m-0 gentherm-wrapper-left lc-block\">\n<div class=\"col-12 col-lg-6 pt-5 order-2 order-xl-1\">\n<h1 class=\"section-title pb-5 translation-block\" editable=\"rich\">Patientenw\u00e4rmung<\/h1>\n<p class=\"feature-content-text-sm text-dark\" editable=\"rich\">Der Kernfokus des Patientenw\u00e4rmungsportfolios von Gentherm besteht darin, die Normothermie aufrechtzuerhalten und unbeabsichtigte intraoperative Hypothermie und die damit verbundenen negativen Auswirkungen zu reduzieren oder zu beseitigen. Beteiligte Faktoren wie die Auswirkungen der An\u00e4sthesie, die Einwirkung eines kalten OP-Saals und lange Operationsvorbereitungszeiten k\u00f6nnen zu perioperativer Hypothermie f\u00fchren, was die dringende Notwendigkeit einer aktiven Beheizung betont, um deren Auftreten zu verhindern.<sup>1,2,3<\/sup>\n\t\t\t\t<\/p>\n<\/p>\n<p class=\"feature-content-text-sm text-dark\" editable=\"rich\">Gentherm bietet mehrere Modalit\u00e4ten zur Patientenerw\u00e4rmung und bietet \u00c4rzten auf ihre Pr\u00e4ferenzen und spezifischen situativen Anforderungen zugeschnittene Optionen.\n\t\t\t\t<\/p>\n<p><\/p>\n<\/p><\/div>\n<div class=\"col-12 col-lg-5 offset-lg-1 pt-5 order-1 order-xl-2 p-0 d-flex justify-content-end align-items-end\">\n\t\t\t\t<img loading=\"lazy\" decoding=\"async\" src=\"https:\/\/gentherm.com\/\/wp-content\/uploads\/Patient-Warming-Landing.png\" alt=\"\" class=\"d-none d-md-block w-75 wp-image-2941\" width=\"677\" height=\"677\" srcset=\"https:\/\/gentherm.com\/\/wp-content\/uploads\/Patient-Warming-Landing.png 677w, https:\/\/gentherm.com\/\/wp-content\/uploads\/Patient-Warming-Landing-300x300.png 300w, https:\/\/gentherm.com\/\/wp-content\/uploads\/Patient-Warming-Landing-150x150.png 150w, https:\/\/gentherm.com\/\/wp-content\/uploads\/Patient-Warming-Landing-12x12.png 12w\" sizes=\"auto, (max-width: 677px) 100vw, 677px\">\n\t\t\t<\/div>\n<\/p><\/div>\n<\/p><\/div>\n<\/section>\n<section>\n<div class=\"container-fluid pt-3\">\n<div class=\"container pt-3\">\n<div class=\"row m-0 gentherm-wrapper lc-block\">\n<div class=\"col-12 col-md-6\">\n<div class=\"feature-content-title\" editable=\"inline\">Patientenw\u00e4rmung<br \/>Produkte<\/div>\n<\/p><\/div>\n<\/p><\/div>\n<\/p><\/div>\n<\/p><\/div>\n<\/section>\n<section> <!-- CONTENT SLIDER SECTION --><\/p>\n<div class=\"container-fluid m-0\">\n<div class=\"container\">\n<div class=\"row m-0 gentherm-wrapper\">\n<div class=\"swiper medicalSolutionsSlider\">\n<div class=\"swiperNav2\">\n<div class=\"swiper-button-next\"><\/div>\n<div class=\"swiper-button-prev\"><\/div>\n<\/p><\/div>\n<div class=\"swiper-wrapper pb-3 pb-md-5\">\n<div class=\"swiper-slide\"><a href=\"\/de\/medical\/warmair\/\" class=\"card mb-3\"><\/p>\n<div class=\"row g-0\">\n<div class=\"col-12 align-self-center text-start\">\n<div class=\"solutions-number\" editable=\"inline\">01<\/div>\n<div class=\"solutions-number-title\" editable=\"inline\">WarmAir\u00ae&nbsp;<\/div>\n<div class=\"solutions-image-wrapper lc-block\">\n\t\t\t\t\t\t\t\t\t\t\t<img decoding=\"async\" src=\"\/wp-content\/uploads\/warm-air-thumbnail.png\" class=\"img-fluid solutions-number-img\" alt=\"Blanketrol\u00ae III System\">\n\t\t\t\t\t\t\t\t\t\t<\/div>\n<\/p><\/div>\n<\/p><\/div>\n<p>\t\t\t\t\t\t\t<\/a><\/div>\n<div class=\"swiper-slide\">\n\t\t\t\t\t\t\t<a href=\"\/de\/medical\/norm-o-temp\/\" class=\"card mb-3\"><\/p>\n<div class=\"row g-0\">\n<div class=\"col-12 align-self-center text-start\">\n<div class=\"solutions-number\" editable=\"inline\">02<\/div>\n<div class=\"solutions-number-title\" editable=\"inline\">Norm-O-Temp\u00ae<\/div>\n<div class=\"solutions-image-wrapper lc-block\">\n\t\t\t\t\t\t\t\t\t\t\t<img decoding=\"async\" src=\"\/wp-content\/uploads\/Norm-o-temp-thumbnail.png\" class=\"img-fluid solutions-number-img\" alt=\"Blankets and Pads\">\n\t\t\t\t\t\t\t\t\t\t<\/div>\n<\/p><\/div>\n<\/p><\/div>\n<p>\t\t\t\t\t\t\t<\/a>\n\t\t\t\t\t\t<\/div>\n<div class=\"swiper-slide\">\n\t\t\t\t\t\t\t<a href=\"\/de\/medical\/astopad\/\" class=\"card mb-3\"><\/p>\n<div class=\"row g-0\">\n<div class=\"col-12 align-self-center text-start\">\n<div class=\"solutions-number\" editable=\"inline\">03<\/div>\n<div class=\"solutions-number-title\" editable=\"inline\">Astopad\u00ae&nbsp;<\/div>\n<div class=\"solutions-image-wrapper lc-block\">\n\t\t\t\t\t\t\t\t\t\t\t<img decoding=\"async\" src=\"https:\/\/gentherm.com\/\/wp-content\/uploads\/Astopad-thumbnail.png\" class=\"img-fluid solutions-number-img\" alt=\"Cool Repeat\">\n\t\t\t\t\t\t\t\t\t\t<\/div>\n<\/p><\/div>\n<\/p><\/div>\n<p>\t\t\t\t\t\t\t<\/a>\n\t\t\t\t\t\t<\/div>\n<\/p><\/div>\n<\/p><\/div>\n<\/p><\/div>\n<\/p><\/div>\n<\/p><\/div>\n<p>\t<script>\n\t\t\tvar medicalSolutionsSlider = new Swiper(\".medicalSolutionsSlider\", {\n\t\t\t\t\tslidesPerView: 1,\n\t\t\t\t\tspaceBetween: 10,\n\t\t\t\t\tnavigation: {\n\t\t\t\t\tnextEl: \".swiper-button-next\",\n\t\t\t\t\tprevEl: \".swiper-button-prev\",\n\t\t\t\t},\n\t\t\t\tbreakpoints: {\n\t\t\t\t\t640: {\n\t\t\t\t\tslidesPerView: 1,\n\t\t\t\t\tspaceBetween: 20,\n\t\t\t\t\t},\n\t\t\t\t\t768: {\n\t\t\t\t\tslidesPerView: 2,\n\t\t\t\t\tspaceBetween: 20,\n\t\t\t\t\t},\t\t\t  \n\t\t\t\t\t1024: {\n\t\t\t\t\tslidesPerView: 4,\n\t\t\t\t\tspaceBetween: 20,\n\t\t\t\t\t},\n\t\t\t\t},\n\t\t\t});\t\t\t\n\t\t<\/script><br \/>\n<\/section>\n<section><!-- CONTENT BLOCK - SECTION INTRO - TITLE BLOCK - LIGHT BACKGROUND --><\/p>\n<div class=\"container-fluid py-3 py-xl-5\">\n<div class=\"container py-3 py-xl-5\">\n<div class=\"row m-0 gentherm-wrapper\">\n<div class=\"col-12 col-md-8 pb-3 pb-xl-5 lc-block text-secondary\">\n<div class=\"col-12\">\n<div class=\"feature-content-title py-0 pb-4 py-xl-4\" editable=\"inline\">Referenzen:<\/div>\n<\/p><\/div>\n<p class=\"feature-content-texsm text-dark\" editable=\"rich\">\n<p>1. Torossian A, Brauer A, Hocker J, Beln B. Wulf H, Horn EP. Vorbeugung unbeabsichtigter perioperativer Unterk\u00fchlung. Dtsch Arztebl Int 2015; 112:166-72. DOI: 10.3238\/arztebl.2015.0166<\/p>\n<\/p>\n<p>2. Diaz M, Becker DE. Thermoregulation: Physiologische und klinische \u00dcberlegungen w\u00e4hrend der Sedierung und Allgemeinan\u00e4sthesie. Anesth Prog 57:25-33 2010<\/p>\n<\/p>\n<p>3. Leitlinie zur Pr\u00e4vention ungeplanter Patienten-Hypothermie. AORN J. 2016; 103:305-310&nbsp;<\/p>\n<\/p>\n<\/p><\/div>\n<\/p><\/div>\n<\/p><\/div>\n<\/p><\/div>\n<\/section>\n<section><!-- CONTENT BLOCK - BIG WORD NAVIGATION --><\/p>\n<div class=\"container-fluid py-5  bg-brand-ltgrey\">\n<div class=\"row lc-block\" id=\"bigwordswrapper\">\n<div class=\"col-12 d-flex align-items-center justify-content-center\" style=\"position: relative;\">\n<ul class=\"bigwords\">\n<li class=\"translation-block\">Patiententemperaturmanagement<\/li>\n<li class=\"translation-block\">Patientenw\u00e4rmung<\/li>\n<li><a href=\"#\" editable=\"inline\" id=\"localized-therapy\">Lokalisierte Therapie<\/a><\/li>\n<li><a href=\"#\" editable=\"inline\" id=\"blood-fluid-temperature-control\">Blood\/Fluid<br \/>Temperature Management<\/a><\/li>\n<\/ul>\n<p>\t\t\t\t<a href=\"#\" id=\"bigwordsthumbnail\"><img alt=\"\"><\/a>\n\t\t\t<\/div>\n<\/p><\/div>\n<\/p><\/div>\n<p>\t<script src=\"https:\/\/ajax.googleapis.com\/ajax\/libs\/jquery\/3.2.1\/jquery.min.js\"><\/script><br \/>\n\t<script>\n\tjQuery(document).ready(function() {\n\t\tjQuery(\"ul.bigwords li a\").hover(function(){\n\t\t\tjQuery(this).attr('href','\/medical\/'+jQuery(this).attr(\"id\")+'\/');\t\t\t\n\/\/\t\t\tjQuery(\"#bigwordsthumbnail img\").attr('src','\/wp-content\/uploads\/bigwords-thumb-'+jQuery(this).attr(\"id\")+'.jpg');\n\/\/\t\t\tjQuery(\"#bigwordsthumbnail\").attr('href','\/automotive\/'+jQuery(this).attr(\"id\")+'\/');\n\/\/\t\t  \t\tjQuery(\"#bigwordsthumbnail\").show();\n\t\t});<\/p>\n<p>\/\/\t\tjQuery(\"#bigwordswrapper\").mouseleave(function(){\n\/\/\t\t\tjQuery(\"#bigwordsthumbnail\").hide();\n\/\/\t\t});\n\t});\n<\/script><br \/>\n<\/section>\n<section>\n<div lc-helper=\"shortcode\" class=\"live-shortcode\"><section> <!-- CAREERS SECTION -->\r\n\t<div class=\"container-fluid m-0 p-0 bg-brand-purple py-4\" id=\"careers\">\r\n\t\t<div class=\"container\">\r\n\t\t\t<div class=\"row m-0 gentherm-wrapper-left\">\r\n\t\t\t\t<!-- <div class=\"col-12 col-md-2 d-none d-md-block career-spacer-start\"><\/div> -->\r\n\t\t\t\t<div class=\"col-12 col-md-8\">\r\n\t\t\t\t\t<div class=\"row\">\r\n\t\t\t\t\t\t<div class=\"col-12 text-white lc-block\">\r\n\t\t\t\t\t\t\t<div class=\"section-title py-4 translation-block\">Werde Teil von uns<\/div>\r\n\t\t\t\t\t\t<\/div>\r\n\t\t\t\t\t<\/div>\r\n\t\t\t\t\t<div class=\"row text-white\">\r\n\t\t\t\t\t\t<div class=\"col-12 col-md-4 lc-block\">\r\n\t\t\t\t\t\t\t<div class=\"content-title p-3\">Opportunity To<br class=\"dOnly\"> The Next Degree<\/div>\r\n\t\t\t\t\t\t<\/div>\r\n\t\t\t\t\t\t<div class=\"col-12 col-md-8 text-white lc-block\">\r\n\t\t\t\t\t\t\t<div class=\"p-3 careers-text\">\r\n\t\t\t\t\t\t\t\t<p class=\"ps-3\">Unsere Mitarbeiterinnen und Mitarbeiter sind die treibende Kraft f\u00fcr neue Ideen und die Technologie von morgen.<\/p>\r\n\t\t\t\t\t\t\t\t<p class=\"ps-3\"><a href=\"\/de\/careers\/\" class=\"btn-with-arrow-white\">Karriereseite<\/a><\/p>\r\n\t\t\t\t\t\t\t<\/div>\r\n\t\t\t\t\t\t<\/div>\r\n\t\t\t\t\t<\/div>\r\n\t\t\t\t<\/div>\r\n\t\t\t\t<div class=\"col-12 col-md-4 d-flex align-items-end flex-column p-0\">\r\n\t\t\t\t\t<img decoding=\"async\" src=\"\/wp-content\/uploads\/home-careers.png\" class=\"\" alt=\"Work With Us\" style=\"padding: 36px 0 50px 0;\">\r\n\t\t\t\t<\/div>\r\n\t\t\t<\/div>\r\n\t\t<\/div>\r\n\t<\/div>\r\n<\/section><\/div>\n<\/section>","protected":false},"excerpt":{"rendered":"<p>Patient Warming The core focus of Gentherm\u2019s Patient Warming portfolio is to help maintain normothermia and reduce or eliminate unintended intraoperative hypothermia and the negative effects associated with it. Contributing factors such as the effects of anesthesia, exposure to a cold operating room and long surgery prep times can lead to perioperative hypothermia, emphasizing the [&hellip;]<\/p>","protected":false},"author":2,"featured_media":0,"parent":681,"menu_order":0,"comment_status":"closed","ping_status":"closed","template":"page-templates\/page-blank-black-nav.php","meta":{"_acf_changed":false,"footnotes":""},"class_list":["post-2295","page","type-page","status-publish","hentry"],"acf":[],"yoast_head":"<!-- This site is optimized with the Yoast SEO Premium plugin v24.4 (Yoast SEO v26.5) - https:\/\/yoast.com\/wordpress\/plugins\/seo\/ -->\n<title>Patient Warming Solutions - Gentherm Medical<\/title>\n<meta name=\"description\" content=\"Discover Gentherm&#039;s Patient Warming solutions designed to maintain normothermia and combat unintended intraoperative hypothermia.\" \/>\n<meta name=\"robots\" content=\"index, follow, max-snippet:-1, max-image-preview:large, max-video-preview:-1\" \/>\n<link rel=\"canonical\" href=\"https:\/\/gentherm.com\/de\/medical\/patient-warming\/\" \/>\n<meta property=\"og:locale\" content=\"de_DE\" \/>\n<meta property=\"og:type\" content=\"article\" \/>\n<meta property=\"og:title\" content=\"Patient Warming\" \/>\n<meta property=\"og:description\" content=\"Discover Gentherm&#039;s Patient Warming solutions designed to maintain normothermia and combat unintended intraoperative hypothermia.\" \/>\n<meta property=\"og:url\" content=\"https:\/\/gentherm.com\/de\/medical\/patient-warming\/\" \/>\n<meta property=\"og:site_name\" content=\"Gentherm\" \/>\n<meta property=\"article:publisher\" content=\"https:\/\/www.facebook.com\/Gentherm\" \/>\n<meta property=\"article:modified_time\" content=\"2024-02-01T18:14:13+00:00\" \/>\n<meta property=\"og:image\" content=\"https:\/\/gentherm.com\/\/wp-content\/uploads\/Patient-Warming-Landing.png\" \/>\n<meta name=\"twitter:card\" content=\"summary_large_image\" \/>\n<meta name=\"twitter:site\" content=\"@Gentherm\" \/>\n<meta name=\"twitter:label1\" content=\"Gesch\u00e4tzte Lesezeit\" \/>\n\t<meta name=\"twitter:data1\" content=\"2\u00a0Minuten\" \/>\n<script type=\"application\/ld+json\" class=\"yoast-schema-graph\">{\"@context\":\"https:\/\/schema.org\",\"@graph\":[{\"@type\":\"WebPage\",\"@id\":\"https:\/\/gentherm.com\/en\/medical\/patient-warming\/\",\"url\":\"https:\/\/gentherm.com\/en\/medical\/patient-warming\/\",\"name\":\"Patient Warming Solutions - Gentherm Medical\",\"isPartOf\":{\"@id\":\"https:\/\/gentherm.com\/zh-hans\/#website\"},\"primaryImageOfPage\":{\"@id\":\"https:\/\/gentherm.com\/en\/medical\/patient-warming\/#primaryimage\"},\"image\":{\"@id\":\"https:\/\/gentherm.com\/en\/medical\/patient-warming\/#primaryimage\"},\"thumbnailUrl\":\"https:\/\/gentherm.com\/\/wp-content\/uploads\/Patient-Warming-Landing.png\",\"datePublished\":\"2023-11-30T00:45:03+00:00\",\"dateModified\":\"2024-02-01T18:14:13+00:00\",\"description\":\"Discover Gentherm's Patient Warming solutions designed to maintain normothermia and combat unintended intraoperative hypothermia.\",\"breadcrumb\":{\"@id\":\"https:\/\/gentherm.com\/en\/medical\/patient-warming\/#breadcrumb\"},\"inLanguage\":\"de\",\"potentialAction\":[{\"@type\":\"ReadAction\",\"target\":[\"https:\/\/gentherm.com\/en\/medical\/patient-warming\/\"]}]},{\"@type\":\"ImageObject\",\"inLanguage\":\"de\",\"@id\":\"https:\/\/gentherm.com\/en\/medical\/patient-warming\/#primaryimage\",\"url\":\"https:\/\/gentherm.com\/\/wp-content\/uploads\/Patient-Warming-Landing.png\",\"contentUrl\":\"https:\/\/gentherm.com\/\/wp-content\/uploads\/Patient-Warming-Landing.png\"},{\"@type\":\"BreadcrumbList\",\"@id\":\"https:\/\/gentherm.com\/en\/medical\/patient-warming\/#breadcrumb\",\"itemListElement\":[{\"@type\":\"ListItem\",\"position\":1,\"name\":\"Home\",\"item\":\"https:\/\/gentherm.com\/en\/\"},{\"@type\":\"ListItem\",\"position\":2,\"name\":\"Medical\",\"item\":\"https:\/\/gentherm.com\/en\/medical\/\"},{\"@type\":\"ListItem\",\"position\":3,\"name\":\"Patient Warming\"}]},{\"@type\":\"WebSite\",\"@id\":\"https:\/\/gentherm.com\/zh-hans\/#website\",\"url\":\"https:\/\/gentherm.com\/zh-hans\/\",\"name\":\"Gentherm\",\"description\":\"\",\"publisher\":{\"@id\":\"https:\/\/gentherm.com\/zh-hans\/#organization\"},\"potentialAction\":[{\"@type\":\"SearchAction\",\"target\":{\"@type\":\"EntryPoint\",\"urlTemplate\":\"https:\/\/gentherm.com\/zh-hans\/?s={search_term_string}\"},\"query-input\":{\"@type\":\"PropertyValueSpecification\",\"valueRequired\":true,\"valueName\":\"search_term_string\"}}],\"inLanguage\":\"de\"},{\"@type\":\"Organization\",\"@id\":\"https:\/\/gentherm.com\/zh-hans\/#organization\",\"name\":\"Gentherm\",\"url\":\"https:\/\/gentherm.com\/zh-hans\/\",\"logo\":{\"@type\":\"ImageObject\",\"inLanguage\":\"de\",\"@id\":\"https:\/\/gentherm.com\/zh-hans\/#\/schema\/logo\/image\/\",\"url\":\"https:\/\/gentherm.com\/wp-content\/uploads\/B_Gentherm_Wordmark-7.png\",\"contentUrl\":\"https:\/\/gentherm.com\/wp-content\/uploads\/B_Gentherm_Wordmark-7.png\",\"width\":2293,\"height\":261,\"caption\":\"Gentherm\"},\"image\":{\"@id\":\"https:\/\/gentherm.com\/zh-hans\/#\/schema\/logo\/image\/\"},\"sameAs\":[\"https:\/\/www.facebook.com\/Gentherm\",\"https:\/\/x.com\/Gentherm\",\"https:\/\/www.instagram.com\/gentherminc\/\",\"https:\/\/www.linkedin.com\/company\/2545469\",\"https:\/\/www.youtube.com\/channel\/UCutcYediaV7Jqdj1hyIUp5w\"]}]}<\/script>\n<!-- \/ Yoast SEO Premium plugin. -->","yoast_head_json":{"title":"Patient Warming Solutions - Gentherm Medical","description":"Discover Gentherm's Patient Warming solutions designed to maintain normothermia and combat unintended intraoperative hypothermia.","robots":{"index":"index","follow":"follow","max-snippet":"max-snippet:-1","max-image-preview":"max-image-preview:large","max-video-preview":"max-video-preview:-1"},"canonical":"https:\/\/gentherm.com\/de\/medical\/patient-warming\/","og_locale":"de_DE","og_type":"article","og_title":"Patient Warming","og_description":"Discover Gentherm's Patient Warming solutions designed to maintain normothermia and combat unintended intraoperative hypothermia.","og_url":"https:\/\/gentherm.com\/de\/medical\/patient-warming\/","og_site_name":"Gentherm","article_publisher":"https:\/\/www.facebook.com\/Gentherm","article_modified_time":"2024-02-01T18:14:13+00:00","og_image":[{"url":"https:\/\/gentherm.com\/\/wp-content\/uploads\/Patient-Warming-Landing.png","type":"","width":"","height":""}],"twitter_card":"summary_large_image","twitter_site":"@Gentherm","twitter_misc":{"Gesch\u00e4tzte Lesezeit":"2\u00a0Minuten"},"schema":{"@context":"https:\/\/schema.org","@graph":[{"@type":"WebPage","@id":"https:\/\/gentherm.com\/en\/medical\/patient-warming\/","url":"https:\/\/gentherm.com\/en\/medical\/patient-warming\/","name":"Patient Warming Solutions - Gentherm Medical","isPartOf":{"@id":"https:\/\/gentherm.com\/zh-hans\/#website"},"primaryImageOfPage":{"@id":"https:\/\/gentherm.com\/en\/medical\/patient-warming\/#primaryimage"},"image":{"@id":"https:\/\/gentherm.com\/en\/medical\/patient-warming\/#primaryimage"},"thumbnailUrl":"https:\/\/gentherm.com\/\/wp-content\/uploads\/Patient-Warming-Landing.png","datePublished":"2023-11-30T00:45:03+00:00","dateModified":"2024-02-01T18:14:13+00:00","description":"Discover Gentherm's Patient Warming solutions designed to maintain normothermia and combat unintended intraoperative hypothermia.","breadcrumb":{"@id":"https:\/\/gentherm.com\/en\/medical\/patient-warming\/#breadcrumb"},"inLanguage":"de","potentialAction":[{"@type":"ReadAction","target":["https:\/\/gentherm.com\/en\/medical\/patient-warming\/"]}]},{"@type":"ImageObject","inLanguage":"de","@id":"https:\/\/gentherm.com\/en\/medical\/patient-warming\/#primaryimage","url":"https:\/\/gentherm.com\/\/wp-content\/uploads\/Patient-Warming-Landing.png","contentUrl":"https:\/\/gentherm.com\/\/wp-content\/uploads\/Patient-Warming-Landing.png"},{"@type":"BreadcrumbList","@id":"https:\/\/gentherm.com\/en\/medical\/patient-warming\/#breadcrumb","itemListElement":[{"@type":"ListItem","position":1,"name":"Home","item":"https:\/\/gentherm.com\/en\/"},{"@type":"ListItem","position":2,"name":"Medical","item":"https:\/\/gentherm.com\/en\/medical\/"},{"@type":"ListItem","position":3,"name":"Patient Warming"}]},{"@type":"WebSite","@id":"https:\/\/gentherm.com\/zh-hans\/#website","url":"https:\/\/gentherm.com\/zh-hans\/","name":"Gentherm","description":"","publisher":{"@id":"https:\/\/gentherm.com\/zh-hans\/#organization"},"potentialAction":[{"@type":"SearchAction","target":{"@type":"EntryPoint","urlTemplate":"https:\/\/gentherm.com\/zh-hans\/?s={search_term_string}"},"query-input":{"@type":"PropertyValueSpecification","valueRequired":true,"valueName":"search_term_string"}}],"inLanguage":"de"},{"@type":"Organization","@id":"https:\/\/gentherm.com\/zh-hans\/#organization","name":"Gentherm","url":"https:\/\/gentherm.com\/zh-hans\/","logo":{"@type":"ImageObject","inLanguage":"de","@id":"https:\/\/gentherm.com\/zh-hans\/#\/schema\/logo\/image\/","url":"https:\/\/gentherm.com\/wp-content\/uploads\/B_Gentherm_Wordmark-7.png","contentUrl":"https:\/\/gentherm.com\/wp-content\/uploads\/B_Gentherm_Wordmark-7.png","width":2293,"height":261,"caption":"Gentherm"},"image":{"@id":"https:\/\/gentherm.com\/zh-hans\/#\/schema\/logo\/image\/"},"sameAs":["https:\/\/www.facebook.com\/Gentherm","https:\/\/x.com\/Gentherm","https:\/\/www.instagram.com\/gentherminc\/","https:\/\/www.linkedin.com\/company\/2545469","https:\/\/www.youtube.com\/channel\/UCutcYediaV7Jqdj1hyIUp5w"]}]}},"_links":{"self":[{"href":"https:\/\/gentherm.com\/de\/wp-json\/wp\/v2\/pages\/2295","targetHints":{"allow":["GET"]}}],"collection":[{"href":"https:\/\/gentherm.com\/de\/wp-json\/wp\/v2\/pages"}],"about":[{"href":"https:\/\/gentherm.com\/de\/wp-json\/wp\/v2\/types\/page"}],"author":[{"embeddable":true,"href":"https:\/\/gentherm.com\/de\/wp-json\/wp\/v2\/users\/2"}],"replies":[{"embeddable":true,"href":"https:\/\/gentherm.com\/de\/wp-json\/wp\/v2\/comments?post=2295"}],"version-history":[{"count":13,"href":"https:\/\/gentherm.com\/de\/wp-json\/wp\/v2\/pages\/2295\/revisions"}],"predecessor-version":[{"id":3459,"href":"https:\/\/gentherm.com\/de\/wp-json\/wp\/v2\/pages\/2295\/revisions\/3459"}],"up":[{"embeddable":true,"href":"https:\/\/gentherm.com\/de\/wp-json\/wp\/v2\/pages\/681"}],"wp:attachment":[{"href":"https:\/\/gentherm.com\/de\/wp-json\/wp\/v2\/media?parent=2295"}],"curies":[{"name":"wp","href":"https:\/\/api.w.org\/{rel}","templated":true}]}}