{"id":2298,"date":"2023-11-30T00:50:16","date_gmt":"2023-11-30T00:50:16","guid":{"rendered":"https:\/\/gentherm.com\/\/?page_id=2298"},"modified":"2024-02-01T18:36:01","modified_gmt":"2024-02-01T18:36:01","slug":"localized-therapy","status":"publish","type":"page","link":"https:\/\/gentherm.com\/de\/medical\/localized-therapy\/","title":{"rendered":"Lokalisierte Therapie"},"content":{"rendered":"<section><!-- MEDICAL PRODUCT - HEADER --><\/p>\n<div class=\"container pt-5 pb-3\">\n<div class=\"row m-0 gentherm-wrapper-left lc-block\">\n<div class=\"col-12 col-lg-6 pt-5 order-2 order-xl-1\">\n<h1 class=\"section-title pb-5\" editable=\"rich\">\n<p>Lokalisierte Therapie<\/p>\n<\/h1>\n<p class=\"feature-content-text-sm text-dark\" editable=\"rich\">Die lokalisierten Therapiel\u00f6sungen von Gentherm liefern eine k\u00fchlende oder w\u00e4rmende Therapie direkt am Schmerzpunkt. Diese gezielten therapeutischen Systeme sind kompakt und einfach anzuwenden und liefern konsistente K\u00fchlung oder W\u00e4rme an einen spezifischen Bereich des K\u00f6rpers durch flexible und weiche Pads und Decken.<\/p>\n<\/p><\/div>\n<div class=\"col-12 col-lg-5 offset-lg-1 pt-5 order-1 order-xl-2 p-0 d-flex justify-content-end align-items-end\">\n\t\t\t\t<img loading=\"lazy\" decoding=\"async\" src=\"https:\/\/gentherm.com\/\/wp-content\/uploads\/Localized-Therapy.png\" alt=\"\" class=\"d-none d-md-block w-75 wp-image-3073\" width=\"677\" height=\"677\" srcset=\"https:\/\/gentherm.com\/\/wp-content\/uploads\/Localized-Therapy.png 677w, https:\/\/gentherm.com\/\/wp-content\/uploads\/Localized-Therapy-300x300.png 300w, https:\/\/gentherm.com\/\/wp-content\/uploads\/Localized-Therapy-150x150.png 150w, https:\/\/gentherm.com\/\/wp-content\/uploads\/Localized-Therapy-12x12.png 12w\" sizes=\"auto, (max-width: 677px) 100vw, 677px\">\n\t\t\t<\/div>\n<\/p><\/div>\n<\/p><\/div>\n<\/section>\n<section>\n<div class=\"container-fluid pt-3\">\n<div class=\"container pt-3\">\n<div class=\"row m-0 gentherm-wrapper lc-block\">\n<div class=\"col-12 col-md-6\">\n<div class=\"feature-content-title\" editable=\"inline\">Lokalisierte Therapie<br \/>Produkte<\/div>\n<\/p><\/div>\n<\/p><\/div>\n<\/p><\/div>\n<\/p><\/div>\n<\/section>\n<section> <!-- CONTENT SLIDER SECTION --><\/p>\n<div class=\"container-fluid m-0\">\n<div class=\"container\">\n<div class=\"row m-0 gentherm-wrapper\">\n<div class=\"swiper medicalSolutionsSlider\">\n<div class=\"swiperNav2\">\n<div class=\"swiper-button-next\"><\/div>\n<div class=\"swiper-button-prev\"><\/div>\n<\/p><\/div>\n<div class=\"swiper-wrapper pb-3 pb-md-5\">\n<div class=\"swiper-slide\"><a href=\"\/de\/medical\/electri-cool-2\/\" class=\"card mb-3\"><\/p>\n<div class=\"row g-0\">\n<div class=\"col-12 align-self-center text-start\">\n<div class=\"solutions-number\" editable=\"inline\">01<\/div>\n<div class=\"solutions-number-title\" editable=\"inline\">Electri-Cool\u00ae II\u2028<\/div>\n<div class=\"solutions-image-wrapper lc-block\">\n\t\t\t\t\t\t\t\t\t\t\t<img loading=\"lazy\" decoding=\"async\" src=\"https:\/\/gentherm.com\/\/wp-content\/uploads\/Electri-Cool\u00ae-II\u2028Cold-Therapy-System.png\" class=\"img-fluid solutions-number-img wp-image-3074\" alt=\"\" width=\"677\" height=\"677\" srcset=\"https:\/\/gentherm.com\/\/wp-content\/uploads\/Electri-Cool\u00ae-II\u2028Cold-Therapy-System.png 677w, https:\/\/gentherm.com\/\/wp-content\/uploads\/Electri-Cool\u00ae-II\u2028Cold-Therapy-System-300x300.png 300w, https:\/\/gentherm.com\/\/wp-content\/uploads\/Electri-Cool\u00ae-II\u2028Cold-Therapy-System-150x150.png 150w, https:\/\/gentherm.com\/\/wp-content\/uploads\/Electri-Cool\u00ae-II\u2028Cold-Therapy-System-12x12.png 12w\" sizes=\"auto, (max-width: 677px) 100vw, 677px\">\n\t\t\t\t\t\t\t\t\t\t<\/div>\n<\/p><\/div>\n<\/p><\/div>\n<p>\t\t\t\t\t\t\t<\/a><\/div>\n<div class=\"swiper-slide\"><a href=\"\/de\/medical\/micro-temp-lt\/\" class=\"card mb-3\"><\/p>\n<div class=\"row g-0\">\n<div class=\"col-12 align-self-center text-start\">\n<div class=\"solutions-number\" editable=\"inline\">02<\/div>\n<div class=\"solutions-number-title\" editable=\"inline\">Micro-Temp\u00ae LT&nbsp;<\/div>\n<div class=\"solutions-image-wrapper lc-block\">\n\t\t\t\t\t\t\t\t\t\t\t<img loading=\"lazy\" decoding=\"async\" src=\"https:\/\/gentherm.com\/\/wp-content\/uploads\/Micro-Temp\u00ae-LT.png\" class=\"img-fluid solutions-number-img wp-image-3075\" alt=\"\" width=\"677\" height=\"677\" srcset=\"https:\/\/gentherm.com\/\/wp-content\/uploads\/Micro-Temp\u00ae-LT.png 677w, https:\/\/gentherm.com\/\/wp-content\/uploads\/Micro-Temp\u00ae-LT-300x300.png 300w, https:\/\/gentherm.com\/\/wp-content\/uploads\/Micro-Temp\u00ae-LT-150x150.png 150w, https:\/\/gentherm.com\/\/wp-content\/uploads\/Micro-Temp\u00ae-LT-12x12.png 12w\" sizes=\"auto, (max-width: 677px) 100vw, 677px\">\n\t\t\t\t\t\t\t\t\t\t<\/div>\n<\/p><\/div>\n<\/p><\/div>\n<p>\t\t\t\t\t\t\t<\/a><\/div>\n<div class=\"swiper-slide\">\n\t\t\t\t\t\t\t<a href=\"\/de\/medical\/cool-repeat\/\" class=\"card mb-3\"><\/p>\n<div class=\"row g-0\"><\/div>\n<p>\t\t\t\t\t\t\t<\/a>\n\t\t\t\t\t\t<\/div>\n<\/p><\/div>\n<\/p><\/div>\n<\/p><\/div>\n<\/p><\/div>\n<\/p><\/div>\n<p>\t<script>\n\t\t\tvar medicalSolutionsSlider = new Swiper(\".medicalSolutionsSlider\", {\n\t\t\t\t\tslidesPerView: 1,\n\t\t\t\t\tspaceBetween: 10,\n\t\t\t\t\tnavigation: {\n\t\t\t\t\tnextEl: \".swiper-button-next\",\n\t\t\t\t\tprevEl: \".swiper-button-prev\",\n\t\t\t\t},\n\t\t\t\tbreakpoints: {\n\t\t\t\t\t640: {\n\t\t\t\t\tslidesPerView: 1,\n\t\t\t\t\tspaceBetween: 20,\n\t\t\t\t\t},\n\t\t\t\t\t768: {\n\t\t\t\t\tslidesPerView: 2,\n\t\t\t\t\tspaceBetween: 20,\n\t\t\t\t\t},\t\t\t  \n\t\t\t\t\t1024: {\n\t\t\t\t\tslidesPerView: 4,\n\t\t\t\t\tspaceBetween: 20,\n\t\t\t\t\t},\n\t\t\t\t},\n\t\t\t});\t\t\t\n\t\t<\/script><br \/>\n<\/section>\n<section><!-- CONTENT BLOCK - BIG WORD NAVIGATION --><\/p>\n<div class=\"container-fluid py-5  bg-brand-ltgrey\">\n<div class=\"row lc-block\" id=\"bigwordswrapper\">\n<div class=\"col-12 d-flex align-items-center justify-content-center\" style=\"position: relative;\">\n<ul class=\"bigwords\">\n<li class=\"translation-block\">Patiententemperaturmanagement<\/li>\n<li class=\"translation-block\">Patientenw\u00e4rmung<\/li>\n<li><a href=\"#\" editable=\"inline\" id=\"localized-therapy\" class=\"text-cyan\">Lokalisierte Therapie<\/a><\/li>\n<li><a href=\"#\" editable=\"inline\" id=\"blood-fluid-temperature-control\">Blood\/Fluid<br \/>Temperature Management<\/a><\/li>\n<\/ul>\n<p>\t\t\t\t<a href=\"#\" id=\"bigwordsthumbnail\"><img alt=\"\"><\/a>\n\t\t\t<\/div>\n<\/p><\/div>\n<\/p><\/div>\n<p>\t<script src=\"https:\/\/ajax.googleapis.com\/ajax\/libs\/jquery\/3.2.1\/jquery.min.js\"><\/script><br \/>\n\t<script>\n\tjQuery(document).ready(function() {\n\t\tjQuery(\"ul.bigwords li a\").hover(function(){\n\t\t\tjQuery(this).attr('href','\/medical\/'+jQuery(this).attr(\"id\")+'\/');\t\t\t\n\/\/\t\t\tjQuery(\"#bigwordsthumbnail img\").attr('src','\/wp-content\/uploads\/bigwords-thumb-'+jQuery(this).attr(\"id\")+'.jpg');\n\/\/\t\t\tjQuery(\"#bigwordsthumbnail\").attr('href','\/automotive\/'+jQuery(this).attr(\"id\")+'\/');\n\/\/\t\t  \t\tjQuery(\"#bigwordsthumbnail\").show();\n\t\t});<\/p>\n<p>\/\/\t\tjQuery(\"#bigwordswrapper\").mouseleave(function(){\n\/\/\t\t\tjQuery(\"#bigwordsthumbnail\").hide();\n\/\/\t\t});\n\t});\n<\/script><br \/>\n<\/section>\n<section>\n<div lc-helper=\"shortcode\" class=\"live-shortcode\"><section> <!-- CAREERS SECTION -->\r\n\t<div class=\"container-fluid m-0 p-0 bg-brand-purple py-4\" id=\"careers\">\r\n\t\t<div class=\"container\">\r\n\t\t\t<div class=\"row m-0 gentherm-wrapper-left\">\r\n\t\t\t\t<!-- <div class=\"col-12 col-md-2 d-none d-md-block career-spacer-start\"><\/div> -->\r\n\t\t\t\t<div class=\"col-12 col-md-8\">\r\n\t\t\t\t\t<div class=\"row\">\r\n\t\t\t\t\t\t<div class=\"col-12 text-white lc-block\">\r\n\t\t\t\t\t\t\t<div class=\"section-title py-4 translation-block\">Werde Teil von uns<\/div>\r\n\t\t\t\t\t\t<\/div>\r\n\t\t\t\t\t<\/div>\r\n\t\t\t\t\t<div class=\"row text-white\">\r\n\t\t\t\t\t\t<div class=\"col-12 col-md-4 lc-block\">\r\n\t\t\t\t\t\t\t<div class=\"content-title p-3\">Opportunity To<br class=\"dOnly\"> The Next Degree<\/div>\r\n\t\t\t\t\t\t<\/div>\r\n\t\t\t\t\t\t<div class=\"col-12 col-md-8 text-white lc-block\">\r\n\t\t\t\t\t\t\t<div class=\"p-3 careers-text\">\r\n\t\t\t\t\t\t\t\t<p class=\"ps-3\">Unsere Mitarbeiterinnen und Mitarbeiter sind die treibende Kraft f\u00fcr neue Ideen und die Technologie von morgen.<\/p>\r\n\t\t\t\t\t\t\t\t<p class=\"ps-3\"><a href=\"\/de\/careers\/\" class=\"btn-with-arrow-white\">Karriereseite<\/a><\/p>\r\n\t\t\t\t\t\t\t<\/div>\r\n\t\t\t\t\t\t<\/div>\r\n\t\t\t\t\t<\/div>\r\n\t\t\t\t<\/div>\r\n\t\t\t\t<div class=\"col-12 col-md-4 d-flex align-items-end flex-column p-0\">\r\n\t\t\t\t\t<img decoding=\"async\" src=\"\/wp-content\/uploads\/home-careers.png\" class=\"\" alt=\"Work With Us\" style=\"padding: 36px 0 50px 0;\">\r\n\t\t\t\t<\/div>\r\n\t\t\t<\/div>\r\n\t\t<\/div>\r\n\t<\/div>\r\n<\/section><\/div>\n<\/section>","protected":false},"excerpt":{"rendered":"<p>Localized Therapy Gentherm\u2019s localized therapy solutions deliver cooling or warming therapy directly at the point of pain. These targeted, therapeutic systems are compact, easy to use and deliver consistent cooling or warmth to a specific area of the body through flexible and soft pads and blankets. Localized TherapyProducts 01 Electri-Cool\u00ae II\u2028 02 Micro-Temp\u00ae LT&nbsp; Patient [&hellip;]<\/p>","protected":false},"author":2,"featured_media":0,"parent":681,"menu_order":0,"comment_status":"closed","ping_status":"closed","template":"page-templates\/page-blank-black-nav.php","meta":{"_acf_changed":false,"footnotes":""},"class_list":["post-2298","page","type-page","status-publish","hentry"],"acf":[],"yoast_head":"<!-- This site is optimized with the Yoast SEO Premium plugin v24.4 (Yoast SEO v26.5) - https:\/\/yoast.com\/wordpress\/plugins\/seo\/ -->\n<title>Localized Therapy Solutions - Gentherm Medical<\/title>\n<meta name=\"description\" content=\"Gentherm\u2019s portable localized therapy solutions deliver cooling or warming therapy directly at the point of pain.\" \/>\n<meta name=\"robots\" content=\"index, follow, max-snippet:-1, max-image-preview:large, max-video-preview:-1\" \/>\n<link rel=\"canonical\" href=\"https:\/\/gentherm.com\/de\/medical\/localized-therapy\/\" \/>\n<meta property=\"og:locale\" content=\"de_DE\" \/>\n<meta property=\"og:type\" content=\"article\" \/>\n<meta property=\"og:title\" content=\"Localized Therapy\" \/>\n<meta property=\"og:description\" content=\"Gentherm\u2019s portable localized therapy solutions deliver cooling or warming therapy directly at the point of pain.\" \/>\n<meta property=\"og:url\" content=\"https:\/\/gentherm.com\/de\/medical\/localized-therapy\/\" \/>\n<meta property=\"og:site_name\" content=\"Gentherm\" \/>\n<meta property=\"article:publisher\" content=\"https:\/\/www.facebook.com\/Gentherm\" \/>\n<meta property=\"article:modified_time\" content=\"2024-02-01T18:36:01+00:00\" \/>\n<meta property=\"og:image\" content=\"https:\/\/gentherm.com\/\/wp-content\/uploads\/Localized-Therapy.png\" \/>\n<meta name=\"twitter:card\" content=\"summary_large_image\" \/>\n<meta name=\"twitter:site\" content=\"@Gentherm\" \/>\n<meta name=\"twitter:label1\" content=\"Gesch\u00e4tzte Lesezeit\" \/>\n\t<meta name=\"twitter:data1\" content=\"2\u00a0Minuten\" \/>\n<script type=\"application\/ld+json\" class=\"yoast-schema-graph\">{\"@context\":\"https:\/\/schema.org\",\"@graph\":[{\"@type\":\"WebPage\",\"@id\":\"https:\/\/gentherm.com\/en\/medical\/localized-therapy\/\",\"url\":\"https:\/\/gentherm.com\/en\/medical\/localized-therapy\/\",\"name\":\"Localized Therapy Solutions - Gentherm Medical\",\"isPartOf\":{\"@id\":\"https:\/\/gentherm.com\/zh-hans\/#website\"},\"primaryImageOfPage\":{\"@id\":\"https:\/\/gentherm.com\/en\/medical\/localized-therapy\/#primaryimage\"},\"image\":{\"@id\":\"https:\/\/gentherm.com\/en\/medical\/localized-therapy\/#primaryimage\"},\"thumbnailUrl\":\"https:\/\/gentherm.com\/\/wp-content\/uploads\/Localized-Therapy.png\",\"datePublished\":\"2023-11-30T00:50:16+00:00\",\"dateModified\":\"2024-02-01T18:36:01+00:00\",\"description\":\"Gentherm\u2019s portable localized therapy solutions deliver cooling or warming therapy directly at the point of pain.\",\"breadcrumb\":{\"@id\":\"https:\/\/gentherm.com\/en\/medical\/localized-therapy\/#breadcrumb\"},\"inLanguage\":\"de\",\"potentialAction\":[{\"@type\":\"ReadAction\",\"target\":[\"https:\/\/gentherm.com\/en\/medical\/localized-therapy\/\"]}]},{\"@type\":\"ImageObject\",\"inLanguage\":\"de\",\"@id\":\"https:\/\/gentherm.com\/en\/medical\/localized-therapy\/#primaryimage\",\"url\":\"https:\/\/gentherm.com\/\/wp-content\/uploads\/Localized-Therapy.png\",\"contentUrl\":\"https:\/\/gentherm.com\/\/wp-content\/uploads\/Localized-Therapy.png\"},{\"@type\":\"BreadcrumbList\",\"@id\":\"https:\/\/gentherm.com\/en\/medical\/localized-therapy\/#breadcrumb\",\"itemListElement\":[{\"@type\":\"ListItem\",\"position\":1,\"name\":\"Home\",\"item\":\"https:\/\/gentherm.com\/en\/\"},{\"@type\":\"ListItem\",\"position\":2,\"name\":\"Medical\",\"item\":\"https:\/\/gentherm.com\/en\/medical\/\"},{\"@type\":\"ListItem\",\"position\":3,\"name\":\"Localized Therapy\"}]},{\"@type\":\"WebSite\",\"@id\":\"https:\/\/gentherm.com\/zh-hans\/#website\",\"url\":\"https:\/\/gentherm.com\/zh-hans\/\",\"name\":\"Gentherm\",\"description\":\"\",\"publisher\":{\"@id\":\"https:\/\/gentherm.com\/zh-hans\/#organization\"},\"potentialAction\":[{\"@type\":\"SearchAction\",\"target\":{\"@type\":\"EntryPoint\",\"urlTemplate\":\"https:\/\/gentherm.com\/zh-hans\/?s={search_term_string}\"},\"query-input\":{\"@type\":\"PropertyValueSpecification\",\"valueRequired\":true,\"valueName\":\"search_term_string\"}}],\"inLanguage\":\"de\"},{\"@type\":\"Organization\",\"@id\":\"https:\/\/gentherm.com\/zh-hans\/#organization\",\"name\":\"Gentherm\",\"url\":\"https:\/\/gentherm.com\/zh-hans\/\",\"logo\":{\"@type\":\"ImageObject\",\"inLanguage\":\"de\",\"@id\":\"https:\/\/gentherm.com\/zh-hans\/#\/schema\/logo\/image\/\",\"url\":\"https:\/\/gentherm.com\/wp-content\/uploads\/B_Gentherm_Wordmark-7.png\",\"contentUrl\":\"https:\/\/gentherm.com\/wp-content\/uploads\/B_Gentherm_Wordmark-7.png\",\"width\":2293,\"height\":261,\"caption\":\"Gentherm\"},\"image\":{\"@id\":\"https:\/\/gentherm.com\/zh-hans\/#\/schema\/logo\/image\/\"},\"sameAs\":[\"https:\/\/www.facebook.com\/Gentherm\",\"https:\/\/x.com\/Gentherm\",\"https:\/\/www.instagram.com\/gentherminc\/\",\"https:\/\/www.linkedin.com\/company\/2545469\",\"https:\/\/www.youtube.com\/channel\/UCutcYediaV7Jqdj1hyIUp5w\"]}]}<\/script>\n<!-- \/ Yoast SEO Premium plugin. -->","yoast_head_json":{"title":"Localized Therapy Solutions - Gentherm Medical","description":"Gentherm\u2019s portable localized therapy solutions deliver cooling or warming therapy directly at the point of pain.","robots":{"index":"index","follow":"follow","max-snippet":"max-snippet:-1","max-image-preview":"max-image-preview:large","max-video-preview":"max-video-preview:-1"},"canonical":"https:\/\/gentherm.com\/de\/medical\/localized-therapy\/","og_locale":"de_DE","og_type":"article","og_title":"Localized Therapy","og_description":"Gentherm\u2019s portable localized therapy solutions deliver cooling or warming therapy directly at the point of pain.","og_url":"https:\/\/gentherm.com\/de\/medical\/localized-therapy\/","og_site_name":"Gentherm","article_publisher":"https:\/\/www.facebook.com\/Gentherm","article_modified_time":"2024-02-01T18:36:01+00:00","og_image":[{"url":"https:\/\/gentherm.com\/\/wp-content\/uploads\/Localized-Therapy.png","type":"","width":"","height":""}],"twitter_card":"summary_large_image","twitter_site":"@Gentherm","twitter_misc":{"Gesch\u00e4tzte Lesezeit":"2\u00a0Minuten"},"schema":{"@context":"https:\/\/schema.org","@graph":[{"@type":"WebPage","@id":"https:\/\/gentherm.com\/en\/medical\/localized-therapy\/","url":"https:\/\/gentherm.com\/en\/medical\/localized-therapy\/","name":"Localized Therapy Solutions - Gentherm Medical","isPartOf":{"@id":"https:\/\/gentherm.com\/zh-hans\/#website"},"primaryImageOfPage":{"@id":"https:\/\/gentherm.com\/en\/medical\/localized-therapy\/#primaryimage"},"image":{"@id":"https:\/\/gentherm.com\/en\/medical\/localized-therapy\/#primaryimage"},"thumbnailUrl":"https:\/\/gentherm.com\/\/wp-content\/uploads\/Localized-Therapy.png","datePublished":"2023-11-30T00:50:16+00:00","dateModified":"2024-02-01T18:36:01+00:00","description":"Gentherm\u2019s portable localized therapy solutions deliver cooling or warming therapy directly at the point of pain.","breadcrumb":{"@id":"https:\/\/gentherm.com\/en\/medical\/localized-therapy\/#breadcrumb"},"inLanguage":"de","potentialAction":[{"@type":"ReadAction","target":["https:\/\/gentherm.com\/en\/medical\/localized-therapy\/"]}]},{"@type":"ImageObject","inLanguage":"de","@id":"https:\/\/gentherm.com\/en\/medical\/localized-therapy\/#primaryimage","url":"https:\/\/gentherm.com\/\/wp-content\/uploads\/Localized-Therapy.png","contentUrl":"https:\/\/gentherm.com\/\/wp-content\/uploads\/Localized-Therapy.png"},{"@type":"BreadcrumbList","@id":"https:\/\/gentherm.com\/en\/medical\/localized-therapy\/#breadcrumb","itemListElement":[{"@type":"ListItem","position":1,"name":"Home","item":"https:\/\/gentherm.com\/en\/"},{"@type":"ListItem","position":2,"name":"Medical","item":"https:\/\/gentherm.com\/en\/medical\/"},{"@type":"ListItem","position":3,"name":"Localized Therapy"}]},{"@type":"WebSite","@id":"https:\/\/gentherm.com\/zh-hans\/#website","url":"https:\/\/gentherm.com\/zh-hans\/","name":"Gentherm","description":"","publisher":{"@id":"https:\/\/gentherm.com\/zh-hans\/#organization"},"potentialAction":[{"@type":"SearchAction","target":{"@type":"EntryPoint","urlTemplate":"https:\/\/gentherm.com\/zh-hans\/?s={search_term_string}"},"query-input":{"@type":"PropertyValueSpecification","valueRequired":true,"valueName":"search_term_string"}}],"inLanguage":"de"},{"@type":"Organization","@id":"https:\/\/gentherm.com\/zh-hans\/#organization","name":"Gentherm","url":"https:\/\/gentherm.com\/zh-hans\/","logo":{"@type":"ImageObject","inLanguage":"de","@id":"https:\/\/gentherm.com\/zh-hans\/#\/schema\/logo\/image\/","url":"https:\/\/gentherm.com\/wp-content\/uploads\/B_Gentherm_Wordmark-7.png","contentUrl":"https:\/\/gentherm.com\/wp-content\/uploads\/B_Gentherm_Wordmark-7.png","width":2293,"height":261,"caption":"Gentherm"},"image":{"@id":"https:\/\/gentherm.com\/zh-hans\/#\/schema\/logo\/image\/"},"sameAs":["https:\/\/www.facebook.com\/Gentherm","https:\/\/x.com\/Gentherm","https:\/\/www.instagram.com\/gentherminc\/","https:\/\/www.linkedin.com\/company\/2545469","https:\/\/www.youtube.com\/channel\/UCutcYediaV7Jqdj1hyIUp5w"]}]}},"_links":{"self":[{"href":"https:\/\/gentherm.com\/de\/wp-json\/wp\/v2\/pages\/2298","targetHints":{"allow":["GET"]}}],"collection":[{"href":"https:\/\/gentherm.com\/de\/wp-json\/wp\/v2\/pages"}],"about":[{"href":"https:\/\/gentherm.com\/de\/wp-json\/wp\/v2\/types\/page"}],"author":[{"embeddable":true,"href":"https:\/\/gentherm.com\/de\/wp-json\/wp\/v2\/users\/2"}],"replies":[{"embeddable":true,"href":"https:\/\/gentherm.com\/de\/wp-json\/wp\/v2\/comments?post=2298"}],"version-history":[{"count":7,"href":"https:\/\/gentherm.com\/de\/wp-json\/wp\/v2\/pages\/2298\/revisions"}],"predecessor-version":[{"id":3461,"href":"https:\/\/gentherm.com\/de\/wp-json\/wp\/v2\/pages\/2298\/revisions\/3461"}],"up":[{"embeddable":true,"href":"https:\/\/gentherm.com\/de\/wp-json\/wp\/v2\/pages\/681"}],"wp:attachment":[{"href":"https:\/\/gentherm.com\/de\/wp-json\/wp\/v2\/media?parent=2298"}],"curies":[{"name":"wp","href":"https:\/\/api.w.org\/{rel}","templated":true}]}}