{"id":2825,"date":"2026-01-10T12:00:00","date_gmt":"2026-01-10T12:00:00","guid":{"rendered":"https:\/\/gentherm.com\/\/?page_id=2825"},"modified":"2026-01-10T12:00:00","modified_gmt":"2026-01-10T12:00:00","slug":"service-support","status":"publish","type":"page","link":"https:\/\/gentherm.com\/de\/service-support\/","title":{"rendered":"Service &#038; Support"},"content":{"rendered":"<section><!-- PAGE TITLE --><\/p>\n<div class=\"container-fluid m-0 pt-5 pt-md-5 sub-page-header\" id=\"\">\n<div class=\"container\">\n<div class=\"row m-0 gentherm-wrapper\">\n<div class=\"col-12 m-0 p-0 pt-md-5\">\n<h1 class=\"section-title py-4\" editable=\"inline\">Dienstleistungen &amp; Support<\/h1>\n<\/p><\/div>\n<\/p><\/div>\n<\/p><\/div>\n<\/p><\/div>\n<\/section>\n<section><!-- CONTENT BLOCK - SECTION INTRO - WITH IMAGE --><\/p>\n<div class=\"container-fluid pt-3 pt-md-5\">\n<div class=\"container\">\n<div class=\"row gentherm-wrapper lc-block\">\n<div class=\"col-12 col-md-5 offset-md-1 d-flex align-items-start\" style=\"position: relative;\">\n\t\t\t\t\t<img loading=\"lazy\" decoding=\"async\" src=\"https:\/\/gentherm.com\/wp-content\/uploads\/medical-carousel-patient-temperature-management.jpg\" alt=\"\" class=\"feature-content-img py-md-5 p-md-0 wp-image-1847\" width=\"540\" height=\"540\" srcset=\"https:\/\/gentherm.com\/wp-content\/uploads\/medical-carousel-patient-temperature-management.jpg 540w, https:\/\/gentherm.com\/wp-content\/uploads\/medical-carousel-patient-temperature-management-300x300.jpg 300w, https:\/\/gentherm.com\/wp-content\/uploads\/medical-carousel-patient-temperature-management-150x150.jpg 150w, https:\/\/gentherm.com\/wp-content\/uploads\/medical-carousel-patient-temperature-management-12x12.jpg 12w\" sizes=\"auto, (max-width: 540px) 100vw, 540px\">\n\t\t\t\t<\/div>\n<div class=\"col-12 col-md-5 offset-md-1 section-intro-image-right\">\n<p class=\"feature-content-text text-black\" editable=\"rich\">\n<p>Gentherms Engagement f\u00fcr Ihre Zufriedenheit wird in unserem umfassenden Service- und Supportprogramm zum Ausdruck gebracht. Wir wissen, dass die Zuverl\u00e4ssigkeit Ihrer Ger\u00e4te f\u00fcr eine au\u00dfergew\u00f6hnliche Patientenversorgung von entscheidender Bedeutung ist. Unsere Service- und Support-Programme sind sorgf\u00e4ltig ausgelegt, um Ausfallzeiten Ihrer Ger\u00e4te bei maximaler Leistung zu minimieren und die Effizienz zu optimieren.<\/p>\n<div class=\"feature-content-text pb-5\" editable=\"rich\">\n<div class=\"accordion accordion-dark\" id=\"featureContentAccordion\" style=\"margin-top: 0;\">\n<div class=\"accordion-item\">\n<h2 class=\"accordion-header\">\n\t\t\t\t\t\t\t\t\t<button class=\"accordion-button text-black collapsed\" type=\"button\" data-bs-toggle=\"collapse\" data-bs-target=\"#collapseOne\" aria-expanded=\"true\" aria-controls=\"collapseOne\" editable=\"inline\"><br \/>\n\t\t\t\t\t\t\t\t\t\tSales Support<br \/>\n\t\t\t\t\t\t\t\t\t<\/button><br \/>\n\t\t\t\t\t\t\t\t<\/h2>\n<div id=\"collapseOne\" class=\"accordion-collapse collapse\" data-bs-parent=\"#featureContentAccordion\">\n<div class=\"accordion-body text-black\" editable=\"rich\">\n<p>Gentherm bietet unseren Kunden rund um die Uhr klinischen Support. Unser klinisches Personal wird in der Lage sein, Fragen zu Gentherm-Produkten zu beantworten, Ihrem Team bei dem Verst\u00e4ndnis neuer Protokolle zu helfen und in Ihrer Einrichtung Personalschulungen abzuhalten.<\/p>\n<p><strong>Wenn Sie sofortige Hilfe ben\u00f6tigen, kontaktieren Sie bitte unsere klinischen Berater unter der Rufnummer 513-460-2038.<\/strong><\/p>\n<\/p><\/div>\n<\/p><\/div>\n<\/p><\/div>\n<div class=\"accordion-item\">\n<h2 class=\"accordion-header\">\n\t\t\t\t\t\t\t\t\t<button class=\"accordion-button text-black collapsed\" type=\"button\" data-bs-toggle=\"collapse\" data-bs-target=\"#collapseTwo\" aria-expanded=\"false\" aria-controls=\"collapseTwo\" editable=\"inline\"><br \/>\n\t\t\t\t\t\t\t\t\t\tKlinischer Support<br \/>\n\t\t\t\t\t\t\t\t\t<\/button><br \/>\n\t\t\t\t\t\t\t\t<\/h2>\n<div id=\"collapseTwo\" class=\"accordion-collapse collapse\" data-bs-parent=\"#featureContentAccordion\">\n<div class=\"accordion-body text-black\" editable=\"rich\">\n<p>Gentherm bietet unseren Kunden rund um die Uhr klinischen Support. Unser klinisches Personal wird in der Lage sein, Fragen zu Gentherm-Produkten zu beantworten, Ihrem Team bei dem Verst\u00e4ndnis neuer Protokolle zu helfen und in Ihrer Einrichtung Personalschulungen abzuhalten. <strong>Wenn Sie sofortige Hilfe ben\u00f6tigen, kontaktieren Sie bitte unsere klinischen Berater unter der Rufnummer 513-460-2038.<\/strong><\/p>\n<\/p><\/div>\n<\/p><\/div>\n<\/p><\/div>\n<div class=\"accordion-item\">\n<h2 class=\"accordion-header\">\n\t\t\t\t\t\t\t\t\t<button class=\"accordion-button text-black collapsed\" type=\"button\" data-bs-toggle=\"collapse\" data-bs-target=\"#collapseTwo\" aria-expanded=\"false\" aria-controls=\"collapseTwo\" editable=\"inline\"><br \/>\n\t\t\t\t\t\t\t\t\t\tTechnischer Support<br \/>\n\t\t\t\t\t\t\t\t\t<\/button><br \/>\n\t\t\t\t\t\t\t\t<\/h2>\n<div id=\"collapseTwo\" class=\"accordion-collapse collapse\" data-bs-parent=\"#featureContentAccordion\">\n<div class=\"accordion-body text-black\" editable=\"rich\">\n<p>Gentherms Technisches Support-Zentrum ist f\u00fcr Ihre technischen Unterst\u00fctzungsanfragen mit ausgebildeten Technikern besetzt. Um mit unserem technischen Supportpersonal regul\u00e4rer Gesch\u00e4ftszeiten montags bis freitags 7:00 bis 17:15 Uhr EST zu sprechen, rufen Sie uns unter <strong>1-888-437-5608.<\/strong><\/p>\n<p>F\u00fcr Support-Notf\u00e4lle au\u00dferhalb der normalen Gesch\u00e4ftszeiten rufen Sie uns unter 513-326-5320 an.<\/p>\n<\/p><\/div>\n<\/p><\/div>\n<\/p><\/div>\n<div class=\"accordion-item\">\n<h2 class=\"accordion-header\">\n\t\t\t\t\t\t\t\t\t<button class=\"accordion-button text-black collapsed\" type=\"button\" data-bs-toggle=\"collapse\" data-bs-target=\"#collapseThree\" aria-expanded=\"false\" aria-controls=\"collapseThree\" editable=\"inline\"><br \/>\n\t\t\t\t\t\t\t\t\t\tVorbeugende Wartung<br \/>\n\t\t\t\t\t\t\t\t\t<\/button><br \/>\n\t\t\t\t\t\t\t\t<\/h2>\n<div id=\"collapseThree\" class=\"accordion-collapse collapse\" data-bs-parent=\"#featureContentAccordion\">\n<div class=\"accordion-body text-black\" editable=\"rich\">\n<p>Qualit\u00e4t und konsistente vorbeugende Wartung sind entscheidend f\u00fcr die ordnungsgem\u00e4\u00dfe Verwendung jedes medizinischen Ger\u00e4ts, auch von Ger\u00e4ten zur Patiententemperaturregelung. Wenn Sie Interesse an einem pr\u00e4ventiven Wartungsplan f\u00fcr Ihr Ger\u00e4t haben, wenden Sie sich bitte an Ihren Gentherm-Vertreter.<\/p>\n<\/p><\/div>\n<\/p><\/div>\n<\/p><\/div>\n<div class=\"accordion-item\">\n<h2 class=\"accordion-header\">\n\t\t\t\t\t\t\t\t\t<button class=\"accordion-button text-black collapsed\" type=\"button\" data-bs-toggle=\"collapse\" data-bs-target=\"#collapseFour\" aria-expanded=\"false\" aria-controls=\"collapseFour\" editable=\"inline\"><br \/>\n\t\t\t\t\t\t\t\t\t\tTeilebestellung<br \/>\n\t\t\t\t\t\t\t\t\t<\/button><br \/>\n\t\t\t\t\t\t\t\t<\/h2>\n<div id=\"collapseFour\" class=\"accordion-collapse collapse\" data-bs-parent=\"#featureContentAccordion\">\n<div class=\"accordion-body text-black\" editable=\"rich\">\n<p>Gentherm bietet auch den Verkauf von Ger\u00e4teteilen an. Um uns dabei zu helfen, Ihnen besser zu helfen, halten Sie bitte die folgenden Informationen bereit, wenn Sie eine Bestellung aufgeben:<\/p>\n<ul>\n<li>Die Modellnummer und die Seriennummer des Ger\u00e4ts, f\u00fcr das das Ersatzteil ben\u00f6tigt wird<\/li>\n<li>Die vollst\u00e4ndige Gentherm-Teilenummer und\/oder Beschreibung.<\/li>\n<li>Ihre Kundennummer (falls verf\u00fcgbar)<\/li>\n<li>Um Ersatzteile zu bestellen, rufen Sie uns unter 1-888-437-5608 an oder schicken eine E-Mail an medtechsupport@gentherm.com<\/li>\n<\/ul><\/div>\n<\/p><\/div>\n<\/p><\/div>\n<div class=\"accordion-item\">\n<h2 class=\"accordion-header\">\n\t\t\t\t\t\t\t\t\t<button class=\"accordion-button text-black collapsed\" type=\"button\" data-bs-toggle=\"collapse\" data-bs-target=\"#collapseFive\" aria-expanded=\"false\" aria-controls=\"collapseFive\" editable=\"inline\"><br \/>\n\t\t\t\t\t\t\t\t\t\tR\u00fcckgaben<br \/>\n\t\t\t\t\t\t\t\t\t<\/button><br \/>\n\t\t\t\t\t\t\t\t<\/h2>\n<div id=\"collapseFive\" class=\"accordion-collapse collapse\" data-bs-parent=\"#featureContentAccordion\">\n<div class=\"accordion-body text-black\" editable=\"rich\">\n<p>Um ein Teil zur Reparatur oder zum Austausch gem\u00e4\u00df den Garentiebedingungen zur\u00fcckzugeben, folgen Sie bitte diesem Verfahren:<\/p>\n<ol>\n<li>Kontaktieren Sie die Serviceabteilung unter 1-888-437-5608 von 8:00 bis 17:15 Uhr (Eastern Zone).<\/li>\n<li>Die Modellnummer und die Seriennummer des Ger\u00e4ts, f\u00fcr das das Ersatzteil ben\u00f6tigt wird.<\/li>\n<li>Die vollst\u00e4ndige Gentherm-Teilenummer und\/oder Beschreibung.<\/li>\n<li>Eine spezifische Fehlerbeschreibung zum defekten Teil.<\/li>\n<\/ol>\n<p>Die Service-Abteilung genehmigt die R\u00fccksendung der defekten Teile und vergibt eine RMA(Return Material Authorization)-Nummer. Bei der R\u00fccksendung des defekten Teils MUSS diese RMA-Nummer auf der Au\u00dfenseite des Pakets vermerkt sein, um eine Gutschrift zu erhalten.<\/p>\n<p>Im Rahmen der Garantie ausgetauschte Teile werden kostenlos versandt. Wenn eine RMA zugewiesen wird, muss das defekte Teil innerhalb von 90 Tagen an Gentherm zur\u00fcckgegeben werden. Wenn das ausgefallene Teil nicht innerhalb der 90-Tage-Frist zur\u00fcckgesendet wird, wird das Teil zum aktuellen Listenpreis in Rechnung gestellt.<\/p>\n<p>Bitte schicken Sie Teile an folgende Adresse zur\u00fcck:<br \/>\n\t\t\t\t\t\t\t\t\t\t\tTechnical Service<br \/>\n\t\t\t\t\t\t\t\t\t\t\tGentherm Medical, LLC<br \/>\n\t\t\t\t\t\t\t\t\t\t\t12011 Mosteller Road<br \/>\n\t\t\t\t\t\t\t\t\t\t\tCincinnati, OH 45241-1528<\/p>\n<p>\t\t\t\t\t\t\t\t\t\t\tBitte achten Sie darauf, dass die RMA-Nummer auf der Verpackung sichtbar ist.<\/p>\n<\/p><\/div>\n<\/p><\/div>\n<\/p><\/div>\n<\/p><\/div>\n<\/p><\/div>\n<\/p><\/div>\n<\/p><\/div>\n<\/p><\/div>\n<\/p><\/div>\n<\/section>","protected":false},"excerpt":{"rendered":"<p>Service &amp; Support Gentherm\u2019s dedication to your satisfaction is embodied in our comprehensive Service and Support program. We understand that the reliability of your devices is paramount to providing exceptional patient care. Sales Support Gentherm offers 24-hour clinical support to our customers. Our clinical staff will be able to help answer questions about Gentherm products, [&hellip;]<\/p>","protected":false},"author":2,"featured_media":0,"parent":0,"menu_order":0,"comment_status":"closed","ping_status":"closed","template":"page-templates\/page-blank-black-nav.php","meta":{"_acf_changed":false,"footnotes":""},"class_list":["post-2825","page","type-page","status-publish","hentry"],"acf":[],"yoast_head":"<!-- This site is optimized with the Yoast SEO Premium plugin v24.4 (Yoast SEO v26.5) - https:\/\/yoast.com\/wordpress\/plugins\/seo\/ -->\n<title>Service &amp; Support - Gentherm Medical<\/title>\n<meta name=\"description\" content=\"Find clinical and technical support or inquire about our Warranty and Preventive Maintenance Programs to keep your devices running smoothly.\" \/>\n<meta name=\"robots\" content=\"index, follow, max-snippet:-1, max-image-preview:large, max-video-preview:-1\" \/>\n<link rel=\"canonical\" href=\"https:\/\/gentherm.com\/de\/service-support\/\" \/>\n<meta property=\"og:locale\" content=\"de_DE\" \/>\n<meta property=\"og:type\" content=\"article\" \/>\n<meta property=\"og:title\" content=\"Service &amp; Support\" \/>\n<meta property=\"og:description\" content=\"Find clinical and technical support or inquire about our Warranty and Preventive Maintenance Programs to keep your devices running smoothly.\" \/>\n<meta property=\"og:url\" content=\"https:\/\/gentherm.com\/de\/service-support\/\" \/>\n<meta property=\"og:site_name\" content=\"Gentherm\" \/>\n<meta property=\"article:publisher\" content=\"https:\/\/www.facebook.com\/Gentherm\" \/>\n<meta property=\"og:image\" content=\"https:\/\/gentherm.com\/wp-content\/uploads\/medical-carousel-patient-temperature-management.jpg\" \/>\n\t<meta property=\"og:image:width\" content=\"540\" \/>\n\t<meta property=\"og:image:height\" content=\"540\" \/>\n\t<meta property=\"og:image:type\" content=\"image\/jpeg\" \/>\n<meta name=\"twitter:card\" content=\"summary_large_image\" \/>\n<meta name=\"twitter:site\" content=\"@Gentherm\" \/>\n<meta name=\"twitter:label1\" content=\"Gesch\u00e4tzte Lesezeit\" \/>\n\t<meta name=\"twitter:data1\" content=\"3\u00a0Minuten\" \/>\n<script type=\"application\/ld+json\" class=\"yoast-schema-graph\">{\"@context\":\"https:\/\/schema.org\",\"@graph\":[{\"@type\":\"WebPage\",\"@id\":\"https:\/\/gentherm.com\/service-support\/\",\"url\":\"https:\/\/gentherm.com\/service-support\/\",\"name\":\"Service & Support - Gentherm Medical\",\"isPartOf\":{\"@id\":\"https:\/\/gentherm.com\/zh-hans\/#website\"},\"primaryImageOfPage\":{\"@id\":\"https:\/\/gentherm.com\/service-support\/#primaryimage\"},\"image\":{\"@id\":\"https:\/\/gentherm.com\/service-support\/#primaryimage\"},\"thumbnailUrl\":\"https:\/\/gentherm.com\/wp-content\/uploads\/medical-carousel-patient-temperature-management.jpg\",\"datePublished\":\"2026-01-10T12:00:00+00:00\",\"description\":\"Find clinical and technical support or inquire about our Warranty and Preventive Maintenance Programs to keep your devices running smoothly.\",\"breadcrumb\":{\"@id\":\"https:\/\/gentherm.com\/service-support\/#breadcrumb\"},\"inLanguage\":\"de\",\"potentialAction\":[{\"@type\":\"ReadAction\",\"target\":[\"https:\/\/gentherm.com\/service-support\/\"]}]},{\"@type\":\"ImageObject\",\"inLanguage\":\"de\",\"@id\":\"https:\/\/gentherm.com\/service-support\/#primaryimage\",\"url\":\"https:\/\/gentherm.com\/wp-content\/uploads\/medical-carousel-patient-temperature-management.jpg\",\"contentUrl\":\"https:\/\/gentherm.com\/wp-content\/uploads\/medical-carousel-patient-temperature-management.jpg\"},{\"@type\":\"BreadcrumbList\",\"@id\":\"https:\/\/gentherm.com\/service-support\/#breadcrumb\",\"itemListElement\":[{\"@type\":\"ListItem\",\"position\":1,\"name\":\"Home\",\"item\":\"https:\/\/gentherm.com\/en\/\"},{\"@type\":\"ListItem\",\"position\":2,\"name\":\"Service &#038; Support\"}]},{\"@type\":\"WebSite\",\"@id\":\"https:\/\/gentherm.com\/zh-hans\/#website\",\"url\":\"https:\/\/gentherm.com\/zh-hans\/\",\"name\":\"Gentherm\",\"description\":\"\",\"publisher\":{\"@id\":\"https:\/\/gentherm.com\/zh-hans\/#organization\"},\"potentialAction\":[{\"@type\":\"SearchAction\",\"target\":{\"@type\":\"EntryPoint\",\"urlTemplate\":\"https:\/\/gentherm.com\/zh-hans\/?s={search_term_string}\"},\"query-input\":{\"@type\":\"PropertyValueSpecification\",\"valueRequired\":true,\"valueName\":\"search_term_string\"}}],\"inLanguage\":\"de\"},{\"@type\":\"Organization\",\"@id\":\"https:\/\/gentherm.com\/zh-hans\/#organization\",\"name\":\"Gentherm\",\"url\":\"https:\/\/gentherm.com\/zh-hans\/\",\"logo\":{\"@type\":\"ImageObject\",\"inLanguage\":\"de\",\"@id\":\"https:\/\/gentherm.com\/zh-hans\/#\/schema\/logo\/image\/\",\"url\":\"https:\/\/gentherm.com\/wp-content\/uploads\/B_Gentherm_Wordmark-7.png\",\"contentUrl\":\"https:\/\/gentherm.com\/wp-content\/uploads\/B_Gentherm_Wordmark-7.png\",\"width\":2293,\"height\":261,\"caption\":\"Gentherm\"},\"image\":{\"@id\":\"https:\/\/gentherm.com\/zh-hans\/#\/schema\/logo\/image\/\"},\"sameAs\":[\"https:\/\/www.facebook.com\/Gentherm\",\"https:\/\/x.com\/Gentherm\",\"https:\/\/www.instagram.com\/gentherminc\/\",\"https:\/\/www.linkedin.com\/company\/2545469\",\"https:\/\/www.youtube.com\/channel\/UCutcYediaV7Jqdj1hyIUp5w\"]}]}<\/script>\n<!-- \/ Yoast SEO Premium plugin. -->","yoast_head_json":{"title":"Service & Support - Gentherm Medical","description":"Find clinical and technical support or inquire about our Warranty and Preventive Maintenance Programs to keep your devices running smoothly.","robots":{"index":"index","follow":"follow","max-snippet":"max-snippet:-1","max-image-preview":"max-image-preview:large","max-video-preview":"max-video-preview:-1"},"canonical":"https:\/\/gentherm.com\/de\/service-support\/","og_locale":"de_DE","og_type":"article","og_title":"Service & Support","og_description":"Find clinical and technical support or inquire about our Warranty and Preventive Maintenance Programs to keep your devices running smoothly.","og_url":"https:\/\/gentherm.com\/de\/service-support\/","og_site_name":"Gentherm","article_publisher":"https:\/\/www.facebook.com\/Gentherm","og_image":[{"width":540,"height":540,"url":"https:\/\/gentherm.com\/wp-content\/uploads\/medical-carousel-patient-temperature-management.jpg","type":"image\/jpeg"}],"twitter_card":"summary_large_image","twitter_site":"@Gentherm","twitter_misc":{"Gesch\u00e4tzte Lesezeit":"3\u00a0Minuten"},"schema":{"@context":"https:\/\/schema.org","@graph":[{"@type":"WebPage","@id":"https:\/\/gentherm.com\/service-support\/","url":"https:\/\/gentherm.com\/service-support\/","name":"Service & Support - Gentherm Medical","isPartOf":{"@id":"https:\/\/gentherm.com\/zh-hans\/#website"},"primaryImageOfPage":{"@id":"https:\/\/gentherm.com\/service-support\/#primaryimage"},"image":{"@id":"https:\/\/gentherm.com\/service-support\/#primaryimage"},"thumbnailUrl":"https:\/\/gentherm.com\/wp-content\/uploads\/medical-carousel-patient-temperature-management.jpg","datePublished":"2026-01-10T12:00:00+00:00","description":"Find clinical and technical support or inquire about our Warranty and Preventive Maintenance Programs to keep your devices running smoothly.","breadcrumb":{"@id":"https:\/\/gentherm.com\/service-support\/#breadcrumb"},"inLanguage":"de","potentialAction":[{"@type":"ReadAction","target":["https:\/\/gentherm.com\/service-support\/"]}]},{"@type":"ImageObject","inLanguage":"de","@id":"https:\/\/gentherm.com\/service-support\/#primaryimage","url":"https:\/\/gentherm.com\/wp-content\/uploads\/medical-carousel-patient-temperature-management.jpg","contentUrl":"https:\/\/gentherm.com\/wp-content\/uploads\/medical-carousel-patient-temperature-management.jpg"},{"@type":"BreadcrumbList","@id":"https:\/\/gentherm.com\/service-support\/#breadcrumb","itemListElement":[{"@type":"ListItem","position":1,"name":"Home","item":"https:\/\/gentherm.com\/en\/"},{"@type":"ListItem","position":2,"name":"Service &#038; Support"}]},{"@type":"WebSite","@id":"https:\/\/gentherm.com\/zh-hans\/#website","url":"https:\/\/gentherm.com\/zh-hans\/","name":"Gentherm","description":"","publisher":{"@id":"https:\/\/gentherm.com\/zh-hans\/#organization"},"potentialAction":[{"@type":"SearchAction","target":{"@type":"EntryPoint","urlTemplate":"https:\/\/gentherm.com\/zh-hans\/?s={search_term_string}"},"query-input":{"@type":"PropertyValueSpecification","valueRequired":true,"valueName":"search_term_string"}}],"inLanguage":"de"},{"@type":"Organization","@id":"https:\/\/gentherm.com\/zh-hans\/#organization","name":"Gentherm","url":"https:\/\/gentherm.com\/zh-hans\/","logo":{"@type":"ImageObject","inLanguage":"de","@id":"https:\/\/gentherm.com\/zh-hans\/#\/schema\/logo\/image\/","url":"https:\/\/gentherm.com\/wp-content\/uploads\/B_Gentherm_Wordmark-7.png","contentUrl":"https:\/\/gentherm.com\/wp-content\/uploads\/B_Gentherm_Wordmark-7.png","width":2293,"height":261,"caption":"Gentherm"},"image":{"@id":"https:\/\/gentherm.com\/zh-hans\/#\/schema\/logo\/image\/"},"sameAs":["https:\/\/www.facebook.com\/Gentherm","https:\/\/x.com\/Gentherm","https:\/\/www.instagram.com\/gentherminc\/","https:\/\/www.linkedin.com\/company\/2545469","https:\/\/www.youtube.com\/channel\/UCutcYediaV7Jqdj1hyIUp5w"]}]}},"_links":{"self":[{"href":"https:\/\/gentherm.com\/de\/wp-json\/wp\/v2\/pages\/2825","targetHints":{"allow":["GET"]}}],"collection":[{"href":"https:\/\/gentherm.com\/de\/wp-json\/wp\/v2\/pages"}],"about":[{"href":"https:\/\/gentherm.com\/de\/wp-json\/wp\/v2\/types\/page"}],"author":[{"embeddable":true,"href":"https:\/\/gentherm.com\/de\/wp-json\/wp\/v2\/users\/2"}],"replies":[{"embeddable":true,"href":"https:\/\/gentherm.com\/de\/wp-json\/wp\/v2\/comments?post=2825"}],"version-history":[{"count":24,"href":"https:\/\/gentherm.com\/de\/wp-json\/wp\/v2\/pages\/2825\/revisions"}],"predecessor-version":[{"id":7358,"href":"https:\/\/gentherm.com\/de\/wp-json\/wp\/v2\/pages\/2825\/revisions\/7358"}],"wp:attachment":[{"href":"https:\/\/gentherm.com\/de\/wp-json\/wp\/v2\/media?parent=2825"}],"curies":[{"name":"wp","href":"https:\/\/api.w.org\/{rel}","templated":true}]}}