{"id":433,"date":"2023-09-06T13:51:56","date_gmt":"2023-09-06T13:51:56","guid":{"rendered":"https:\/\/gentherm.com\/\/?page_id=433"},"modified":"2026-04-14T12:00:26","modified_gmt":"2026-04-14T12:00:26","slug":"mobility","status":"publish","type":"page","link":"https:\/\/gentherm.com\/de\/mobility\/","title":{"rendered":"Mobilit\u00e4t"},"content":{"rendered":"<section>\n<div class=\"container py-5\">\n<div class=\"row m-0 gentherm-wrapper mt-5\">\n<div class=\"col-12\">\n<div class=\"lc-block mb-4\">\n<div editable=\"rich\">\n<h1 class=\"section-title\">Mobilit\u00e4t<\/h1>\n<\/p><\/div>\n<\/p><\/div>\n<\/p><\/div>\n<\/p><\/div>\n<div class=\"row m-0 gentherm-wrapper mb-4\">\n<div id=\"mobilityCarousel\" class=\"carousel slide\" data-bs-ride=\"carousel\" data-bs-interval=\"3000\">\n<div class=\"carousel-inner\">\n<div class=\"carousel-item active\">\n\t\t\t\t\t\t<img decoding=\"async\" src=\"\/wp-content\/uploads\/mobility-header1.jpg\" class=\"d-block w-100 img-fluid\" alt=\"Gentherm Mobility\" loading=\"lazy\">\n\t\t\t\t\t<\/div>\n<div class=\"carousel-item\">\n\t\t\t\t\t\t<img decoding=\"async\" src=\"\/wp-content\/uploads\/mobility-header2.jpg\" class=\"d-block w-100 img-fluid\" alt=\"Gentherm Mobility\" loading=\"lazy\">\n\t\t\t\t\t<\/div>\n<div class=\"carousel-item\">\n\t\t\t\t\t\t<img decoding=\"async\" src=\"\/wp-content\/uploads\/mobility-header3.jpg\" class=\"d-block w-100 img-fluid\" alt=\"Gentherm Mobility\" loading=\"lazy\">\n\t\t\t\t\t<\/div>\n<div class=\"carousel-item\">\n\t\t\t\t\t\t<img decoding=\"async\" src=\"\/wp-content\/uploads\/mobility-header4.jpg\" class=\"d-block w-100 img-fluid\" alt=\"Gentherm Mobility\" loading=\"lazy\">\n\t\t\t\t\t<\/div>\n<\/p><\/div>\n<\/p><\/div>\n<\/p><\/div>\n<\/p><\/div>\n<\/section>\n<section class=\"\">\n<div class=\"container-fluid m-0 p-0\">\n<div class=\"row m-0\">\n<div class=\"col-12 p-0\">\n<div class=\"marquee py-3\" style=\"background-color: var(--brand-purple);\">\n<div class=\"marquee-text\" style=\"color: var(--brand-cyan);\">\n\t\t\t\t\t\t<span>GM Supplier of the Year<\/span><br \/>\n\t\t\t\t\t\t<span>Honda Excellence in Value<\/span>&nbsp;<br \/>\n\t\t\t\t\t\t<span>PACE\u2122 Award for Battery Thermal Management<\/span> &nbsp;<br \/>\n\t\t\t\t\t\t<span>Chinese Industry Development and Innovation<\/span><br \/>\n\t\t\t\t\t\t<span>Automotive News Top Supplier<\/span><br \/>\n\t\t\t\t\t\t<span>PACEpilot Innovations to Watch<\/span><br \/>\n\t\t\t\t\t\t<span>GreenTech Award<\/span><br \/>\n\t\t\t\t\t\t<span>German Innovation Award<\/span><br \/>\n\t\t\t\t\t\t<span>NOBO Auto \u2013 Best Technical Cooperation<\/span><br \/>\n\t\t\t\t\t\t<span>Technology Innovation Center of Seats Temperature Control System by Hebei Province<\/span><br \/>\n\t\t\t\t\t\t<span>Bosch Global Supplier &amp; M-PSD Lead<\/span><br \/>\n\t\t\t\t\t\t<span>Adient Best Supplier &amp; Quality Award<\/span><br \/>\n\t\t\t\t\t\t<span>GM Supplier Quality Excellence<\/span><br \/>\n\t\t\t\t\t\t<span>BMW Innovations Award<\/span><br \/>\n\t\t\t\t\t\t<span>ZF Best Partnership Award<\/span><br \/>\n\t\t\t\t\t\t<span>BIG Innovation Award<\/span><br \/>\n\t\t\t\t\t\t<span>PACE\u2122 Innovation Partnership Award for ClimateSense\u00ae<\/span>\n\t\t\t\t\t<\/div>\n<div class=\"marquee-text\">\n\t\t\t\t\t\t<span>GM Supplier of the Year<\/span><br \/>\n\t\t\t\t\t\t<span>Honda Excellence in Value<\/span>&nbsp;<br \/>\n\t\t\t\t\t\t<span>PACE\u2122 Award for Battery Thermal Management<\/span> &nbsp;<br \/>\n\t\t\t\t\t\t<span>Chinese Industry Development and Innovation<\/span><br \/>\n\t\t\t\t\t\t<span>Automotive News Top Supplier<\/span><br \/>\n\t\t\t\t\t\t<span>PACEpilot Innovations to Watch<\/span><br \/>\n\t\t\t\t\t\t<span>GreenTech Award<\/span><br \/>\n\t\t\t\t\t\t<span>German Innovation Award<\/span><br \/>\n\t\t\t\t\t\t<span>NOBO Auto \u2013 Best Technical Cooperation<\/span><br \/>\n\t\t\t\t\t\t<span>Technology Innovation Center of Seats Temperature Control System by Hebei Province<\/span><br \/>\n\t\t\t\t\t\t<span>Bosch Global Supplier &amp; M-PSD Lead<\/span><br \/>\n\t\t\t\t\t\t<span>Adient Best Supplier &amp; Quality Award<\/span><br \/>\n\t\t\t\t\t\t<span>GM Supplier Quality Excellence<\/span><br \/>\n\t\t\t\t\t\t<span>BMW Innovations Award<\/span><br \/>\n\t\t\t\t\t\t<span>ZF Best Partnership Award<\/span><br \/>\n\t\t\t\t\t\t<span>BIG Innovation Award<\/span><br \/>\n\t\t\t\t\t\t<span>PACE\u2122 Innovation Partnership Award for ClimateSense\u00ae<\/span>\n\t\t\t\t\t<\/div>\n<\/p><\/div>\n<\/p><\/div>\n<\/p><\/div>\n<\/p><\/div>\n<\/section>\n<p><!-- OUR SOLUTIONS SECTION --><\/p>\n<section class=\"bg-ltgrey\">\n<div class=\"container-fluid m-0 p-3 p-md-0\" id=\"solutions\">\n<div class=\"container\">\n<div class=\"row gentherm-wrapper\">\n<div class=\"col-12 lc-block\">\n<div class=\"section-title py-5\" editable=\"rich\">Technologien<\/div>\n<\/p><\/div>\n<\/p><\/div>\n<div class=\"row gentherm-wrapper pb-5\">\n<div class=\"swiper slider2\">\n<div class=\"swiperNav2\">\n<div class=\"swiper-button-next\"><\/div>\n<div class=\"swiper-button-prev\"><\/div>\n<\/p><\/div>\n<div class=\"swiper-wrapper\">\n<div class=\"swiper-slide\">\n<div class=\"card mb-3\">\n<div class=\"row g-0\">\n\t\t\t\t\t\t\t\t\t<a href=\"\/de\/mobility\/climate-comfort\/\" class=\"col-12 align-self-center text-start\"><\/p>\n<div class=\"solutions-number text-purple\" editable=\"rich\">01<\/div>\n<div class=\"solutions-number-title\" editable=\"rich\">Klima und Komfort<\/div>\n<div class=\"solutions-image-wrapper\">\n\t\t\t\t\t\t\t\t\t\t\t<img decoding=\"async\" src=\"\/wp-content\/uploads\/mobility-climate-comfort.jpg\" class=\"img-fluid solutions-number-img\" alt=\"Climate &amp; Comfort\">\n\t\t\t\t\t\t\t\t\t\t<\/div>\n<p>\t\t\t\t\t\t\t\t\t<\/a>\n\t\t\t\t\t\t\t\t<\/div>\n<\/p><\/div>\n<\/p><\/div>\n<div class=\"swiper-slide\">\n<div class=\"card mb-3\">\n<div class=\"row g-0 lc-block\">\n\t\t\t\t\t\t\t\t\t<a href=\"\/de\/automotive\/electronics-cables\/\" class=\"col-12 align-self-center text-start\"><\/p>\n<div class=\"solutions-number text-purple\" editable=\"rich\">02<\/div>\n<div class=\"solutions-number-title\" editable=\"rich\">Elektronik und\nKabel<\/div>\n<div class=\"solutions-image-wrapper\">\n\t\t\t\t\t\t\t\t\t\t\t<img decoding=\"async\" src=\"\/wp-content\/uploads\/mobility-electronics-cables.jpg\" class=\"img-fluid solutions-number-img\" alt=\"Electronics &amp; Cables\">\n\t\t\t\t\t\t\t\t\t\t<\/div>\n<p>\t\t\t\t\t\t\t\t\t<\/a>\n\t\t\t\t\t\t\t\t<\/div>\n<\/p><\/div>\n<\/p><\/div>\n<div class=\"swiper-slide\">\n<div class=\"card mb-3\">\n<div class=\"row g-0 lc-block\">\n\t\t\t\t\t\t\t\t\t<a href=\"\/de\/automotive\/valves-for-mobility\/\" class=\"col-12 align-self-center text-start\"><\/p>\n<div class=\"solutions-number text-purple\" editable=\"rich\">03<\/div>\n<div class=\"solutions-number-title\" editable=\"rich\">Ventile<\/div>\n<div class=\"solutions-image-wrapper\">\n\t\t\t\t\t\t\t\t\t\t\t<img decoding=\"async\" src=\"\/wp-content\/uploads\/mobility-valve-systems.jpg\" class=\"img-fluid solutions-number-img\" alt=\"Valve Systems\">\n\t\t\t\t\t\t\t\t\t\t<\/div>\n<p>\t\t\t\t\t\t\t\t\t<\/a>\n\t\t\t\t\t\t\t\t<\/div>\n<\/p><\/div>\n<\/p><\/div>\n<\/p><\/div>\n<\/p><\/div>\n<\/p><\/div>\n<\/p><\/div>\n<\/p><\/div>\n<p>\t<script>\nvar slider2 = new Swiper(\".slider2\", {\n\t\tslidesPerView: 1,\n\t\tspaceBetween: 10,\n\t\tnavigation: {\n\t\tnextEl: \".swiper-button-next\",\n\t\tprevEl: \".swiper-button-prev\",\n\t},\n\tbreakpoints: {\n\t\t640: {\n\t\tslidesPerView: 1,\n\t\tspaceBetween: 20,\n\t\t},\n\t\t768: {\n\t\tslidesPerView: 2.4,\n\t\tspaceBetween: 10,\n\t\t},\t\t\t  \n\t\t1024: {\n\t\tslidesPerView: 4,\n\t\tspaceBetween: 10,\n\t\t},\n\t\t1920: {\n\t\tslidesPerView: 4,\n\t\tspaceBetween: 10,\n\t\t},\t\t\t\t\t\n\t},\n});\t\t\t\n<\/script><br \/>\n<\/section>\n<section><!-- SECTION TITLE --><\/p>\n<div class=\"container py-4 pt-xl-5\" id=\"batterythermalmanagement\">\n<div class=\"row m-0 pb-4 gentherm-wrapper lc-block\">\n<div class=\"col-12 pb-2 pb-lg-4\">\n<div class=\"feature-content-title py-0 pb-4 py-xl-4\" editable=\"inline\">Innovation trifft Innenraum-Komfort<\/div>\n<\/p><\/div>\n<\/p><\/div>\n<\/p><\/div>\n<\/section>\n<p><!-- CONTENT BLOCK: INDUSTRIES NAVIGATION WITH IMAGES --><\/p>\n<section><!-- CONTENT BLOCK - QUAD BOX STAGGERED CONTENT WITH FLOATING IMAGE --><\/p>\n<div class=\"container-fluid\">\n<div class=\"container pb-5\">\n<div class=\"row gentherm-wrapper\">\n<div class=\"col-12 col-lg-6\" style=\"position: relative;\">\n\t\t\t\t\t<img decoding=\"async\" src=\"\/wp-content\/uploads\/mobility-innovation-main.jpg\" alt=\"Accelerating Innovation\" class=\"d-none d-lg-block\" style=\"position: absolute; top: 0; right: 0;\"><br \/>\n\t\t\t\t\t<img decoding=\"async\" src=\"\/wp-content\/uploads\/mobility-innovation-top.jpg\" alt=\"Accelerating Innovation\" class=\"d-block d-lg-none\">\n\t\t\t\t<\/div>\n<div class=\"col-12 col-lg-6 ps-lg-5 align-self-start\">\n<div class=\"feature-content-text-fw text-black\" editable=\"rich\">\n<p class=\"mt-0 mt-lg-5 pt-4 pt-lg-5\">Seit Jahrzehnten ist Gentherm Vorreiter f\u00fcr innovative W\u00e4rme- und Komfortl\u00f6sungen in der Automobilindustrie \u2013 von Klimasitzen und Strahlungsheizungen bis hin zu Sicherheitsfunktionen wie Hands-on Detection.\nMit der Weiterentwicklung der Mobilit\u00e4t umfasst unser Portfolio heute auch pneumatische Lordosenst\u00fctzen, Massagefunktionen, Nackenw\u00e4rmer sowie vielseitige Ventilsysteme, die im Kraftstofftankmanagement, bei der Bremsunterst\u00fctzung und in Motorkomponenten eingesetzt werden.\nAuf Basis unserer vier Kernbereiche Heizen, K\u00fchlen \/ Bel\u00fcftung, Pneumatik und Ventile schaffen wir ein vollst\u00e4ndig integriertes Komfort- und Fahrerlebnis im Fahrzeuginnenraum.<\/p>\n<\/p><\/div>\n<\/p><\/div>\n<\/p><\/div>\n<div class=\"row gentherm-wrapper-left\">\n<div class=\"col-12 col-lg-9 offset-lg-3 py-3 py-lg-4 mt-0 mt-lg-5\" style=\"position: relative;\">\n<div class=\"row\">\n<div class=\"col-12 col-lg-5 align-self-end order-2 order-lg-1\">\n<div class=\"content-title py-3\" editable=\"rich\">Intuitive for Today&#8217;s Customers<\/div>\n<p class=\"feature-content-text-fw text-black\" editable=\"rich\">Mit unserem menschzentrierten Ansatz gestalten wir die n\u00e4chste Generation intelligenter Fahrzeuge \u2013 mit fortschrittlicher Sensorik und energieeffizienten Technologien.\nDurch die Ausstattung softwarebasierter Plattformen mit personalisiertem Komfort und sensorischer Steuerung unterst\u00fctzt Gentherm die Schaffung von Fahrzeuginnenr\u00e4umen, die nicht nur intelligenter, sondern vor allem menschlicher gestaltet sind.<\/p>\n<\/p><\/div>\n<div class=\"col-12 col-lg-7 align-self-end order-1 order-lg-2\">\n\t\t\t\t\t\t\t<img decoding=\"async\" src=\"\/wp-content\/uploads\/mobility-innovation-bottom.jpg\" alt=\"Intuitive for Today's Customers\">\n\t\t\t\t\t\t<\/div>\n<\/p><\/div>\n<\/p><\/div>\n<\/p><\/div>\n<\/p><\/div>\n<\/p><\/div>\n<\/section>\n<p><!-- CONTENT BLOCK: INDUSTRIES NAVIGATION WITH IMAGES --><\/p>\n<section class=\"lc-block\">\n\t<!-- CONTENT BLOCK: INDUSTRIES NAVIGATION WITH IMAGES -->\r\n<section class=\"bg-brand-black text-white pb-5\">\r\n<div class=\"container pt-5 pb-0 py-md-5\">\r\n\t<div class=\"row m-0 g-0 py-0 py-md-5 gentherm-wrapper-left lc-block\">\r\n\t\t<div class=\"col-12 col-md-6 align-self-center pb-3 pb-md-0\">\r\n\t\t\t<h1 class=\"section-title\">Branchen<\/h1>\r\n\t\t<\/div>\r\n\t\t<div class=\"col-12 col-md-6 align-self-center d-none d-md-block\">\r\n\t\t\t<p class=\"feature-content-text-sm text-white\">\r\n\t\t\t<\/p>\r\n\t\t<\/div>\r\n\t<\/div>\r\n\t<div class=\"row m-0 g-0 gentherm-wrapper-left lc-block\">\r\n\t\t<div class=\"col-12 col-md-5\">\r\n\t\t\t<div class=\"m-0 inpage-navitem pb-3 mb-4 d-flex justify-content-between\">\r\n\t\t\t\t<a href=\"\/de\/mobility\/\">Mobilit\u00e4t<\/a>\r\n\t\t\t\t<img decoding=\"async\" src=\"\/svg\/inpage-nav-arrow-w.svg\" alt=\"->\" style=\"width: 60px; height: auto; vertical-align: middle;\">\r\n\t\t\t<\/div>\r\n\t\t\t<div class=\"m-0 inpage-navitem pb-3 mb-4 d-flex justify-content-between\">\r\n\t\t\t\t<a href=\"\/de\/medical\/\">Medizintechnik<\/a>\r\n\t\t\t\t<img decoding=\"async\" src=\"\/svg\/inpage-nav-arrow-w.svg\" alt=\"->\" style=\"width: 60px; height: auto; vertical-align: middle;\">\r\n\t\t\t<\/div>\r\n\t\t\t<div class=\"m-0 inpage-navitem pb-3 mb-4 d-flex justify-content-between\">\r\n\t\t\t\t<a href=\"\/de\/growth-markets\/\">Wachstumsm\u00e4rkte<\/a>\r\n\t\t\t\t<img decoding=\"async\" src=\"\/svg\/inpage-nav-arrow-w.svg\" alt=\"->\" style=\"width: 60px; height: auto; vertical-align: middle;\">\r\n\t\t\t<\/div>\r\n\t\t<\/div>\r\n\t\t<div class=\"col-12 col-md-4 offset-md-1 d-none d-md-block\">\r\n\t\t\t<img decoding=\"async\" src=\"https:\/\/gentherm.com\/wp-content\/uploads\/home-industries-automotive-main.jpg\" alt=\"Automotive\" class=\"img-fluid w-100\">\r\n\t\t<\/div>\r\n\t\t<div class=\"col-12 col-md-2 d-none d-md-block\">&nbsp;<\/div>\r\n\t<\/div>\r\n\t<div class=\"lc-block d-none d-md-block\">\r\n\t\t<div class=\"row m-0 g-0 gentherm-wrapper-left\">\r\n\t\t\t<div class=\"col-12 col-md-6\">\r\n\t\t\t\t<img decoding=\"async\" src=\"https:\/\/gentherm.com\/wp-content\/uploads\/industries-placeholder-left.jpg\" alt=\"Medical\" class=\"img-fluid w-100\">\r\n\t\t\t<\/div>\r\n\t\t\t<div class=\"col-12 col-md-4\">&nbsp;<\/div>\r\n\t\t\t<div class=\"col-12 col-md-2\">\r\n\t\t\t\t<img decoding=\"async\" src=\"https:\/\/gentherm.com\/wp-content\/uploads\/industries-placeholder-right.png\" alt=\"Growth Markets\" class=\"img-fluid w-100 h-100\">\r\n\t\t\t<\/div>\r\n\t\t<\/div>\r\n\t<\/div>\t\t\r\n<\/div>\r\n<\/section><br \/>\n<\/section>\n<p><!-- CAREERS SECTION --><\/p>\n<section>\n<div class=\"container-fluid m-0 p-0 bg-brand-purple py-4\" id=\"careers\">\n<div class=\"container\">\n<div class=\"row m-0 p-0\">\n<div class=\"col-12 col-md-8 gentherm-wrapper\">\n<div class=\"row\">\n<div class=\"col-12 text-white\">\n<div class=\"section-title py-4 translation-block\">Werde Teil von uns<\/div>\n<\/p><\/div>\n<\/p><\/div>\n<div class=\"row text-white\">\n<div class=\"col-12 col-md-4\">\n<div class=\"content-title p-3\">Opportunity To<br class=\"dOnly\"> The Next Degree<\/div>\n<\/p><\/div>\n<div class=\"col-12 col-md-8 text-white\">\n<div class=\"p-3 careers-text\">\n<p class=\"ps-3\">Unsere Mitarbeiterinnen und Mitarbeiter sind die treibende Kraft f\u00fcr neue Ideen und die Technologie von morgen.<\/p>\n<p class=\"ps-3\"><a href=\"\/de\/careers\/\" class=\"btn-with-arrow-white\">Karriereseite<\/a><\/p>\n<\/p><\/div>\n<\/p><\/div>\n<\/p><\/div>\n<\/p><\/div>\n<div class=\"col-12 col-md-4\">\n\t\t\t\t\t<img decoding=\"async\" src=\"\/wp-content\/uploads\/home-careers.png\" class=\"\" alt=\"Work With Us\" style=\"padding: 36px 0 50px 0;\">\n\t\t\t\t<\/div>\n<\/p><\/div>\n<\/p><\/div>\n<\/p><\/div>\n<\/section>","protected":false},"excerpt":{"rendered":"<p>Mobility GM Supplier of the Year Honda Excellence in Value&nbsp; PACE\u2122 Award for Battery Thermal Management &nbsp; Chinese Industry Development and Innovation Automotive News Top Supplier PACEpilot Innovations to Watch GreenTech Award German Innovation Award NOBO Auto \u2013 Best Technical Cooperation Technology Innovation Center of Seats Temperature Control System by Hebei Province Bosch Global Supplier [&hellip;]<\/p>","protected":false},"author":1,"featured_media":0,"parent":0,"menu_order":0,"comment_status":"closed","ping_status":"closed","template":"page-templates\/page-white-black-nav.php","meta":{"_acf_changed":false,"footnotes":""},"class_list":["post-433","page","type-page","status-publish","hentry"],"acf":[],"yoast_head":"<!-- This site is optimized with the Yoast SEO Premium plugin v24.4 (Yoast SEO v26.5) - https:\/\/yoast.com\/wordpress\/plugins\/seo\/ -->\n<title>Mobility - Gentherm<\/title>\n<meta name=\"description\" content=\"Gentherm is a premier global provider of integrated thermal management and pneumatic technologies for the automotive industry. Renowned for its cutting-edge solutions, the company excels in developing innovative systems that simultaneously regulate temperature in vehicles, significantly enhancing comfort, safety, and overall efficiency. With a dual focus on advanced thermal and pneumatic systems, Gentherm&#039;s automotive product portfolio comprises climate-controlled seats, heated steering wheels, and a diverse range of climate control modules.\" \/>\n<meta name=\"robots\" content=\"index, follow, max-snippet:-1, max-image-preview:large, max-video-preview:-1\" \/>\n<link rel=\"canonical\" href=\"https:\/\/gentherm.com\/de\/mobility\/\" \/>\n<meta property=\"og:locale\" content=\"de_DE\" \/>\n<meta property=\"og:type\" content=\"article\" \/>\n<meta property=\"og:title\" content=\"Mobility\" \/>\n<meta property=\"og:description\" content=\"Gentherm is a premier global provider of integrated thermal management and pneumatic technologies for the automotive industry. Renowned for its cutting-edge solutions, the company excels in developing innovative systems that simultaneously regulate temperature in vehicles, significantly enhancing comfort, safety, and overall efficiency. With a dual focus on advanced thermal and pneumatic systems, Gentherm&#039;s automotive product portfolio comprises climate-controlled seats, heated steering wheels, and a diverse range of climate control modules.\" \/>\n<meta property=\"og:url\" content=\"https:\/\/gentherm.com\/de\/mobility\/\" \/>\n<meta property=\"og:site_name\" content=\"Gentherm\" \/>\n<meta property=\"article:publisher\" content=\"https:\/\/www.facebook.com\/Gentherm\" \/>\n<meta property=\"article:modified_time\" content=\"2026-04-14T12:00:26+00:00\" \/>\n<meta name=\"twitter:card\" content=\"summary_large_image\" \/>\n<meta name=\"twitter:site\" content=\"@Gentherm\" \/>\n<meta name=\"twitter:label1\" content=\"Gesch\u00e4tzte Lesezeit\" \/>\n\t<meta name=\"twitter:data1\" content=\"5\u00a0Minuten\" \/>\n<script type=\"application\/ld+json\" class=\"yoast-schema-graph\">{\"@context\":\"https:\/\/schema.org\",\"@graph\":[{\"@type\":\"WebPage\",\"@id\":\"https:\/\/gentherm.com\/en\/mobility\/\",\"url\":\"https:\/\/gentherm.com\/en\/mobility\/\",\"name\":\"Mobility - Gentherm\",\"isPartOf\":{\"@id\":\"https:\/\/gentherm.com\/zh-hans\/#website\"},\"datePublished\":\"2023-09-06T13:51:56+00:00\",\"dateModified\":\"2026-04-14T12:00:26+00:00\",\"description\":\"Gentherm is a premier global provider of integrated thermal management and pneumatic technologies for the automotive industry. Renowned for its cutting-edge solutions, the company excels in developing innovative systems that simultaneously regulate temperature in vehicles, significantly enhancing comfort, safety, and overall efficiency. With a dual focus on advanced thermal and pneumatic systems, Gentherm's automotive product portfolio comprises climate-controlled seats, heated steering wheels, and a diverse range of climate control modules.\",\"breadcrumb\":{\"@id\":\"https:\/\/gentherm.com\/en\/mobility\/#breadcrumb\"},\"inLanguage\":\"de\",\"potentialAction\":[{\"@type\":\"ReadAction\",\"target\":[\"https:\/\/gentherm.com\/en\/mobility\/\"]}]},{\"@type\":\"BreadcrumbList\",\"@id\":\"https:\/\/gentherm.com\/en\/mobility\/#breadcrumb\",\"itemListElement\":[{\"@type\":\"ListItem\",\"position\":1,\"name\":\"Home\",\"item\":\"https:\/\/gentherm.com\/en\/\"},{\"@type\":\"ListItem\",\"position\":2,\"name\":\"Mobility\"}]},{\"@type\":\"WebSite\",\"@id\":\"https:\/\/gentherm.com\/zh-hans\/#website\",\"url\":\"https:\/\/gentherm.com\/zh-hans\/\",\"name\":\"Gentherm\",\"description\":\"\",\"publisher\":{\"@id\":\"https:\/\/gentherm.com\/zh-hans\/#organization\"},\"potentialAction\":[{\"@type\":\"SearchAction\",\"target\":{\"@type\":\"EntryPoint\",\"urlTemplate\":\"https:\/\/gentherm.com\/zh-hans\/?s={search_term_string}\"},\"query-input\":{\"@type\":\"PropertyValueSpecification\",\"valueRequired\":true,\"valueName\":\"search_term_string\"}}],\"inLanguage\":\"de\"},{\"@type\":\"Organization\",\"@id\":\"https:\/\/gentherm.com\/zh-hans\/#organization\",\"name\":\"Gentherm\",\"url\":\"https:\/\/gentherm.com\/zh-hans\/\",\"logo\":{\"@type\":\"ImageObject\",\"inLanguage\":\"de\",\"@id\":\"https:\/\/gentherm.com\/zh-hans\/#\/schema\/logo\/image\/\",\"url\":\"https:\/\/gentherm.com\/wp-content\/uploads\/B_Gentherm_Wordmark-7.png\",\"contentUrl\":\"https:\/\/gentherm.com\/wp-content\/uploads\/B_Gentherm_Wordmark-7.png\",\"width\":2293,\"height\":261,\"caption\":\"Gentherm\"},\"image\":{\"@id\":\"https:\/\/gentherm.com\/zh-hans\/#\/schema\/logo\/image\/\"},\"sameAs\":[\"https:\/\/www.facebook.com\/Gentherm\",\"https:\/\/x.com\/Gentherm\",\"https:\/\/www.instagram.com\/gentherminc\/\",\"https:\/\/www.linkedin.com\/company\/2545469\",\"https:\/\/www.youtube.com\/channel\/UCutcYediaV7Jqdj1hyIUp5w\"]}]}<\/script>\n<!-- \/ Yoast SEO Premium plugin. -->","yoast_head_json":{"title":"Mobility - Gentherm","description":"Gentherm is a premier global provider of integrated thermal management and pneumatic technologies for the automotive industry. Renowned for its cutting-edge solutions, the company excels in developing innovative systems that simultaneously regulate temperature in vehicles, significantly enhancing comfort, safety, and overall efficiency. With a dual focus on advanced thermal and pneumatic systems, Gentherm's automotive product portfolio comprises climate-controlled seats, heated steering wheels, and a diverse range of climate control modules.","robots":{"index":"index","follow":"follow","max-snippet":"max-snippet:-1","max-image-preview":"max-image-preview:large","max-video-preview":"max-video-preview:-1"},"canonical":"https:\/\/gentherm.com\/de\/mobility\/","og_locale":"de_DE","og_type":"article","og_title":"Mobility","og_description":"Gentherm is a premier global provider of integrated thermal management and pneumatic technologies for the automotive industry. Renowned for its cutting-edge solutions, the company excels in developing innovative systems that simultaneously regulate temperature in vehicles, significantly enhancing comfort, safety, and overall efficiency. With a dual focus on advanced thermal and pneumatic systems, Gentherm's automotive product portfolio comprises climate-controlled seats, heated steering wheels, and a diverse range of climate control modules.","og_url":"https:\/\/gentherm.com\/de\/mobility\/","og_site_name":"Gentherm","article_publisher":"https:\/\/www.facebook.com\/Gentherm","article_modified_time":"2026-04-14T12:00:26+00:00","twitter_card":"summary_large_image","twitter_site":"@Gentherm","twitter_misc":{"Gesch\u00e4tzte Lesezeit":"5\u00a0Minuten"},"schema":{"@context":"https:\/\/schema.org","@graph":[{"@type":"WebPage","@id":"https:\/\/gentherm.com\/en\/mobility\/","url":"https:\/\/gentherm.com\/en\/mobility\/","name":"Mobility - Gentherm","isPartOf":{"@id":"https:\/\/gentherm.com\/zh-hans\/#website"},"datePublished":"2023-09-06T13:51:56+00:00","dateModified":"2026-04-14T12:00:26+00:00","description":"Gentherm is a premier global provider of integrated thermal management and pneumatic technologies for the automotive industry. Renowned for its cutting-edge solutions, the company excels in developing innovative systems that simultaneously regulate temperature in vehicles, significantly enhancing comfort, safety, and overall efficiency. With a dual focus on advanced thermal and pneumatic systems, Gentherm's automotive product portfolio comprises climate-controlled seats, heated steering wheels, and a diverse range of climate control modules.","breadcrumb":{"@id":"https:\/\/gentherm.com\/en\/mobility\/#breadcrumb"},"inLanguage":"de","potentialAction":[{"@type":"ReadAction","target":["https:\/\/gentherm.com\/en\/mobility\/"]}]},{"@type":"BreadcrumbList","@id":"https:\/\/gentherm.com\/en\/mobility\/#breadcrumb","itemListElement":[{"@type":"ListItem","position":1,"name":"Home","item":"https:\/\/gentherm.com\/en\/"},{"@type":"ListItem","position":2,"name":"Mobility"}]},{"@type":"WebSite","@id":"https:\/\/gentherm.com\/zh-hans\/#website","url":"https:\/\/gentherm.com\/zh-hans\/","name":"Gentherm","description":"","publisher":{"@id":"https:\/\/gentherm.com\/zh-hans\/#organization"},"potentialAction":[{"@type":"SearchAction","target":{"@type":"EntryPoint","urlTemplate":"https:\/\/gentherm.com\/zh-hans\/?s={search_term_string}"},"query-input":{"@type":"PropertyValueSpecification","valueRequired":true,"valueName":"search_term_string"}}],"inLanguage":"de"},{"@type":"Organization","@id":"https:\/\/gentherm.com\/zh-hans\/#organization","name":"Gentherm","url":"https:\/\/gentherm.com\/zh-hans\/","logo":{"@type":"ImageObject","inLanguage":"de","@id":"https:\/\/gentherm.com\/zh-hans\/#\/schema\/logo\/image\/","url":"https:\/\/gentherm.com\/wp-content\/uploads\/B_Gentherm_Wordmark-7.png","contentUrl":"https:\/\/gentherm.com\/wp-content\/uploads\/B_Gentherm_Wordmark-7.png","width":2293,"height":261,"caption":"Gentherm"},"image":{"@id":"https:\/\/gentherm.com\/zh-hans\/#\/schema\/logo\/image\/"},"sameAs":["https:\/\/www.facebook.com\/Gentherm","https:\/\/x.com\/Gentherm","https:\/\/www.instagram.com\/gentherminc\/","https:\/\/www.linkedin.com\/company\/2545469","https:\/\/www.youtube.com\/channel\/UCutcYediaV7Jqdj1hyIUp5w"]}]}},"_links":{"self":[{"href":"https:\/\/gentherm.com\/de\/wp-json\/wp\/v2\/pages\/433","targetHints":{"allow":["GET"]}}],"collection":[{"href":"https:\/\/gentherm.com\/de\/wp-json\/wp\/v2\/pages"}],"about":[{"href":"https:\/\/gentherm.com\/de\/wp-json\/wp\/v2\/types\/page"}],"author":[{"embeddable":true,"href":"https:\/\/gentherm.com\/de\/wp-json\/wp\/v2\/users\/1"}],"replies":[{"embeddable":true,"href":"https:\/\/gentherm.com\/de\/wp-json\/wp\/v2\/comments?post=433"}],"version-history":[{"count":143,"href":"https:\/\/gentherm.com\/de\/wp-json\/wp\/v2\/pages\/433\/revisions"}],"predecessor-version":[{"id":8117,"href":"https:\/\/gentherm.com\/de\/wp-json\/wp\/v2\/pages\/433\/revisions\/8117"}],"wp:attachment":[{"href":"https:\/\/gentherm.com\/de\/wp-json\/wp\/v2\/media?parent=433"}],"curies":[{"name":"wp","href":"https:\/\/api.w.org\/{rel}","templated":true}]}}