{"id":6580,"date":"2025-10-03T19:46:53","date_gmt":"2025-10-03T19:46:53","guid":{"rendered":"https:\/\/gentherm.com\/?page_id=6580"},"modified":"2025-12-10T18:59:37","modified_gmt":"2025-12-10T18:59:37","slug":"pulsa","status":"publish","type":"page","link":"https:\/\/gentherm.com\/de\/pulsa\/","title":{"rendered":"Puls.A\u2122"},"content":{"rendered":"<section class=\"bg-brand-black\">\n<div class=\"container pt-5\">\n<div class=\"row m-0 gentherm-wrapper-left lc-block\">\n<div class=\"col-12 col-xl-6 pt-5 order-2 order-xl-1 pb-4\">\n<h1 class=\"section-title\" editable=\"rich\">Puls.A\u2122<\/h1>\n<div class=\"feature-subhead py-4\" editable=\"rich\">\n\t\t\t\t\tGezielte Entspannung mit jeder Pulsation.\n\t\t\t\t<\/div>\n<p class=\"feature-content-text-sm\" editable=\"rich\">Puls.A bietet ein einzigartiges Komforterlebnis, das auf der menschlichen Physiologie basiert und durch pr\u00e4zise Aktuatoren unterst\u00fctzt wird.\nWissenschaftlich fundierte Erkenntnisse aus der Physiotherapie erm\u00f6glichen es diesem modularen System, durch hochfrequente Pulssignale gezielt Muskeln zu entspannen und das Wohlbefinden zu steigern.\n\t\t\t\t<\/p>\n<p class=\"feature-content-text-sm\" editable=\"rich\">Puls.A setzt neue Ma\u00dfst\u00e4be im Bereich personalisierter Wellness-Technologien. Mit modernster Shape-Memory-Alloy-(SMA-)Ventiltechnologie bietet es eine perfekte Kombination aus optimierter Akustik, h\u00f6chster Energieeffizienz und kompakter Bauweise \u2013 eingebettet in das umfassendste und vielseitigste Massagefunktionsportfolio auf dem Markt. So wird jedes Wellness-Erlebnis individuell, wirkungsvoll und unvergleichlich komfortabel.<\/p>\n<\/p><\/div>\n<div class=\"col-12 col-xl-6 pt-5 order-1 order-xl-2 p-0\">\n<div class=\"row m-0 p-0 d-none d-xl-block\">\n<div class=\"col-5 offset-7\" style=\"background: url('\/wp-content\/uploads\/pulsa-header-top.png'); background-size: cover; background-position: center; height: 300px;\"><\/div>\n<\/p><\/div>\n<div class=\"row m-0 p-0\" style=\"\">\n<div class=\"col-12 col-xl-7 m-0 p-0\" style=\"overflow: hidden;height: 400px;\">\n\t\t\t\t\t\t<video src=\"\/wp-content\/uploads\/pulse-massage.mp4\" id=\"localVideoStream\" autoplay=\"\" muted=\"\" loop=\"\" style=\"object-fit: cover; margin-left: -100px; height: 100%;\"><\/video>\n\t\t\t\t\t<\/div>\n<div class=\"col-xl-4\"><\/div>\n<\/p><\/div>\n<\/p><\/div>\n<\/p><\/div>\n<\/p><\/div>\n<\/section>\n<section class=\"section-bg-white-text-black\"><!-- PAGE TITLE --><\/p>\n<div class=\"container-fluid m-0 p-3 pt-md-5 sub-page-header\" id=\"\">\n<div class=\"container\">\n<div class=\"row m-0 gentherm-wrapper\">\n<div class=\"col-12 m-0 p-0 pt-md-5\">\n<h1 class=\"section-title py-4\" editable=\"rich\">Percussions-<br \/>Massage<\/h1>\n<\/p><\/div>\n<\/p><\/div>\n<\/p><\/div>\n<\/p><\/div>\n<\/section>\n<section class=\"section-bg-white-text-black\">\n<div class=\"container\">\n<div class=\"row m-0 gentherm-wrapper pb-5 pb-md-3\">\n<div class=\"col-12 col-md-6 position-relative\">\n<div class=\"lc-block\">\n\t\t\t\t\t<img decoding=\"async\" src=\"\/wp-content\/uploads\/pulsa-massage.png\" alt=\"A Percussive Massage\" class=\"img-expanded2020\" loading=\"lazy\"><\/p>\n<div class=\"pulsavideowrapper\">\n\t\t\t\t\t\t<video src=\"\/wp-content\/uploads\/standard-massage.mp4\" id=\"localVideoStream\" autoplay=\"\" muted=\"\" loop=\"\" style=\"width: 100%; height: 100%; object-fit: cover; display: block;\"><\/video>\n\t\t\t\t\t<\/div>\n<\/p><\/div>\n<\/p><\/div>\n<div class=\"col-12 col-md-6\">\n<div class=\"lc-block\">\n\t\t\t\t\t<img decoding=\"async\" src=\"\/wp-content\/uploads\/pulsa-chair.png\" alt=\"A Percussive Massage\" class=\"img-fluid\" loading=\"lazy\">\n\t\t\t\t<\/div>\n<\/p><\/div>\n<\/p><\/div>\n<style>\n\t.pulsavideowrapper { width: 75%; aspect-ratio: 1 \/ 1; border-radius: 50%; overflow: hidden; display: inline-block; position: absolute; top: 13%; left: 18%; z-index: 2; }<\/p>\n<p>\t@media all and (max-width: 1440px) {\n\t\t.pulsavideowrapper { width: 75%; aspect-ratio: 1 \/ 1; border-radius: 50%; overflow: hidden; display: inline-block; position: absolute; top: 14%; left: 18%; z-index: 2; }\n\t}<\/p>\n<p>\t@media all and (max-width: 768px) {\n\t\t.pulsavideowrapper { width: 73%; aspect-ratio: 1 \/ 1; border-radius: 50%; overflow: hidden; display: inline-block; position: absolute; top: 24.5%; left: 18.2%; z-index: 2; }\t\t\n\t}<\/p>\n<\/style><\/div>\n<\/section>\n<section class=\"section-bg-white-text-black\">\n<div class=\"container py-0 py-md-5\" id=\"dei\">\n<div class=\"col-12 align-self-center\">\n<div class=\"row pt-3 pb-3 gentherm-wrapper\">\n<div class=\"col-12\" editable=\"inline\">\n\t\t\t\t\tVORTEILE DER PULS.A TECHNOLOGIE\n\t\t\t\t<\/div>\n<\/p><\/div>\n<div class=\"row gentherm-wrapper\">\n<div class=\"col-12 pt-3 pb-5\" style=\"position: relative;\">\n<div class=\"swiper slider1\">\n<div class=\"swiperNav mobileSwiperNavAdjust\">\n<div class=\"swiper-button-next\"><\/div>\n<div class=\"swiper-button-prev\"><\/div>\n<\/p><\/div>\n<div class=\"swiper-wrapper\">\n<div class=\"swiper-slide\">\n<div class=\"card mb-3\">\n<div class=\"row g-0\">\n<div class=\"col-4 pe-3 align-self-center\">\n\t\t\t\t\t\t\t\t\t\t\t<img decoding=\"async\" src=\"\/wp-content\/uploads\/icon-pulsa-modular-design.png\" class=\"img-fluid rounded-3\" alt=\"Modular Design\" style=\"width: 105px; height: auto;\">\n\t\t\t\t\t\t\t\t\t\t<\/div>\n<div class=\"col-8 align-self-center\">\n<div class=\"card-body text-start p-0 ps-0\">\n<p class=\"card-text\" editable=\"rich\">\n\t\t\t\t\t\t\t\t\t\t\t\t\t<small class=\"text-body-secondary\" editable=\"rich\">Das modulare Add-on-System erm\u00f6glicht einzigartige Pulsationsmassageerlebnisse.<\/small>\n\t\t\t\t\t\t\t\t\t\t\t\t<\/p>\n<\/p><\/div>\n<\/p><\/div>\n<\/p><\/div>\n<\/p><\/div>\n<\/p><\/div>\n<div class=\"swiper-slide\">\n<div class=\"card mb-3\">\n<div class=\"row g-0\">\n<div class=\"col-4 pe-3 align-self-center\">\n\t\t\t\t\t\t\t\t\t\t\t<img decoding=\"async\" src=\"\/wp-content\/uploads\/icon-pulsa-muscles.png\" class=\"img-fluid rounded-3\" alt=\"Works deeper into muscles\" style=\"width: 105px; height: auto;\">\n\t\t\t\t\t\t\t\t\t\t<\/div>\n<div class=\"col-8 align-self-center\">\n<div class=\"card-body text-start p-0 ps-0\">\n<p class=\"card-text\" editable=\"rich\">\n\t\t\t\t\t\t\t\t\t\t\t\t\t<small class=\"text-body-secondary\" editable=\"rich\">Wirkt durch hochfrequente Pulsation bis in tiefere Muskelregionen.<\/small>\n\t\t\t\t\t\t\t\t\t\t\t\t<\/p>\n<\/p><\/div>\n<\/p><\/div>\n<\/p><\/div>\n<\/p><\/div>\n<\/p><\/div>\n<div class=\"swiper-slide\">\n<div class=\"card mb-3\">\n<div class=\"row g-0\">\n<div class=\"col-4 pe-3 align-self-center\">\n\t\t\t\t\t\t\t\t\t\t\t<img decoding=\"async\" src=\"\/wp-content\/uploads\/icon-pulsa-unlocks.png\" class=\"img-fluid rounded-3\" alt=\"Unlocks new wellness and well-being features\" style=\"width: 105px; height: auto;\">\n\t\t\t\t\t\t\t\t\t\t<\/div>\n<div class=\"col-8 align-self-center\">\n<div class=\"card-body text-start p-0 ps-0\">\n<p class=\"card-text\" editable=\"rich\">\n\t\t\t\t\t\t\t\t\t\t\t\t\t<small class=\"text-body-secondary\" editable=\"rich\">Erm\u00f6glicht neue Wellness- und Entspannungsfunktionen.<\/small>\n\t\t\t\t\t\t\t\t\t\t\t\t<\/p>\n<\/p><\/div>\n<\/p><\/div>\n<\/p><\/div>\n<\/p><\/div>\n<\/p><\/div>\n<div class=\"swiper-slide\">\n<div class=\"card mb-3\">\n<div class=\"row g-0\">\n<div class=\"col-4 pe-3 align-self-center\">\n\t\t\t\t\t\t\t\t\t\t\t<img decoding=\"async\" src=\"\/wp-content\/uploads\/icon-pulsa-feature-portfolio.png\" class=\"img-fluid rounded-3\" alt=\"Access to highest feature portfolio in market\" style=\"width: 105px; height: auto;\">\n\t\t\t\t\t\t\t\t\t\t<\/div>\n<div class=\"col-8 align-self-center\">\n<div class=\"card-body text-start p-0 ps-0\">\n<p class=\"card-text\" editable=\"rich\">\n\t\t\t\t\t\t\t\t\t\t\t\t\t<small class=\"text-body-secondary\" editable=\"rich\">Er\u00f6ffnet den Zugang zum umfangreichsten Funktionsportfolio am Markt<\/small>\n\t\t\t\t\t\t\t\t\t\t\t\t<\/p>\n<\/p><\/div>\n<\/p><\/div>\n<\/p><\/div>\n<\/p><\/div>\n<\/p><\/div>\n<\/p><\/div>\n<\/p><\/div>\n<\/p><\/div>\n<\/p><\/div>\n<\/p><\/div>\n<\/p><\/div>\n<\/section>\n<p><script>\n\tvar slider1 = new Swiper(\".slider1\", {\n  \t\tslidesPerView: 1,\n  \t\tspaceBetween: 10,\n  \t\tcenteredSlides: false,\n  \t\tnavigation: {\n\t\t\tnextEl: \".swiper-button-next\",\n\t\t\tprevEl: \".swiper-button-prev\",\n\t\t},\n\t\tbreakpoints: {\n  \t\t640: {\n    \t\tslidesPerView: 2,\n    \t\tspaceBetween: 20,\n  \t\t},\n  \t\t768: {\n    \t\tslidesPerView: 2,\n    \t\tspaceBetween: 20,\n  \t\t},\t\t\t  \n  \t\t1024: {\n    \t\tslidesPerView: 4,\n    \t\tspaceBetween: 20,\n  \t\t},\n\t\t},\n\t});\t\t\t\n<\/script><\/p>\n<section class=\"bg-brand-ltgrey text-black\">\n<div class=\"container-fluid m-0 p-3 pt-md-5 sub-page-header\" id=\"\">\n<div class=\"container pt-5\">\n<div class=\"row m-0 gentherm-wrapper pt-5\">\n<div class=\"col-12 col-md-6 m-0 align-self-center\">\n<div class=\"lc-block text-black solutions-title\" editable=\"rich\">Massage-System-Technologien<\/div>\n<\/p><\/div>\n<\/p><\/div>\n<\/p><\/div>\n<div class=\"container py-0 py-xl-5 position-relative\">\n<div class=\"row h-100 m-0 gentherm-wrapper g-5\">\n<div class=\"col-12 col-md-6 pb-0 pb-lg-3\">\n<div class=\"bg-brand-white rounded-3 h-100 p-4 d-flex align-content-between flex-wrap card border-0\">\n<div class=\"p-4 card-body\">\n\t\t\t\t\t\t\t<img loading=\"lazy\" decoding=\"async\" src=\"https:\/\/gentherm.com\/wp-content\/uploads\/pulsa-standard.png\" class=\"pb-4 wp-image-6612\" width=\"247\" height=\"247\" srcset=\"https:\/\/gentherm.com\/wp-content\/uploads\/pulsa-standard.png 247w, https:\/\/gentherm.com\/wp-content\/uploads\/pulsa-standard-150x150.png 150w, https:\/\/gentherm.com\/wp-content\/uploads\/pulsa-standard-12x12.png 12w\" sizes=\"auto, (max-width: 247px) 100vw, 247px\"><\/p>\n<p><small class=\"pt-5\">F\u00fcllen und Entleeren der Luftkissen. Frequenz: &lt;0,5 Hz<\/small><\/p>\n<p class=\"feature-subhead mb-2 mt-4\" editable=\"rich\">Standard-Massage-System<\/p>\n<p class=\"location-title text-purple p-0 text-capitalize\" editable=\"inline\">Massage-Einheit + SMA-Ventile + Pumpe<\/p>\n<p class=\"text-black lc-block pb-5\" editable=\"rich\">\n\t\t\t\t\t\t\t\tGesteuert durch unsere patentierte SMA-Ventiltechnologie, bietet unser System ein breites Spektrum an Massageerlebnissen, die der einer von Hand durchgef\u00fchrten Profi-Massage erstaunlich nahkommen.\n\t\t\t\t\t\t\t<\/p>\n<\/p><\/div>\n<\/p><\/div>\n<\/p><\/div>\n<div class=\"col-12 col-md-6 pb-0 pb-lg-3\">\n<div class=\"bg-brand-white rounded-3 h-100 p-4 d-flex align-content-between flex-wrap card border-0\">\n<div class=\"p-4 card-body\">\n\t\t\t\t\t\t\t<img loading=\"lazy\" decoding=\"async\" src=\"https:\/\/gentherm.com\/wp-content\/uploads\/pulsa-pulsation.png\" class=\"pb-4 wp-image-6611\" width=\"247\" height=\"247\" srcset=\"https:\/\/gentherm.com\/wp-content\/uploads\/pulsa-pulsation.png 247w, https:\/\/gentherm.com\/wp-content\/uploads\/pulsa-pulsation-150x150.png 150w, https:\/\/gentherm.com\/wp-content\/uploads\/pulsa-pulsation-12x12.png 12w\" sizes=\"auto, (max-width: 247px) 100vw, 247px\"><\/p>\n<p><small class=\"pt-5\">Pulsation und Zellvibration. Frequenz: &lt;4\u201312 Hz<\/small><\/p>\n<p class=\"feature-subhead mw-100 mb-2 mt-4\" editable=\"rich\">Puls.A Pulsationsmassage-System<\/p>\n<p class=\"location-title text-purple p-0 text-capitalize\" editable=\"inline\">Standard-Massage-System + Puls.A Modul<\/p>\n<p class=\"text-black lc-block pb-5\" editable=\"rich\">\n\t\t\t\t\t\t\t\tDas Puls.A-Modul bietet dank fundierter Erkenntnisse aus der Humanphysiologie optimale Pulsfrequenz und Druckintensit\u00e4t \u2013 f\u00fcr eine tiefere Massage, die gezielt Muskelverspannungen l\u00f6st. Puls.A ist das erste System auf dem Markt, das perkussive Massage einf\u00fchrt und damit ein v\u00f6llig neues Wellness-Erlebnis schafft.\n\t\t\t\t\t\t\t<\/p>\n<\/p><\/div>\n<\/p><\/div>\n<\/p><\/div>\n<\/p><\/div>\n<\/p><\/div>\n<\/p><\/div>\n<\/section>\n<p><!-- CONTENT BLOCK: INDUSTRIES NAVIGATION WITH IMAGES -->\r\n<section class=\"bg-brand-black text-white pb-5\">\r\n<div class=\"container pt-5 pb-0 py-md-5\">\r\n\t<div class=\"row m-0 g-0 py-0 py-md-5 gentherm-wrapper-left lc-block\">\r\n\t\t<div class=\"col-12 col-md-6 align-self-center pb-3 pb-md-0\">\r\n\t\t\t<h1 class=\"section-title\">Branchen<\/h1>\r\n\t\t<\/div>\r\n\t\t<div class=\"col-12 col-md-6 align-self-center d-none d-md-block\">\r\n\t\t\t<p class=\"feature-content-text-sm text-white\">\r\n\t\t\t<\/p>\r\n\t\t<\/div>\r\n\t<\/div>\r\n\t<div class=\"row m-0 g-0 gentherm-wrapper-left lc-block\">\r\n\t\t<div class=\"col-12 col-md-5\">\r\n\t\t\t<div class=\"m-0 inpage-navitem pb-3 mb-4 d-flex justify-content-between\">\r\n\t\t\t\t<a href=\"\/de\/mobility\/\">Mobilit\u00e4t<\/a>\r\n\t\t\t\t<img decoding=\"async\" src=\"\/svg\/inpage-nav-arrow-w.svg\" alt=\"->\" style=\"width: 60px; height: auto; vertical-align: middle;\">\r\n\t\t\t<\/div>\r\n\t\t\t<div class=\"m-0 inpage-navitem pb-3 mb-4 d-flex justify-content-between\">\r\n\t\t\t\t<a href=\"\/de\/medical\/\">Medizintechnik<\/a>\r\n\t\t\t\t<img decoding=\"async\" src=\"\/svg\/inpage-nav-arrow-w.svg\" alt=\"->\" style=\"width: 60px; height: auto; vertical-align: middle;\">\r\n\t\t\t<\/div>\r\n\t\t\t<div class=\"m-0 inpage-navitem pb-3 mb-4 d-flex justify-content-between\">\r\n\t\t\t\t<a href=\"\/de\/growth-markets\/\">Wachstumsm\u00e4rkte<\/a>\r\n\t\t\t\t<img decoding=\"async\" src=\"\/svg\/inpage-nav-arrow-w.svg\" alt=\"->\" style=\"width: 60px; height: auto; vertical-align: middle;\">\r\n\t\t\t<\/div>\r\n\t\t<\/div>\r\n\t\t<div class=\"col-12 col-md-4 offset-md-1 d-none d-md-block\">\r\n\t\t\t<img decoding=\"async\" src=\"https:\/\/gentherm.com\/wp-content\/uploads\/home-industries-automotive-main.jpg\" alt=\"Automotive\" class=\"img-fluid w-100\">\r\n\t\t<\/div>\r\n\t\t<div class=\"col-12 col-md-2 d-none d-md-block\">&nbsp;<\/div>\r\n\t<\/div>\r\n\t<div class=\"lc-block d-none d-md-block\">\r\n\t\t<div class=\"row m-0 g-0 gentherm-wrapper-left\">\r\n\t\t\t<div class=\"col-12 col-md-6\">\r\n\t\t\t\t<img decoding=\"async\" src=\"https:\/\/gentherm.com\/wp-content\/uploads\/industries-placeholder-left.jpg\" alt=\"Medical\" class=\"img-fluid w-100\">\r\n\t\t\t<\/div>\r\n\t\t\t<div class=\"col-12 col-md-4\">&nbsp;<\/div>\r\n\t\t\t<div class=\"col-12 col-md-2\">\r\n\t\t\t\t<img decoding=\"async\" src=\"https:\/\/gentherm.com\/wp-content\/uploads\/industries-placeholder-right.png\" alt=\"Growth Markets\" class=\"img-fluid w-100 h-100\">\r\n\t\t\t<\/div>\r\n\t\t<\/div>\r\n\t<\/div>\t\t\r\n<\/div>\r\n<\/section><!-- CONTENT BLOCK: INDUSTRIES NAVIGATION WITH IMAGES --><\/p>\n<section>\n<div lc-helper=\"shortcode\" class=\"live-shortcode\"><section> <!-- CAREERS SECTION -->\r\n\t<div class=\"container-fluid m-0 p-0 bg-brand-purple py-4\" id=\"careers\">\r\n\t\t<div class=\"container\">\r\n\t\t\t<div class=\"row m-0 gentherm-wrapper-left\">\r\n\t\t\t\t<!-- <div class=\"col-12 col-md-2 d-none d-md-block career-spacer-start\"><\/div> -->\r\n\t\t\t\t<div class=\"col-12 col-md-8\">\r\n\t\t\t\t\t<div class=\"row\">\r\n\t\t\t\t\t\t<div class=\"col-12 text-white lc-block\">\r\n\t\t\t\t\t\t\t<div class=\"section-title py-4 translation-block\">Werde Teil von uns<\/div>\r\n\t\t\t\t\t\t<\/div>\r\n\t\t\t\t\t<\/div>\r\n\t\t\t\t\t<div class=\"row text-white\">\r\n\t\t\t\t\t\t<div class=\"col-12 col-md-4 lc-block\">\r\n\t\t\t\t\t\t\t<div class=\"content-title p-3\">Opportunity To<br class=\"dOnly\"> The Next Degree<\/div>\r\n\t\t\t\t\t\t<\/div>\r\n\t\t\t\t\t\t<div class=\"col-12 col-md-8 text-white lc-block\">\r\n\t\t\t\t\t\t\t<div class=\"p-3 careers-text\">\r\n\t\t\t\t\t\t\t\t<p class=\"ps-3\">Unsere Mitarbeiterinnen und Mitarbeiter sind die treibende Kraft f\u00fcr neue Ideen und die Technologie von morgen.<\/p>\r\n\t\t\t\t\t\t\t\t<p class=\"ps-3\"><a href=\"\/de\/careers\/\" class=\"btn-with-arrow-white\">Karriereseite<\/a><\/p>\r\n\t\t\t\t\t\t\t<\/div>\r\n\t\t\t\t\t\t<\/div>\r\n\t\t\t\t\t<\/div>\r\n\t\t\t\t<\/div>\r\n\t\t\t\t<div class=\"col-12 col-md-4 d-flex align-items-end flex-column p-0\">\r\n\t\t\t\t\t<img decoding=\"async\" src=\"\/wp-content\/uploads\/home-careers.png\" class=\"\" alt=\"Work With Us\" style=\"padding: 36px 0 50px 0;\">\r\n\t\t\t\t<\/div>\r\n\t\t\t<\/div>\r\n\t\t<\/div>\r\n\t<\/div>\r\n<\/section><\/div>\n<\/section>","protected":false},"excerpt":{"rendered":"<p>Puls.A\u2122 Targeted relaxation in every pulse Puls.A introduces an advanced layer of comfort, grounded in human physiology and powered by precision-engineered actuation. Leveraging research-based insights from physiotherapy, this modular, bolt-on system orchestrates high-frequency pulsation to deliver targeted muscle relief and enhanced well-being. As industries accelerate toward personalized wellness technologies, Puls.A sets a new benchmark with [&hellip;]<\/p>","protected":false},"author":1,"featured_media":0,"parent":0,"menu_order":0,"comment_status":"closed","ping_status":"closed","template":"page-templates\/page-blank-dark.php","meta":{"_acf_changed":false,"footnotes":""},"class_list":["post-6580","page","type-page","status-publish","hentry"],"acf":[],"yoast_head":"<!-- This site is optimized with the Yoast SEO Premium plugin v24.4 (Yoast SEO v26.5) - https:\/\/yoast.com\/wordpress\/plugins\/seo\/ -->\n<title>Puls.A\u2122 - Gentherm<\/title>\n<meta name=\"robots\" content=\"index, follow, max-snippet:-1, max-image-preview:large, max-video-preview:-1\" \/>\n<link rel=\"canonical\" href=\"https:\/\/gentherm.com\/de\/pulsa\/\" \/>\n<meta property=\"og:locale\" content=\"de_DE\" \/>\n<meta property=\"og:type\" content=\"article\" \/>\n<meta property=\"og:title\" content=\"Puls.A\u2122\" \/>\n<meta property=\"og:description\" content=\"Puls.A\u2122 Targeted relaxation in every pulse Puls.A introduces an advanced layer of comfort, grounded in human physiology and powered by precision-engineered actuation. Leveraging research-based insights from physiotherapy, this modular, bolt-on system orchestrates high-frequency pulsation to deliver targeted muscle relief and enhanced well-being. As industries accelerate toward personalized wellness technologies, Puls.A sets a new benchmark with [&hellip;]\" \/>\n<meta property=\"og:url\" content=\"https:\/\/gentherm.com\/de\/pulsa\/\" \/>\n<meta property=\"og:site_name\" content=\"Gentherm\" \/>\n<meta property=\"article:publisher\" content=\"https:\/\/www.facebook.com\/Gentherm\" \/>\n<meta property=\"article:modified_time\" content=\"2025-12-10T18:59:37+00:00\" \/>\n<meta property=\"og:image\" content=\"https:\/\/gentherm.com\/wp-content\/uploads\/pulsa-standard.png\" \/>\n<meta name=\"twitter:card\" content=\"summary_large_image\" \/>\n<meta name=\"twitter:site\" content=\"@Gentherm\" \/>\n<meta name=\"twitter:label1\" content=\"Gesch\u00e4tzte Lesezeit\" \/>\n\t<meta name=\"twitter:data1\" content=\"8\u00a0Minuten\" \/>\n<script type=\"application\/ld+json\" class=\"yoast-schema-graph\">{\"@context\":\"https:\/\/schema.org\",\"@graph\":[{\"@type\":\"WebPage\",\"@id\":\"https:\/\/gentherm.com\/zh-hans\/pulsa\/\",\"url\":\"https:\/\/gentherm.com\/zh-hans\/pulsa\/\",\"name\":\"Puls.A\u2122 - Gentherm\",\"isPartOf\":{\"@id\":\"https:\/\/gentherm.com\/zh-hans\/#website\"},\"primaryImageOfPage\":{\"@id\":\"https:\/\/gentherm.com\/zh-hans\/pulsa\/#primaryimage\"},\"image\":{\"@id\":\"https:\/\/gentherm.com\/zh-hans\/pulsa\/#primaryimage\"},\"thumbnailUrl\":\"https:\/\/gentherm.com\/wp-content\/uploads\/pulsa-standard.png\",\"datePublished\":\"2025-10-03T19:46:53+00:00\",\"dateModified\":\"2025-12-10T18:59:37+00:00\",\"breadcrumb\":{\"@id\":\"https:\/\/gentherm.com\/zh-hans\/pulsa\/#breadcrumb\"},\"inLanguage\":\"de\",\"potentialAction\":[{\"@type\":\"ReadAction\",\"target\":[\"https:\/\/gentherm.com\/zh-hans\/pulsa\/\"]}]},{\"@type\":\"ImageObject\",\"inLanguage\":\"de\",\"@id\":\"https:\/\/gentherm.com\/zh-hans\/pulsa\/#primaryimage\",\"url\":\"https:\/\/gentherm.com\/wp-content\/uploads\/pulsa-standard.png\",\"contentUrl\":\"https:\/\/gentherm.com\/wp-content\/uploads\/pulsa-standard.png\"},{\"@type\":\"BreadcrumbList\",\"@id\":\"https:\/\/gentherm.com\/zh-hans\/pulsa\/#breadcrumb\",\"itemListElement\":[{\"@type\":\"ListItem\",\"position\":1,\"name\":\"Home\",\"item\":\"https:\/\/gentherm.com\/en\/\"},{\"@type\":\"ListItem\",\"position\":2,\"name\":\"Puls.A\u2122\"}]},{\"@type\":\"WebSite\",\"@id\":\"https:\/\/gentherm.com\/zh-hans\/#website\",\"url\":\"https:\/\/gentherm.com\/zh-hans\/\",\"name\":\"Gentherm\",\"description\":\"\",\"publisher\":{\"@id\":\"https:\/\/gentherm.com\/zh-hans\/#organization\"},\"potentialAction\":[{\"@type\":\"SearchAction\",\"target\":{\"@type\":\"EntryPoint\",\"urlTemplate\":\"https:\/\/gentherm.com\/zh-hans\/?s={search_term_string}\"},\"query-input\":{\"@type\":\"PropertyValueSpecification\",\"valueRequired\":true,\"valueName\":\"search_term_string\"}}],\"inLanguage\":\"de\"},{\"@type\":\"Organization\",\"@id\":\"https:\/\/gentherm.com\/zh-hans\/#organization\",\"name\":\"Gentherm\",\"url\":\"https:\/\/gentherm.com\/zh-hans\/\",\"logo\":{\"@type\":\"ImageObject\",\"inLanguage\":\"de\",\"@id\":\"https:\/\/gentherm.com\/zh-hans\/#\/schema\/logo\/image\/\",\"url\":\"https:\/\/gentherm.com\/wp-content\/uploads\/B_Gentherm_Wordmark-7.png\",\"contentUrl\":\"https:\/\/gentherm.com\/wp-content\/uploads\/B_Gentherm_Wordmark-7.png\",\"width\":2293,\"height\":261,\"caption\":\"Gentherm\"},\"image\":{\"@id\":\"https:\/\/gentherm.com\/zh-hans\/#\/schema\/logo\/image\/\"},\"sameAs\":[\"https:\/\/www.facebook.com\/Gentherm\",\"https:\/\/x.com\/Gentherm\",\"https:\/\/www.instagram.com\/gentherminc\/\",\"https:\/\/www.linkedin.com\/company\/2545469\",\"https:\/\/www.youtube.com\/channel\/UCutcYediaV7Jqdj1hyIUp5w\"]}]}<\/script>\n<!-- \/ Yoast SEO Premium plugin. -->","yoast_head_json":{"title":"Puls.A\u2122 - Gentherm","robots":{"index":"index","follow":"follow","max-snippet":"max-snippet:-1","max-image-preview":"max-image-preview:large","max-video-preview":"max-video-preview:-1"},"canonical":"https:\/\/gentherm.com\/de\/pulsa\/","og_locale":"de_DE","og_type":"article","og_title":"Puls.A\u2122","og_description":"Puls.A\u2122 Targeted relaxation in every pulse Puls.A introduces an advanced layer of comfort, grounded in human physiology and powered by precision-engineered actuation. Leveraging research-based insights from physiotherapy, this modular, bolt-on system orchestrates high-frequency pulsation to deliver targeted muscle relief and enhanced well-being. As industries accelerate toward personalized wellness technologies, Puls.A sets a new benchmark with [&hellip;]","og_url":"https:\/\/gentherm.com\/de\/pulsa\/","og_site_name":"Gentherm","article_publisher":"https:\/\/www.facebook.com\/Gentherm","article_modified_time":"2025-12-10T18:59:37+00:00","og_image":[{"url":"https:\/\/gentherm.com\/wp-content\/uploads\/pulsa-standard.png","type":"","width":"","height":""}],"twitter_card":"summary_large_image","twitter_site":"@Gentherm","twitter_misc":{"Gesch\u00e4tzte Lesezeit":"8\u00a0Minuten"},"schema":{"@context":"https:\/\/schema.org","@graph":[{"@type":"WebPage","@id":"https:\/\/gentherm.com\/zh-hans\/pulsa\/","url":"https:\/\/gentherm.com\/zh-hans\/pulsa\/","name":"Puls.A\u2122 - Gentherm","isPartOf":{"@id":"https:\/\/gentherm.com\/zh-hans\/#website"},"primaryImageOfPage":{"@id":"https:\/\/gentherm.com\/zh-hans\/pulsa\/#primaryimage"},"image":{"@id":"https:\/\/gentherm.com\/zh-hans\/pulsa\/#primaryimage"},"thumbnailUrl":"https:\/\/gentherm.com\/wp-content\/uploads\/pulsa-standard.png","datePublished":"2025-10-03T19:46:53+00:00","dateModified":"2025-12-10T18:59:37+00:00","breadcrumb":{"@id":"https:\/\/gentherm.com\/zh-hans\/pulsa\/#breadcrumb"},"inLanguage":"de","potentialAction":[{"@type":"ReadAction","target":["https:\/\/gentherm.com\/zh-hans\/pulsa\/"]}]},{"@type":"ImageObject","inLanguage":"de","@id":"https:\/\/gentherm.com\/zh-hans\/pulsa\/#primaryimage","url":"https:\/\/gentherm.com\/wp-content\/uploads\/pulsa-standard.png","contentUrl":"https:\/\/gentherm.com\/wp-content\/uploads\/pulsa-standard.png"},{"@type":"BreadcrumbList","@id":"https:\/\/gentherm.com\/zh-hans\/pulsa\/#breadcrumb","itemListElement":[{"@type":"ListItem","position":1,"name":"Home","item":"https:\/\/gentherm.com\/en\/"},{"@type":"ListItem","position":2,"name":"Puls.A\u2122"}]},{"@type":"WebSite","@id":"https:\/\/gentherm.com\/zh-hans\/#website","url":"https:\/\/gentherm.com\/zh-hans\/","name":"Gentherm","description":"","publisher":{"@id":"https:\/\/gentherm.com\/zh-hans\/#organization"},"potentialAction":[{"@type":"SearchAction","target":{"@type":"EntryPoint","urlTemplate":"https:\/\/gentherm.com\/zh-hans\/?s={search_term_string}"},"query-input":{"@type":"PropertyValueSpecification","valueRequired":true,"valueName":"search_term_string"}}],"inLanguage":"de"},{"@type":"Organization","@id":"https:\/\/gentherm.com\/zh-hans\/#organization","name":"Gentherm","url":"https:\/\/gentherm.com\/zh-hans\/","logo":{"@type":"ImageObject","inLanguage":"de","@id":"https:\/\/gentherm.com\/zh-hans\/#\/schema\/logo\/image\/","url":"https:\/\/gentherm.com\/wp-content\/uploads\/B_Gentherm_Wordmark-7.png","contentUrl":"https:\/\/gentherm.com\/wp-content\/uploads\/B_Gentherm_Wordmark-7.png","width":2293,"height":261,"caption":"Gentherm"},"image":{"@id":"https:\/\/gentherm.com\/zh-hans\/#\/schema\/logo\/image\/"},"sameAs":["https:\/\/www.facebook.com\/Gentherm","https:\/\/x.com\/Gentherm","https:\/\/www.instagram.com\/gentherminc\/","https:\/\/www.linkedin.com\/company\/2545469","https:\/\/www.youtube.com\/channel\/UCutcYediaV7Jqdj1hyIUp5w"]}]}},"_links":{"self":[{"href":"https:\/\/gentherm.com\/de\/wp-json\/wp\/v2\/pages\/6580","targetHints":{"allow":["GET"]}}],"collection":[{"href":"https:\/\/gentherm.com\/de\/wp-json\/wp\/v2\/pages"}],"about":[{"href":"https:\/\/gentherm.com\/de\/wp-json\/wp\/v2\/types\/page"}],"author":[{"embeddable":true,"href":"https:\/\/gentherm.com\/de\/wp-json\/wp\/v2\/users\/1"}],"replies":[{"embeddable":true,"href":"https:\/\/gentherm.com\/de\/wp-json\/wp\/v2\/comments?post=6580"}],"version-history":[{"count":55,"href":"https:\/\/gentherm.com\/de\/wp-json\/wp\/v2\/pages\/6580\/revisions"}],"predecessor-version":[{"id":7301,"href":"https:\/\/gentherm.com\/de\/wp-json\/wp\/v2\/pages\/6580\/revisions\/7301"}],"wp:attachment":[{"href":"https:\/\/gentherm.com\/de\/wp-json\/wp\/v2\/media?parent=6580"}],"curies":[{"name":"wp","href":"https:\/\/api.w.org\/{rel}","templated":true}]}}