{"id":6625,"date":"2025-10-06T13:17:48","date_gmt":"2025-10-06T13:17:48","guid":{"rendered":"https:\/\/gentherm.com\/?page_id=6625"},"modified":"2025-12-09T21:07:06","modified_gmt":"2025-12-09T21:07:06","slug":"comfortscale","status":"publish","type":"page","link":"https:\/\/gentherm.com\/de\/comfortscale\/","title":{"rendered":"ComfortScale\u2122"},"content":{"rendered":"<section class=\"bg-brand-black\">\n<div class=\"container pt-5 pb-3\">\n<div class=\"row m-0 gentherm-wrapper-left lc-block\">\n<div class=\"col-12 col-xl-6 pt-5 order-2 order-xl-1\">\n<h1 class=\"section-title\" editable=\"rich\">ComfortScale\u2122<\/h1>\n<div class=\"feature-subhead py-4\" editable=\"rich\">\n\t\t\t\t\tEinfacher. Schlanker. Intelligenter.\n\t\t\t\t<\/div>\n<p class=\"feature-content-text-sm\" editable=\"rich\">Ein Komfortsystem der n\u00e4chsten Generation, das Thermo-, Klima-, Lordosenst\u00fctz- und Massagefunktionen nahtlos in einem einzigen Modul vereint.<\/p>\n<p class=\"feature-content-text-sm\" editable=\"rich\">Pr\u00e4zise entwickelt, optimiert diese kompakte L\u00f6sung die Integrationszeit, steigert die Fertigungseffizienz und verhindert typische Qualit\u00e4ts- und Montageprobleme.<\/p>\n<\/p><\/div>\n<div class=\"col-12 col-xl-6 pt-5 order-1 order-xl-2 p-0\">\n\t\t\t\t<img loading=\"lazy\" decoding=\"async\" src=\"https:\/\/gentherm.com\/wp-content\/uploads\/comfortscale-header.png\" alt=\"ComfortScale\" class=\"d-none d-xl-block wp-image-7197\" width=\"890\" height=\"891\" srcset=\"https:\/\/gentherm.com\/wp-content\/uploads\/comfortscale-header.png 890w, https:\/\/gentherm.com\/wp-content\/uploads\/comfortscale-header-300x300.png 300w, https:\/\/gentherm.com\/wp-content\/uploads\/comfortscale-header-150x150.png 150w, https:\/\/gentherm.com\/wp-content\/uploads\/comfortscale-header-768x769.png 768w, https:\/\/gentherm.com\/wp-content\/uploads\/comfortscale-header-12x12.png 12w\" sizes=\"auto, (max-width: 890px) 100vw, 890px\"><br \/>\n\t\t\t\t<img decoding=\"async\" src=\"\/wp-content\/uploads\/automotive-wellsense-main-m.jpg\" alt=\"WellSense\u2122\" class=\"d-block d-xl-none\">\n\t\t\t<\/div>\n<\/p><\/div>\n<\/p><\/div>\n<\/section>\n<section class=\"section-bg-white-text-black\"><!-- PAGE TITLE --><\/p>\n<div class=\"container-fluid m-0 p-3 pt-md-5 sub-page-header\" id=\"\">\n<div class=\"container\">\n<div class=\"row m-0 gentherm-wrapper\">\n<div class=\"col-12 m-0 p-0 pt-md-5\">\n<h1 class=\"section-title py-4\" editable=\"rich\">Minimale Komplexit\u00e4t;<br \/>Maximale Effizienz<\/h1>\n<\/p><\/div>\n<\/p><\/div>\n<\/p><\/div>\n<\/p><\/div>\n<\/section>\n<section class=\"section-bg-white-text-black\">\n<div class=\"container\">\n<div class=\"row m-0 gentherm-wrapper pb-5 pb-md-3\">\n<div class=\"col-12 position-relative\">\n<div class=\"lc-block\">\n\t\t\t\t\t<img decoding=\"async\" src=\"https:\/\/gentherm.com\/wp-content\/uploads\/comfortscale-minimal-complexity.png\" alt=\"Minimarl Complexity; Maximum Efficiency\" class=\"img-fluid\" loading=\"lazy\">\n\t\t\t\t<\/div>\n<\/p><\/div>\n<\/p><\/div>\n<\/p><\/div>\n<\/section>\n<section class=\"section-bg-white-text-black\">\n<div class=\"container py-0 py-md-5\" id=\"dei\">\n<div class=\"col-12 align-self-center\">\n<div class=\"row pt-3 pb-3 gentherm-wrapper\">\n<div class=\"col-12\" editable=\"inline\">\n\t\t\t\t\tVORTEILE UNSERER COMFORTSCALE TECHNOLOGIE\n\t\t\t\t<\/div>\n<\/p><\/div>\n<div class=\"row gentherm-wrapper\">\n<div class=\"col-12 pt-3 pb-5\" style=\"position: relative;\">\n<div class=\"swiper slider1\">\n<div class=\"swiperNav mobileSwiperNavAdjust\">\n<div class=\"swiper-button-next\"><\/div>\n<div class=\"swiper-button-prev\"><\/div>\n<\/p><\/div>\n<div class=\"swiper-wrapper\">\n<div class=\"swiper-slide\">\n<div class=\"card mb-3\">\n<div class=\"row g-0\">\n<div class=\"col-4 pe-3 align-self-center\">\n\t\t\t\t\t\t\t\t\t\t\t<img decoding=\"async\" src=\"\/wp-content\/uploads\/icon-comfortscale-flexible-design.png\" class=\"img-fluid rounded-3\" alt=\"Flexible Design\" style=\"width: 105px; height: auto;\">\n\t\t\t\t\t\t\t\t\t\t<\/div>\n<div class=\"col-8 align-self-center\">\n<div class=\"card-body text-start p-0 ps-0\">\n<p class=\"card-text\" editable=\"rich\">\n\t\t\t\t\t\t\t\t\t\t\t\t\t<small class=\"text-body-secondary\" editable=\"rich\">Das Design kann flexibel an Schaumstoffform und Sitztyp angepasst werden und l\u00e4sst sich \u00fcber Sitzplattformen hinweg integrieren.<\/small>\n\t\t\t\t\t\t\t\t\t\t\t\t<\/p>\n<\/p><\/div>\n<\/p><\/div>\n<\/p><\/div>\n<\/p><\/div>\n<\/p><\/div>\n<div class=\"swiper-slide\">\n<div class=\"card mb-3\">\n<div class=\"row g-0\">\n<div class=\"col-4 pe-3 align-self-center\">\n\t\t\t\t\t\t\t\t\t\t\t<img decoding=\"async\" src=\"\/wp-content\/uploads\/icon-comfortscale-scalable-modular.png\" class=\"img-fluid rounded-3\" alt=\"Scalable\/Modular System\" style=\"width: 105px; height: auto;\">\n\t\t\t\t\t\t\t\t\t\t<\/div>\n<div class=\"col-8 align-self-center\">\n<div class=\"card-body text-start p-0 ps-0\">\n<p class=\"card-text\" editable=\"rich\">\n\t\t\t\t\t\t\t\t\t\t\t\t\t<small class=\"text-body-secondary\" editable=\"rich\">Skalierbares, modulares System \u2013 von der einfachen Lordosenst\u00fctze bis hin zu voll ausgestatteten pneumatischen und thermischen Komfortl\u00f6sungen.<\/small>\n\t\t\t\t\t\t\t\t\t\t\t\t<\/p>\n<\/p><\/div>\n<\/p><\/div>\n<\/p><\/div>\n<\/p><\/div>\n<\/p><\/div>\n<div class=\"swiper-slide\">\n<div class=\"card mb-3\">\n<div class=\"row g-0\">\n<div class=\"col-4 pe-3 align-self-center\">\n\t\t\t\t\t\t\t\t\t\t\t<img decoding=\"async\" src=\"\/wp-content\/uploads\/icon-comfortscale-easy-quick.png\" class=\"img-fluid rounded-3\" alt=\"Easy and Quick to Integrate\" style=\"width: 105px; height: auto;\">\n\t\t\t\t\t\t\t\t\t\t<\/div>\n<div class=\"col-8 align-self-center\">\n<div class=\"card-body text-start p-0 ps-0\">\n<p class=\"card-text\" editable=\"rich\">\n\t\t\t\t\t\t\t\t\t\t\t\t\t<small class=\"text-body-secondary\" editable=\"rich\">Das Design l\u00e4sst sich einfach und schnell integrieren und erm\u00f6glicht so laufende \u00c4nderungen.<\/small>\n\t\t\t\t\t\t\t\t\t\t\t\t<\/p>\n<\/p><\/div>\n<\/p><\/div>\n<\/p><\/div>\n<\/p><\/div>\n<\/p><\/div>\n<div class=\"swiper-slide\">\n<div class=\"card mb-3\">\n<div class=\"row g-0\">\n<div class=\"col-4 pe-3 align-self-center\">\n\t\t\t\t\t\t\t\t\t\t\t<img decoding=\"async\" src=\"\/wp-content\/uploads\/icon-comfortscale-cost-savings.png\" class=\"img-fluid rounded-3\" alt=\"Cost Savings\" style=\"width: 105px; height: auto;\">\n\t\t\t\t\t\t\t\t\t\t<\/div>\n<div class=\"col-8 align-self-center\">\n<div class=\"card-body text-start p-0 ps-0\">\n<p class=\"card-text\" editable=\"rich\">\n\t\t\t\t\t\t\t\t\t\t\t\t\t<small class=\"text-body-secondary\" editable=\"rich\">Kosteneinsparungen durch geringere Komplexit\u00e4t \u2013 f\u00fcr schnellere und effizientere Sitzmontage.<\/small>\n\t\t\t\t\t\t\t\t\t\t\t\t<\/p>\n<\/p><\/div>\n<\/p><\/div>\n<\/p><\/div>\n<\/p><\/div>\n<\/p><\/div>\n<\/p><\/div>\n<\/p><\/div>\n<\/p><\/div>\n<\/p><\/div>\n<\/p><\/div>\n<\/p><\/div>\n<\/section>\n<p><script>\n\tvar slider1 = new Swiper(\".slider1\", {\n  \t\tslidesPerView: 1,\n  \t\tspaceBetween: 10,\n  \t\tcenteredSlides: false,\n  \t\tnavigation: {\n\t\t\tnextEl: \".swiper-button-next\",\n\t\t\tprevEl: \".swiper-button-prev\",\n\t\t},\n\t\tbreakpoints: {\n  \t\t640: {\n    \t\tslidesPerView: 2,\n    \t\tspaceBetween: 20,\n  \t\t},\n  \t\t768: {\n    \t\tslidesPerView: 2,\n    \t\tspaceBetween: 20,\n  \t\t},\t\t\t  \n  \t\t1024: {\n    \t\tslidesPerView: 4,\n    \t\tspaceBetween: 20,\n  \t\t},\n\t\t},\n\t});\t\t\t\n<\/script><\/p>\n<section class=\"bg-brand-ltgrey text-black\">\n<div class=\"container-fluid m-0 p-3 pt-md-5 sub-page-header\" id=\"\">\n<div class=\"container pt-5\">\n<div class=\"row m-0 gentherm-wrapper pt-5\">\n<div class=\"col-12 m-0 align-self-center\">\n<div class=\"lc-block text-black solutions-title\" editable=\"rich\">Wissenswertes zum Design.<\/div>\n<\/p><\/div>\n<\/p><\/div>\n<\/p><\/div>\n<\/p><\/div>\n<\/section>\n<section class=\"bg-brand-ltgrey text-black\"><!-- CONTENT BLOCK - TITLE TEXT IMAGE RIGHT WITH NUMBER --><\/p>\n<div class=\"container py-0 py-xl-5 position-relative\">\n<div class=\"row m-0 gentherm-wrapper feature-content-border-left-half\">\n<div class=\"col-12 col-xl-6 order-2 order-xl-1\">\n<div class=\"feature-content feature-border-top pt-5\" style=\"position: relative;\">\n<div class=\"feature-subhead lc-block text-success\" editable=\"rich\" style=\"display: inline-block\">A-Seiten Integration<\/div>\n<p class=\"feature-content-text-fw text-black lc-block\" editable=\"rich\">\n\t\t\t\t\t\tDas vereinheitlichte Tr\u00e4gersystem der Gentherm ComfortScale-Architektur vereint Massage-, Schaum-, Thermo- und Sensorkomponenten in einem schlanken Modul. Diese nahtlose Integration macht separate Luftkammern und Schlauchf\u00fchrungen \u00fcberfl\u00fcssig, verk\u00fcrzt die Montagezeit, minimiert Fehler und steigert gleichzeitig die Gesamtqualit\u00e4t und den Komfort des Sitzes.<\/p>\n<p>Durch die Zusammenf\u00fchrung auf der A-Seite werden Heizmatte, Massageeinheit, Schlauchf\u00fchrung, integrierter Kabelbaum und Sensortechnologien zu einem kompakten Modul kombiniert. Dies vereinfacht die Fertigung und gew\u00e4hrleistet auf jeder Sitzplattform gleichbleibend hohe Qualit\u00e4t und Leistung.\n\t\t\t\t\t<\/p>\n<\/p><\/div>\n<\/p><\/div>\n<div class=\"col-12 col-xl-5 offset-xl-1 order-1 order-xl-2 d-flex align-items-start justify-content-end\" style=\"position: relative;\">\n\t\t\t\t<img decoding=\"async\" src=\"https:\/\/gentherm.com\/wp-content\/uploads\/comfortscale-behind-the-design1.jpg\" width=\"592\" height=\"592\" srcset=\"https:\/\/gentherm.com\/wp-content\/uploads\/comfortscale-behind-the-design1.jpg 592w, https:\/\/gentherm.com\/wp-content\/uploads\/comfortscale-behind-the-design1-300x300.jpg 300w, https:\/\/gentherm.com\/wp-content\/uploads\/comfortscale-behind-the-design1-150x150.jpg 150w, https:\/\/gentherm.com\/wp-content\/uploads\/comfortscale-behind-the-design1-12x12.jpg 12w\" sizes=\"auto, (max-width: 592px) 100vw, 592px\" class=\"img-fluid feature-content-img wp-image-6649\" loading=\"lazy\">\n\t\t\t<\/div>\n<\/p><\/div>\n<\/p><\/div>\n<\/section>\n<p><!-- CONTENT BLOCK: INDUSTRIES NAVIGATION WITH IMAGES --><\/p>\n<section class=\"bg-brand-ltgrey text-black pb-5\"><!-- CONTENT BLOCK - TITLE TEXT IMAGE LEFT WITH NUMBER --><\/p>\n<div class=\"container py-0 py-xl-5 position-relative pb-5\">\n<div class=\"row m-0 gentherm-wrapper-left feature-content-border-right-half lc-block\">\n<div class=\"col-12 col-xl-5 order-1 order-xl-1 d-flex align-items-start\" style=\"position: relative;\">\n\t\t\t\t<img loading=\"lazy\" decoding=\"async\" src=\"https:\/\/gentherm.com\/wp-content\/uploads\/comfortscale-behind-the-design2.jpg\" width=\"593\" height=\"592\" srcset=\"https:\/\/gentherm.com\/wp-content\/uploads\/comfortscale-behind-the-design2.jpg 593w, https:\/\/gentherm.com\/wp-content\/uploads\/comfortscale-behind-the-design2-300x300.jpg 300w, https:\/\/gentherm.com\/wp-content\/uploads\/comfortscale-behind-the-design2-150x150.jpg 150w, https:\/\/gentherm.com\/wp-content\/uploads\/comfortscale-behind-the-design2-12x12.jpg 12w\" sizes=\"auto, (max-width: 593px) 100vw, 593px\" class=\"img-fluid feature-content-img wp-image-6648\">\n\t\t\t<\/div>\n<div class=\"col-12 col-xl-5 offset-xl-1 order-2 order-xl-2 d-flex justify-content-end\" style=\"position: relative;\">\n<div class=\"feature-content-left-offset pt-0 pt-xl-5\" style=\"position: relative;\">\n<div class=\"feature-subhead lc-block text-success\" editable=\"rich\" style=\"display: inline-block\">B-Seiten Integration<\/div>\n<p class=\"feature-content-text-fw text-black lc-block\" editable=\"rich\">\n\t\t\t\t\t\tAuf der B-Seite wird durch die Kombination von Bel\u00fcftung und Lordosenst\u00fctze die Installation durch einen effizienten Zweischritt-Ansatz vereinfacht: Zuerst wird der Ventilated-Trim-Bag (VTB) durch ein Band  fixiert, anschlie\u00dfend wird die vollst\u00e4ndige Bel\u00fcftung und Lordosenst\u00fctze am Sitzrahmen befestigt. Dieser optimierte Ablauf reduziert Montageaufwand und Komplexit\u00e4t.<\/p>\n<p>\t\t\t\t\t\tDurch die Kombination zentraler Komponenten, wie der Hinterfederungsmatte mit dem Lordosensystem, der Luftverteilschicht (VTB), der ECU und dem Twist-and-Lock-L\u00fcfter, wird die B-Seiten-Integration zur schnelleren Montage bei weniger Einzelteilen \u2013 f\u00fcr h\u00f6chsten Komfort, gleichbleibende Qualit\u00e4t und effiziente Produktion.<\/p>\n<\/p><\/div>\n<\/p><\/div>\n<\/p><\/div>\n<\/p><\/div>\n<\/section>\n<section>\n\t<!-- CONTENT BLOCK: INDUSTRIES NAVIGATION WITH IMAGES -->\r\n<section class=\"bg-brand-black text-white pb-5\">\r\n<div class=\"container pt-5 pb-0 py-md-5\">\r\n\t<div class=\"row m-0 g-0 py-0 py-md-5 gentherm-wrapper-left lc-block\">\r\n\t\t<div class=\"col-12 col-md-6 align-self-center pb-3 pb-md-0\">\r\n\t\t\t<h1 class=\"section-title\">Branchen<\/h1>\r\n\t\t<\/div>\r\n\t\t<div class=\"col-12 col-md-6 align-self-center d-none d-md-block\">\r\n\t\t\t<p class=\"feature-content-text-sm text-white\">\r\n\t\t\t<\/p>\r\n\t\t<\/div>\r\n\t<\/div>\r\n\t<div class=\"row m-0 g-0 gentherm-wrapper-left lc-block\">\r\n\t\t<div class=\"col-12 col-md-5\">\r\n\t\t\t<div class=\"m-0 inpage-navitem pb-3 mb-4 d-flex justify-content-between\">\r\n\t\t\t\t<a href=\"\/de\/mobility\/\">Mobilit\u00e4t<\/a>\r\n\t\t\t\t<img decoding=\"async\" src=\"\/svg\/inpage-nav-arrow-w.svg\" alt=\"->\" style=\"width: 60px; height: auto; vertical-align: middle;\">\r\n\t\t\t<\/div>\r\n\t\t\t<div class=\"m-0 inpage-navitem pb-3 mb-4 d-flex justify-content-between\">\r\n\t\t\t\t<a href=\"\/de\/medical\/\">Medizintechnik<\/a>\r\n\t\t\t\t<img decoding=\"async\" src=\"\/svg\/inpage-nav-arrow-w.svg\" alt=\"->\" style=\"width: 60px; height: auto; vertical-align: middle;\">\r\n\t\t\t<\/div>\r\n\t\t\t<div class=\"m-0 inpage-navitem pb-3 mb-4 d-flex justify-content-between\">\r\n\t\t\t\t<a href=\"\/de\/growth-markets\/\">Wachstumsm\u00e4rkte<\/a>\r\n\t\t\t\t<img decoding=\"async\" src=\"\/svg\/inpage-nav-arrow-w.svg\" alt=\"->\" style=\"width: 60px; height: auto; vertical-align: middle;\">\r\n\t\t\t<\/div>\r\n\t\t<\/div>\r\n\t\t<div class=\"col-12 col-md-4 offset-md-1 d-none d-md-block\">\r\n\t\t\t<img decoding=\"async\" src=\"https:\/\/gentherm.com\/wp-content\/uploads\/home-industries-automotive-main.jpg\" alt=\"Automotive\" class=\"img-fluid w-100\">\r\n\t\t<\/div>\r\n\t\t<div class=\"col-12 col-md-2 d-none d-md-block\">&nbsp;<\/div>\r\n\t<\/div>\r\n\t<div class=\"lc-block d-none d-md-block\">\r\n\t\t<div class=\"row m-0 g-0 gentherm-wrapper-left\">\r\n\t\t\t<div class=\"col-12 col-md-6\">\r\n\t\t\t\t<img decoding=\"async\" src=\"https:\/\/gentherm.com\/wp-content\/uploads\/industries-placeholder-left.jpg\" alt=\"Medical\" class=\"img-fluid w-100\">\r\n\t\t\t<\/div>\r\n\t\t\t<div class=\"col-12 col-md-4\">&nbsp;<\/div>\r\n\t\t\t<div class=\"col-12 col-md-2\">\r\n\t\t\t\t<img decoding=\"async\" src=\"https:\/\/gentherm.com\/wp-content\/uploads\/industries-placeholder-right.png\" alt=\"Growth Markets\" class=\"img-fluid w-100 h-100\">\r\n\t\t\t<\/div>\r\n\t\t<\/div>\r\n\t<\/div>\t\t\r\n<\/div>\r\n<\/section><br \/>\n<\/section>\n<section>\n<div lc-helper=\"shortcode\" class=\"live-shortcode\"><section> <!-- CAREERS SECTION -->\r\n\t<div class=\"container-fluid m-0 p-0 bg-brand-purple py-4\" id=\"careers\">\r\n\t\t<div class=\"container\">\r\n\t\t\t<div class=\"row m-0 gentherm-wrapper-left\">\r\n\t\t\t\t<!-- <div class=\"col-12 col-md-2 d-none d-md-block career-spacer-start\"><\/div> -->\r\n\t\t\t\t<div class=\"col-12 col-md-8\">\r\n\t\t\t\t\t<div class=\"row\">\r\n\t\t\t\t\t\t<div class=\"col-12 text-white lc-block\">\r\n\t\t\t\t\t\t\t<div class=\"section-title py-4 translation-block\">Werde Teil von uns<\/div>\r\n\t\t\t\t\t\t<\/div>\r\n\t\t\t\t\t<\/div>\r\n\t\t\t\t\t<div class=\"row text-white\">\r\n\t\t\t\t\t\t<div class=\"col-12 col-md-4 lc-block\">\r\n\t\t\t\t\t\t\t<div class=\"content-title p-3\">Opportunity To<br class=\"dOnly\"> The Next Degree<\/div>\r\n\t\t\t\t\t\t<\/div>\r\n\t\t\t\t\t\t<div class=\"col-12 col-md-8 text-white lc-block\">\r\n\t\t\t\t\t\t\t<div class=\"p-3 careers-text\">\r\n\t\t\t\t\t\t\t\t<p class=\"ps-3\">Unsere Mitarbeiterinnen und Mitarbeiter sind die treibende Kraft f\u00fcr neue Ideen und die Technologie von morgen.<\/p>\r\n\t\t\t\t\t\t\t\t<p class=\"ps-3\"><a href=\"\/de\/careers\/\" class=\"btn-with-arrow-white\">Karriereseite<\/a><\/p>\r\n\t\t\t\t\t\t\t<\/div>\r\n\t\t\t\t\t\t<\/div>\r\n\t\t\t\t\t<\/div>\r\n\t\t\t\t<\/div>\r\n\t\t\t\t<div class=\"col-12 col-md-4 d-flex align-items-end flex-column p-0\">\r\n\t\t\t\t\t<img decoding=\"async\" src=\"\/wp-content\/uploads\/home-careers.png\" class=\"\" alt=\"Work With Us\" style=\"padding: 36px 0 50px 0;\">\r\n\t\t\t\t<\/div>\r\n\t\t\t<\/div>\r\n\t\t<\/div>\r\n\t<\/div>\r\n<\/section><\/div>\n<\/section>","protected":false},"excerpt":{"rendered":"<p>ComfortScale\u2122 Simplified. Streamlined. Smarter. Introducing a next-generation comfort system that seamlessly integrates thermal, lumbar and massage technologies into a unified module for each side of the seat. Engineered with precision, this streamlined solution is designed to reduce integration time, enhance manufacturing efficiency and eliminate common quality and assembly challenges. Minimal Complexity;Maximum Efficiency BENEFITS OF COMFORTSCALE [&hellip;]<\/p>","protected":false},"author":1,"featured_media":0,"parent":0,"menu_order":0,"comment_status":"closed","ping_status":"closed","template":"page-templates\/page-blank-dark.php","meta":{"_acf_changed":false,"footnotes":""},"class_list":["post-6625","page","type-page","status-publish","hentry"],"acf":[],"yoast_head":"<!-- This site is optimized with the Yoast SEO Premium plugin v24.4 (Yoast SEO v26.5) - https:\/\/yoast.com\/wordpress\/plugins\/seo\/ -->\n<title>ComfortScale\u2122 - Gentherm<\/title>\n<meta name=\"robots\" content=\"index, follow, max-snippet:-1, max-image-preview:large, max-video-preview:-1\" \/>\n<link rel=\"canonical\" href=\"https:\/\/gentherm.com\/de\/comfortscale\/\" \/>\n<meta property=\"og:locale\" content=\"de_DE\" \/>\n<meta property=\"og:type\" content=\"article\" \/>\n<meta property=\"og:title\" content=\"ComfortScale\u2122\" \/>\n<meta property=\"og:description\" content=\"ComfortScale\u2122 Simplified. Streamlined. Smarter. Introducing a next-generation comfort system that seamlessly integrates thermal, lumbar and massage technologies into a unified module for each side of the seat. Engineered with precision, this streamlined solution is designed to reduce integration time, enhance manufacturing efficiency and eliminate common quality and assembly challenges. Minimal Complexity;Maximum Efficiency BENEFITS OF COMFORTSCALE [&hellip;]\" \/>\n<meta property=\"og:url\" content=\"https:\/\/gentherm.com\/de\/comfortscale\/\" \/>\n<meta property=\"og:site_name\" content=\"Gentherm\" \/>\n<meta property=\"article:publisher\" content=\"https:\/\/www.facebook.com\/Gentherm\" \/>\n<meta property=\"article:modified_time\" content=\"2025-12-09T21:07:06+00:00\" \/>\n<meta property=\"og:image\" content=\"https:\/\/gentherm.com\/wp-content\/uploads\/comfortscale-header.png\" \/>\n<meta name=\"twitter:card\" content=\"summary_large_image\" \/>\n<meta name=\"twitter:site\" content=\"@Gentherm\" \/>\n<meta name=\"twitter:label1\" content=\"Gesch\u00e4tzte Lesezeit\" \/>\n\t<meta name=\"twitter:data1\" content=\"4\u00a0Minuten\" \/>\n<script type=\"application\/ld+json\" class=\"yoast-schema-graph\">{\"@context\":\"https:\/\/schema.org\",\"@graph\":[{\"@type\":\"WebPage\",\"@id\":\"https:\/\/gentherm.com\/de\/comfortscale\/\",\"url\":\"https:\/\/gentherm.com\/de\/comfortscale\/\",\"name\":\"ComfortScale\u2122 - Gentherm\",\"isPartOf\":{\"@id\":\"https:\/\/gentherm.com\/zh-hans\/#website\"},\"primaryImageOfPage\":{\"@id\":\"https:\/\/gentherm.com\/de\/comfortscale\/#primaryimage\"},\"image\":{\"@id\":\"https:\/\/gentherm.com\/de\/comfortscale\/#primaryimage\"},\"thumbnailUrl\":\"https:\/\/gentherm.com\/wp-content\/uploads\/comfortscale-header.png\",\"datePublished\":\"2025-10-06T13:17:48+00:00\",\"dateModified\":\"2025-12-09T21:07:06+00:00\",\"breadcrumb\":{\"@id\":\"https:\/\/gentherm.com\/de\/comfortscale\/#breadcrumb\"},\"inLanguage\":\"de\",\"potentialAction\":[{\"@type\":\"ReadAction\",\"target\":[\"https:\/\/gentherm.com\/de\/comfortscale\/\"]}]},{\"@type\":\"ImageObject\",\"inLanguage\":\"de\",\"@id\":\"https:\/\/gentherm.com\/de\/comfortscale\/#primaryimage\",\"url\":\"https:\/\/gentherm.com\/wp-content\/uploads\/comfortscale-header.png\",\"contentUrl\":\"https:\/\/gentherm.com\/wp-content\/uploads\/comfortscale-header.png\"},{\"@type\":\"BreadcrumbList\",\"@id\":\"https:\/\/gentherm.com\/de\/comfortscale\/#breadcrumb\",\"itemListElement\":[{\"@type\":\"ListItem\",\"position\":1,\"name\":\"Home\",\"item\":\"https:\/\/gentherm.com\/en\/\"},{\"@type\":\"ListItem\",\"position\":2,\"name\":\"ComfortScale\u2122\"}]},{\"@type\":\"WebSite\",\"@id\":\"https:\/\/gentherm.com\/zh-hans\/#website\",\"url\":\"https:\/\/gentherm.com\/zh-hans\/\",\"name\":\"Gentherm\",\"description\":\"\",\"publisher\":{\"@id\":\"https:\/\/gentherm.com\/zh-hans\/#organization\"},\"potentialAction\":[{\"@type\":\"SearchAction\",\"target\":{\"@type\":\"EntryPoint\",\"urlTemplate\":\"https:\/\/gentherm.com\/zh-hans\/?s={search_term_string}\"},\"query-input\":{\"@type\":\"PropertyValueSpecification\",\"valueRequired\":true,\"valueName\":\"search_term_string\"}}],\"inLanguage\":\"de\"},{\"@type\":\"Organization\",\"@id\":\"https:\/\/gentherm.com\/zh-hans\/#organization\",\"name\":\"Gentherm\",\"url\":\"https:\/\/gentherm.com\/zh-hans\/\",\"logo\":{\"@type\":\"ImageObject\",\"inLanguage\":\"de\",\"@id\":\"https:\/\/gentherm.com\/zh-hans\/#\/schema\/logo\/image\/\",\"url\":\"https:\/\/gentherm.com\/wp-content\/uploads\/B_Gentherm_Wordmark-7.png\",\"contentUrl\":\"https:\/\/gentherm.com\/wp-content\/uploads\/B_Gentherm_Wordmark-7.png\",\"width\":2293,\"height\":261,\"caption\":\"Gentherm\"},\"image\":{\"@id\":\"https:\/\/gentherm.com\/zh-hans\/#\/schema\/logo\/image\/\"},\"sameAs\":[\"https:\/\/www.facebook.com\/Gentherm\",\"https:\/\/x.com\/Gentherm\",\"https:\/\/www.instagram.com\/gentherminc\/\",\"https:\/\/www.linkedin.com\/company\/2545469\",\"https:\/\/www.youtube.com\/channel\/UCutcYediaV7Jqdj1hyIUp5w\"]}]}<\/script>\n<!-- \/ Yoast SEO Premium plugin. -->","yoast_head_json":{"title":"ComfortScale\u2122 - Gentherm","robots":{"index":"index","follow":"follow","max-snippet":"max-snippet:-1","max-image-preview":"max-image-preview:large","max-video-preview":"max-video-preview:-1"},"canonical":"https:\/\/gentherm.com\/de\/comfortscale\/","og_locale":"de_DE","og_type":"article","og_title":"ComfortScale\u2122","og_description":"ComfortScale\u2122 Simplified. Streamlined. Smarter. Introducing a next-generation comfort system that seamlessly integrates thermal, lumbar and massage technologies into a unified module for each side of the seat. Engineered with precision, this streamlined solution is designed to reduce integration time, enhance manufacturing efficiency and eliminate common quality and assembly challenges. Minimal Complexity;Maximum Efficiency BENEFITS OF COMFORTSCALE [&hellip;]","og_url":"https:\/\/gentherm.com\/de\/comfortscale\/","og_site_name":"Gentherm","article_publisher":"https:\/\/www.facebook.com\/Gentherm","article_modified_time":"2025-12-09T21:07:06+00:00","og_image":[{"url":"https:\/\/gentherm.com\/wp-content\/uploads\/comfortscale-header.png","type":"","width":"","height":""}],"twitter_card":"summary_large_image","twitter_site":"@Gentherm","twitter_misc":{"Gesch\u00e4tzte Lesezeit":"4\u00a0Minuten"},"schema":{"@context":"https:\/\/schema.org","@graph":[{"@type":"WebPage","@id":"https:\/\/gentherm.com\/de\/comfortscale\/","url":"https:\/\/gentherm.com\/de\/comfortscale\/","name":"ComfortScale\u2122 - Gentherm","isPartOf":{"@id":"https:\/\/gentherm.com\/zh-hans\/#website"},"primaryImageOfPage":{"@id":"https:\/\/gentherm.com\/de\/comfortscale\/#primaryimage"},"image":{"@id":"https:\/\/gentherm.com\/de\/comfortscale\/#primaryimage"},"thumbnailUrl":"https:\/\/gentherm.com\/wp-content\/uploads\/comfortscale-header.png","datePublished":"2025-10-06T13:17:48+00:00","dateModified":"2025-12-09T21:07:06+00:00","breadcrumb":{"@id":"https:\/\/gentherm.com\/de\/comfortscale\/#breadcrumb"},"inLanguage":"de","potentialAction":[{"@type":"ReadAction","target":["https:\/\/gentherm.com\/de\/comfortscale\/"]}]},{"@type":"ImageObject","inLanguage":"de","@id":"https:\/\/gentherm.com\/de\/comfortscale\/#primaryimage","url":"https:\/\/gentherm.com\/wp-content\/uploads\/comfortscale-header.png","contentUrl":"https:\/\/gentherm.com\/wp-content\/uploads\/comfortscale-header.png"},{"@type":"BreadcrumbList","@id":"https:\/\/gentherm.com\/de\/comfortscale\/#breadcrumb","itemListElement":[{"@type":"ListItem","position":1,"name":"Home","item":"https:\/\/gentherm.com\/en\/"},{"@type":"ListItem","position":2,"name":"ComfortScale\u2122"}]},{"@type":"WebSite","@id":"https:\/\/gentherm.com\/zh-hans\/#website","url":"https:\/\/gentherm.com\/zh-hans\/","name":"Gentherm","description":"","publisher":{"@id":"https:\/\/gentherm.com\/zh-hans\/#organization"},"potentialAction":[{"@type":"SearchAction","target":{"@type":"EntryPoint","urlTemplate":"https:\/\/gentherm.com\/zh-hans\/?s={search_term_string}"},"query-input":{"@type":"PropertyValueSpecification","valueRequired":true,"valueName":"search_term_string"}}],"inLanguage":"de"},{"@type":"Organization","@id":"https:\/\/gentherm.com\/zh-hans\/#organization","name":"Gentherm","url":"https:\/\/gentherm.com\/zh-hans\/","logo":{"@type":"ImageObject","inLanguage":"de","@id":"https:\/\/gentherm.com\/zh-hans\/#\/schema\/logo\/image\/","url":"https:\/\/gentherm.com\/wp-content\/uploads\/B_Gentherm_Wordmark-7.png","contentUrl":"https:\/\/gentherm.com\/wp-content\/uploads\/B_Gentherm_Wordmark-7.png","width":2293,"height":261,"caption":"Gentherm"},"image":{"@id":"https:\/\/gentherm.com\/zh-hans\/#\/schema\/logo\/image\/"},"sameAs":["https:\/\/www.facebook.com\/Gentherm","https:\/\/x.com\/Gentherm","https:\/\/www.instagram.com\/gentherminc\/","https:\/\/www.linkedin.com\/company\/2545469","https:\/\/www.youtube.com\/channel\/UCutcYediaV7Jqdj1hyIUp5w"]}]}},"_links":{"self":[{"href":"https:\/\/gentherm.com\/de\/wp-json\/wp\/v2\/pages\/6625","targetHints":{"allow":["GET"]}}],"collection":[{"href":"https:\/\/gentherm.com\/de\/wp-json\/wp\/v2\/pages"}],"about":[{"href":"https:\/\/gentherm.com\/de\/wp-json\/wp\/v2\/types\/page"}],"author":[{"embeddable":true,"href":"https:\/\/gentherm.com\/de\/wp-json\/wp\/v2\/users\/1"}],"replies":[{"embeddable":true,"href":"https:\/\/gentherm.com\/de\/wp-json\/wp\/v2\/comments?post=6625"}],"version-history":[{"count":27,"href":"https:\/\/gentherm.com\/de\/wp-json\/wp\/v2\/pages\/6625\/revisions"}],"predecessor-version":[{"id":7270,"href":"https:\/\/gentherm.com\/de\/wp-json\/wp\/v2\/pages\/6625\/revisions\/7270"}],"wp:attachment":[{"href":"https:\/\/gentherm.com\/de\/wp-json\/wp\/v2\/media?parent=6625"}],"curies":[{"name":"wp","href":"https:\/\/api.w.org\/{rel}","templated":true}]}}