{"id":6830,"date":"2025-10-07T18:34:23","date_gmt":"2025-10-07T18:34:23","guid":{"rendered":"https:\/\/gentherm.com\/?page_id=6830"},"modified":"2026-03-11T14:10:16","modified_gmt":"2026-03-11T14:10:16","slug":"growth-markets","status":"publish","type":"page","link":"https:\/\/gentherm.com\/de\/growth-markets\/","title":{"rendered":"Wachstumsm\u00e4rkte"},"content":{"rendered":"<section>\n<div class=\"container py-5\">\n<div class=\"row m-0 gentherm-wrapper mt-5\">\n<div class=\"col-12\">\n<div class=\"lc-block mb-4\">\n<div editable=\"rich\">\n<h1 class=\"section-title\">Wachstumsm\u00e4rkte<\/h1>\n<\/p><\/div>\n<\/p><\/div>\n<\/p><\/div>\n<\/p><\/div>\n<div class=\"row m-0 gentherm-wrapper mb-4\">\n\t\t\t<img decoding=\"async\" src=\"\/wp-content\/uploads\/growth-markets-header.jpg\" class=\"d-block w-100 img-fluid\" alt=\"Gentherm Growth Markets\" loading=\"lazy\">\n\t\t<\/div>\n<\/p><\/div>\n<\/section>\n<p><!-- OUR SOLUTIONS SECTION --><\/p>\n<p><!-- CONTENT BLOCK: INDUSTRIES NAVIGATION WITH IMAGES --><\/p>\n<section><!-- CONTENT BLOCK - QUAD BOX STAGGERED CONTENT WITH FLOATING IMAGE --><\/p>\n<div class=\"container-fluid\">\n<div class=\"container pb-5\">\n<div class=\"row\">\n<div class=\"d-none d-lg-block col-md-5\" style=\"position: relative;\">\n\t\t\t\t\t<img decoding=\"async\" src=\"\/wp-content\/uploads\/growth-markets-intro.png\" alt=\"Accelerating Innovation\">\n\t\t\t\t<\/div>\n<div class=\"col-12 col-md-7 ps-0 pt-0 ps-md-5 pt-md-5\">\n<div class=\"feature-content-text-sm text-black ps-0 pt-0 ps-md-5 pt-md-5\" editable=\"rich\">\n<p>Gentherm erschlie\u00dft neue Gesch\u00e4ftsfelder wie Zweirad, Nutzfahrzeuge, M\u00f6bel und Landwirtschaft.\nDiese M\u00e4rkte bieten neue M\u00f6glichkeiten, unsere Expertise in Thermomanagement, pneumatischen Komforttechnologien und Ventiltechnologie einzubringen.\nUnser Ziel ist es, innovative L\u00f6sungen zu schaffen, die Komfort, Leistung und den t\u00e4glichen Nutzen \u00fcber ein breites Spektrum von Anwendungen hinweg steigern.<\/p>\n<p>\t\t\t\t\t\t<a href=\"\/de\/contact-us\/\" class=\"btn btn-cyan text-start\" rel=\"noopener\" id=\"productsContact\" style=\"width: auto;\">Erfahren Sie, wie unsere Technologien <br class=\"d-block d-md-none\"> Ihr Produkt verbessern k\u00f6nnen!<\/a>\n\t\t\t\t\t<\/div>\n<\/p><\/div>\n<\/p><\/div>\n<\/p><\/div>\n<\/p><\/div>\n<\/section>\n<p><!-- CONTENT BLOCK: INDUSTRIES NAVIGATION WITH IMAGES --><\/p>\n<section class=\"lc-block\">\n\t<!-- CONTENT BLOCK: INDUSTRIES NAVIGATION WITH IMAGES -->\r\n<section class=\"bg-brand-black text-white pb-5\">\r\n<div class=\"container pt-5 pb-0 py-md-5\">\r\n\t<div class=\"row m-0 g-0 py-0 py-md-5 gentherm-wrapper-left lc-block\">\r\n\t\t<div class=\"col-12 col-md-6 align-self-center pb-3 pb-md-0\">\r\n\t\t\t<h1 class=\"section-title\">Branchen<\/h1>\r\n\t\t<\/div>\r\n\t\t<div class=\"col-12 col-md-6 align-self-center d-none d-md-block\">\r\n\t\t\t<p class=\"feature-content-text-sm text-white\">\r\n\t\t\t<\/p>\r\n\t\t<\/div>\r\n\t<\/div>\r\n\t<div class=\"row m-0 g-0 gentherm-wrapper-left lc-block\">\r\n\t\t<div class=\"col-12 col-md-5\">\r\n\t\t\t<div class=\"m-0 inpage-navitem pb-3 mb-4 d-flex justify-content-between\">\r\n\t\t\t\t<a href=\"\/de\/mobility\/\">Mobilit\u00e4t<\/a>\r\n\t\t\t\t<img decoding=\"async\" src=\"\/svg\/inpage-nav-arrow-w.svg\" alt=\"->\" style=\"width: 60px; height: auto; vertical-align: middle;\">\r\n\t\t\t<\/div>\r\n\t\t\t<div class=\"m-0 inpage-navitem pb-3 mb-4 d-flex justify-content-between\">\r\n\t\t\t\t<a href=\"\/de\/medical\/\">Medizintechnik<\/a>\r\n\t\t\t\t<img decoding=\"async\" src=\"\/svg\/inpage-nav-arrow-w.svg\" alt=\"->\" style=\"width: 60px; height: auto; vertical-align: middle;\">\r\n\t\t\t<\/div>\r\n\t\t\t<div class=\"m-0 inpage-navitem pb-3 mb-4 d-flex justify-content-between\">\r\n\t\t\t\t<a href=\"\/de\/growth-markets\/\">Wachstumsm\u00e4rkte<\/a>\r\n\t\t\t\t<img decoding=\"async\" src=\"\/svg\/inpage-nav-arrow-w.svg\" alt=\"->\" style=\"width: 60px; height: auto; vertical-align: middle;\">\r\n\t\t\t<\/div>\r\n\t\t<\/div>\r\n\t\t<div class=\"col-12 col-md-4 offset-md-1 d-none d-md-block\">\r\n\t\t\t<img decoding=\"async\" src=\"https:\/\/gentherm.com\/wp-content\/uploads\/home-industries-automotive-main.jpg\" alt=\"Automotive\" class=\"img-fluid w-100\">\r\n\t\t<\/div>\r\n\t\t<div class=\"col-12 col-md-2 d-none d-md-block\">&nbsp;<\/div>\r\n\t<\/div>\r\n\t<div class=\"lc-block d-none d-md-block\">\r\n\t\t<div class=\"row m-0 g-0 gentherm-wrapper-left\">\r\n\t\t\t<div class=\"col-12 col-md-6\">\r\n\t\t\t\t<img decoding=\"async\" src=\"https:\/\/gentherm.com\/wp-content\/uploads\/industries-placeholder-left.jpg\" alt=\"Medical\" class=\"img-fluid w-100\">\r\n\t\t\t<\/div>\r\n\t\t\t<div class=\"col-12 col-md-4\">&nbsp;<\/div>\r\n\t\t\t<div class=\"col-12 col-md-2\">\r\n\t\t\t\t<img decoding=\"async\" src=\"https:\/\/gentherm.com\/wp-content\/uploads\/industries-placeholder-right.png\" alt=\"Growth Markets\" class=\"img-fluid w-100 h-100\">\r\n\t\t\t<\/div>\r\n\t\t<\/div>\r\n\t<\/div>\t\t\r\n<\/div>\r\n<\/section><br \/>\n<\/section>\n<p><!-- CAREERS SECTION --><\/p>\n<section>\n<div class=\"container-fluid m-0 p-0 bg-brand-purple py-4\" id=\"careers\">\n<div class=\"container\">\n<div class=\"row m-0 p-0\">\n\t\t\t\t<!-- \n\n<div class=\"col-12 col-md-2 d-none d-md-block career-spacer-start\"><\/div>\n\n --><\/p>\n<div class=\"col-12 col-md-8 gentherm-wrapper\">\n<div class=\"row\">\n<div class=\"col-12 text-white\">\n<div class=\"section-title py-4 translation-block\">Werde Teil von uns<\/div>\n<\/p><\/div>\n<\/p><\/div>\n<div class=\"row text-white\">\n<div class=\"col-12 col-md-4\">\n<div class=\"content-title p-3\">Opportunity To<br class=\"dOnly\"> The Next Degree<\/div>\n<\/p><\/div>\n<div class=\"col-12 col-md-8 text-white\">\n<div class=\"p-3 careers-text\">\n<p class=\"ps-3\">Unsere Mitarbeiterinnen und Mitarbeiter sind die treibende Kraft f\u00fcr neue Ideen und die Technologie von morgen.<\/p>\n<p class=\"ps-3\"><a href=\"\/de\/careers\/\" class=\"btn-with-arrow-white\">Karriereseite<\/a><\/p>\n<\/p><\/div>\n<\/p><\/div>\n<\/p><\/div>\n<\/p><\/div>\n<div class=\"col-12 col-md-4\">\n\t\t\t\t\t<img decoding=\"async\" src=\"\/wp-content\/uploads\/home-careers.png\" class=\"\" alt=\"Work With Us\" style=\"padding: 36px 0 50px 0;\">\n\t\t\t\t<\/div>\n<\/p><\/div>\n<\/p><\/div>\n<\/p><\/div>\n<\/section>\n<section><!-- CONTENT BLOCK - BIG WORD NAVIGATION --><\/p>\n<div class=\"container-fluid py-5\">\n<div class=\"row lc-block\" id=\"bigwordswrapper\">\n<div class=\"col-12 d-flex align-items-center justify-content-center\" style=\"position: relative;\">\n<ul class=\"bigwords\">\n<li><a href=\"\/de\/heating\/\" editable=\"inline\" id=\"heating\" class=\"text-cyan\">Heizen<\/a><\/li>\n<li><a href=\"\/de\/cooling-ventilation\/\" editable=\"inline\" id=\"cooling-ventilation\">K\u00fchlen \/ Bel\u00fcften<\/a><\/li>\n<li><a href=\"\/de\/pneumatics\/\" editable=\"inline\" id=\"pneumatics\">Pneumatik<\/a><\/li>\n<li><a href=\"\/de\/valves\/\" editable=\"inline\" id=\"valves\" class=\"\">Ventile<\/a><\/li>\n<\/ul>\n<p>\t\t\t\t<a href=\"#\" id=\"bigwordsthumbnail\"><img alt=\"\"><\/a>\n\t\t\t<\/div>\n<\/p><\/div>\n<\/p><\/div>\n<p>\t<script src=\"https:\/\/ajax.googleapis.com\/ajax\/libs\/jquery\/3.2.1\/jquery.min.js\"><\/script><br \/>\n\t<script>\n\tjQuery(document).ready(function() {\n\t\tjQuery(\"ul.bigwords li a\").hover(function(){\n\t\t\tjQuery(this).attr('href','\/'+jQuery(this).attr(\"id\")+'\/');\t\t\t\n\/\/\t\t\tjQuery(\"#bigwordsthumbnail img\").attr('src','\/wp-content\/uploads\/bigwords-thumb-'+jQuery(this).attr(\"id\")+'.jpg');\n\/\/\t\t\tjQuery(\"#bigwordsthumbnail\").attr('href','\/automotive\/'+jQuery(this).attr(\"id\")+'\/');\n\/\/\t\t  \t\tjQuery(\"#bigwordsthumbnail\").show();\n\t\t});<\/p>\n<p>\/\/\t\tjQuery(\"#bigwordswrapper\").mouseleave(function(){\n\/\/\t\t\tjQuery(\"#bigwordsthumbnail\").hide();\n\/\/\t\t});\n\t});\n<\/script><br \/>\n<\/section>","protected":false},"excerpt":{"rendered":"<p>Growth Markets Gentherm is expanding into growth markets such as two-wheelers, commercial vehicles, furniture and agriculture. These adjacent sectors offer new opportunities to apply our expertise in thermal management, pneumatic comfort technologies and fluid systems. Our focus is on delivering innovative solutions that enhance comfort, performance and everyday experiences across a wide range of applications. [&hellip;]<\/p>","protected":false},"author":1,"featured_media":0,"parent":0,"menu_order":0,"comment_status":"closed","ping_status":"closed","template":"page-templates\/page-white-black-nav.php","meta":{"_acf_changed":false,"footnotes":""},"class_list":["post-6830","page","type-page","status-publish","hentry"],"acf":[],"yoast_head":"<!-- This site is optimized with the Yoast SEO Premium plugin v24.4 (Yoast SEO v26.5) - https:\/\/yoast.com\/wordpress\/plugins\/seo\/ -->\n<title>Growth Markets - Gentherm<\/title>\n<meta name=\"description\" content=\"Innovative thermal, pneumatic and fluid solutions enhancing comfort and performance across emerging growth markets.\" \/>\n<meta name=\"robots\" content=\"index, follow, max-snippet:-1, max-image-preview:large, max-video-preview:-1\" \/>\n<link rel=\"canonical\" href=\"https:\/\/gentherm.com\/de\/growth-markets\/\" \/>\n<meta property=\"og:locale\" content=\"de_DE\" \/>\n<meta property=\"og:type\" content=\"article\" \/>\n<meta property=\"og:title\" content=\"Growth Markets\" \/>\n<meta property=\"og:description\" content=\"Innovative thermal, pneumatic and fluid solutions enhancing comfort and performance across emerging growth markets.\" \/>\n<meta property=\"og:url\" content=\"https:\/\/gentherm.com\/de\/growth-markets\/\" \/>\n<meta property=\"og:site_name\" content=\"Gentherm\" \/>\n<meta property=\"article:publisher\" content=\"https:\/\/www.facebook.com\/Gentherm\" \/>\n<meta property=\"article:modified_time\" content=\"2026-03-11T14:10:16+00:00\" \/>\n<meta name=\"twitter:card\" content=\"summary_large_image\" \/>\n<meta name=\"twitter:site\" content=\"@Gentherm\" \/>\n<meta name=\"twitter:label1\" content=\"Gesch\u00e4tzte Lesezeit\" \/>\n\t<meta name=\"twitter:data1\" content=\"2\u00a0Minuten\" \/>\n<script type=\"application\/ld+json\" class=\"yoast-schema-graph\">{\"@context\":\"https:\/\/schema.org\",\"@graph\":[{\"@type\":\"WebPage\",\"@id\":\"https:\/\/gentherm.com\/en\/growth-markets\/\",\"url\":\"https:\/\/gentherm.com\/en\/growth-markets\/\",\"name\":\"Growth Markets - Gentherm\",\"isPartOf\":{\"@id\":\"https:\/\/gentherm.com\/zh-hans\/#website\"},\"datePublished\":\"2025-10-07T18:34:23+00:00\",\"dateModified\":\"2026-03-11T14:10:16+00:00\",\"description\":\"Innovative thermal, pneumatic and fluid solutions enhancing comfort and performance across emerging growth markets.\",\"breadcrumb\":{\"@id\":\"https:\/\/gentherm.com\/en\/growth-markets\/#breadcrumb\"},\"inLanguage\":\"de\",\"potentialAction\":[{\"@type\":\"ReadAction\",\"target\":[\"https:\/\/gentherm.com\/en\/growth-markets\/\"]}]},{\"@type\":\"BreadcrumbList\",\"@id\":\"https:\/\/gentherm.com\/en\/growth-markets\/#breadcrumb\",\"itemListElement\":[{\"@type\":\"ListItem\",\"position\":1,\"name\":\"Home\",\"item\":\"https:\/\/gentherm.com\/en\/\"},{\"@type\":\"ListItem\",\"position\":2,\"name\":\"Growth Markets\"}]},{\"@type\":\"WebSite\",\"@id\":\"https:\/\/gentherm.com\/zh-hans\/#website\",\"url\":\"https:\/\/gentherm.com\/zh-hans\/\",\"name\":\"Gentherm\",\"description\":\"\",\"publisher\":{\"@id\":\"https:\/\/gentherm.com\/zh-hans\/#organization\"},\"potentialAction\":[{\"@type\":\"SearchAction\",\"target\":{\"@type\":\"EntryPoint\",\"urlTemplate\":\"https:\/\/gentherm.com\/zh-hans\/?s={search_term_string}\"},\"query-input\":{\"@type\":\"PropertyValueSpecification\",\"valueRequired\":true,\"valueName\":\"search_term_string\"}}],\"inLanguage\":\"de\"},{\"@type\":\"Organization\",\"@id\":\"https:\/\/gentherm.com\/zh-hans\/#organization\",\"name\":\"Gentherm\",\"url\":\"https:\/\/gentherm.com\/zh-hans\/\",\"logo\":{\"@type\":\"ImageObject\",\"inLanguage\":\"de\",\"@id\":\"https:\/\/gentherm.com\/zh-hans\/#\/schema\/logo\/image\/\",\"url\":\"https:\/\/gentherm.com\/wp-content\/uploads\/B_Gentherm_Wordmark-7.png\",\"contentUrl\":\"https:\/\/gentherm.com\/wp-content\/uploads\/B_Gentherm_Wordmark-7.png\",\"width\":2293,\"height\":261,\"caption\":\"Gentherm\"},\"image\":{\"@id\":\"https:\/\/gentherm.com\/zh-hans\/#\/schema\/logo\/image\/\"},\"sameAs\":[\"https:\/\/www.facebook.com\/Gentherm\",\"https:\/\/x.com\/Gentherm\",\"https:\/\/www.instagram.com\/gentherminc\/\",\"https:\/\/www.linkedin.com\/company\/2545469\",\"https:\/\/www.youtube.com\/channel\/UCutcYediaV7Jqdj1hyIUp5w\"]}]}<\/script>\n<!-- \/ Yoast SEO Premium plugin. -->","yoast_head_json":{"title":"Growth Markets - Gentherm","description":"Innovative thermal, pneumatic and fluid solutions enhancing comfort and performance across emerging growth markets.","robots":{"index":"index","follow":"follow","max-snippet":"max-snippet:-1","max-image-preview":"max-image-preview:large","max-video-preview":"max-video-preview:-1"},"canonical":"https:\/\/gentherm.com\/de\/growth-markets\/","og_locale":"de_DE","og_type":"article","og_title":"Growth Markets","og_description":"Innovative thermal, pneumatic and fluid solutions enhancing comfort and performance across emerging growth markets.","og_url":"https:\/\/gentherm.com\/de\/growth-markets\/","og_site_name":"Gentherm","article_publisher":"https:\/\/www.facebook.com\/Gentherm","article_modified_time":"2026-03-11T14:10:16+00:00","twitter_card":"summary_large_image","twitter_site":"@Gentherm","twitter_misc":{"Gesch\u00e4tzte Lesezeit":"2\u00a0Minuten"},"schema":{"@context":"https:\/\/schema.org","@graph":[{"@type":"WebPage","@id":"https:\/\/gentherm.com\/en\/growth-markets\/","url":"https:\/\/gentherm.com\/en\/growth-markets\/","name":"Growth Markets - Gentherm","isPartOf":{"@id":"https:\/\/gentherm.com\/zh-hans\/#website"},"datePublished":"2025-10-07T18:34:23+00:00","dateModified":"2026-03-11T14:10:16+00:00","description":"Innovative thermal, pneumatic and fluid solutions enhancing comfort and performance across emerging growth markets.","breadcrumb":{"@id":"https:\/\/gentherm.com\/en\/growth-markets\/#breadcrumb"},"inLanguage":"de","potentialAction":[{"@type":"ReadAction","target":["https:\/\/gentherm.com\/en\/growth-markets\/"]}]},{"@type":"BreadcrumbList","@id":"https:\/\/gentherm.com\/en\/growth-markets\/#breadcrumb","itemListElement":[{"@type":"ListItem","position":1,"name":"Home","item":"https:\/\/gentherm.com\/en\/"},{"@type":"ListItem","position":2,"name":"Growth Markets"}]},{"@type":"WebSite","@id":"https:\/\/gentherm.com\/zh-hans\/#website","url":"https:\/\/gentherm.com\/zh-hans\/","name":"Gentherm","description":"","publisher":{"@id":"https:\/\/gentherm.com\/zh-hans\/#organization"},"potentialAction":[{"@type":"SearchAction","target":{"@type":"EntryPoint","urlTemplate":"https:\/\/gentherm.com\/zh-hans\/?s={search_term_string}"},"query-input":{"@type":"PropertyValueSpecification","valueRequired":true,"valueName":"search_term_string"}}],"inLanguage":"de"},{"@type":"Organization","@id":"https:\/\/gentherm.com\/zh-hans\/#organization","name":"Gentherm","url":"https:\/\/gentherm.com\/zh-hans\/","logo":{"@type":"ImageObject","inLanguage":"de","@id":"https:\/\/gentherm.com\/zh-hans\/#\/schema\/logo\/image\/","url":"https:\/\/gentherm.com\/wp-content\/uploads\/B_Gentherm_Wordmark-7.png","contentUrl":"https:\/\/gentherm.com\/wp-content\/uploads\/B_Gentherm_Wordmark-7.png","width":2293,"height":261,"caption":"Gentherm"},"image":{"@id":"https:\/\/gentherm.com\/zh-hans\/#\/schema\/logo\/image\/"},"sameAs":["https:\/\/www.facebook.com\/Gentherm","https:\/\/x.com\/Gentherm","https:\/\/www.instagram.com\/gentherminc\/","https:\/\/www.linkedin.com\/company\/2545469","https:\/\/www.youtube.com\/channel\/UCutcYediaV7Jqdj1hyIUp5w"]}]}},"_links":{"self":[{"href":"https:\/\/gentherm.com\/de\/wp-json\/wp\/v2\/pages\/6830","targetHints":{"allow":["GET"]}}],"collection":[{"href":"https:\/\/gentherm.com\/de\/wp-json\/wp\/v2\/pages"}],"about":[{"href":"https:\/\/gentherm.com\/de\/wp-json\/wp\/v2\/types\/page"}],"author":[{"embeddable":true,"href":"https:\/\/gentherm.com\/de\/wp-json\/wp\/v2\/users\/1"}],"replies":[{"embeddable":true,"href":"https:\/\/gentherm.com\/de\/wp-json\/wp\/v2\/comments?post=6830"}],"version-history":[{"count":16,"href":"https:\/\/gentherm.com\/de\/wp-json\/wp\/v2\/pages\/6830\/revisions"}],"predecessor-version":[{"id":7751,"href":"https:\/\/gentherm.com\/de\/wp-json\/wp\/v2\/pages\/6830\/revisions\/7751"}],"wp:attachment":[{"href":"https:\/\/gentherm.com\/de\/wp-json\/wp\/v2\/media?parent=6830"}],"curies":[{"name":"wp","href":"https:\/\/api.w.org\/{rel}","templated":true}]}}